{"id":13221,"date":"2023-06-25T09:40:10","date_gmt":"2023-06-25T06:40:10","guid":{"rendered":"https:\/\/shop.bushboats.com\/index.php\/%d0%ba%d0%be%d1%80%d0%b7%d0%b8%d0%bd%d0%b0\/"},"modified":"2023-06-26T09:41:50","modified_gmt":"2023-06-26T06:41:50","slug":"cart","status":"publish","type":"page","link":"https:\/\/shop.bushboats.com\/index.php\/cart\/?lang=ru","title":{"rendered":"\u041a\u043e\u0440\u0437\u0438\u043d\u0430"},"content":{"rendered":"<div class=\"woocommerce\"><div class=\"woocommerce-notices-wrapper\"><\/div><div class=\"wc-empty-cart-message\">\n\t<div class=\"cart-empty woocommerce-info\" role=\"status\">\n\t\tJ\u016bsu grozs \u0161obr\u012bd ir tuk\u0161s.\t<\/div>\n<\/div>\t<p class=\"return-to-shop\">\n\t\t<a class=\"button wc-backward\" href=\"https:\/\/shop.bushboats.com\/index.php\/shop\/\">\n\t\t\tAtgriezties uz veikalu\t\t<\/a>\n\t<\/p>\n<\/div>\n","protected":false},"excerpt":{"rendered":"","protected":false},"author":7,"featured_media":0,"parent":0,"menu_order":0,"comment_status":"closed","ping_status":"closed","template":"","meta":{"footnotes":""},"class_list":["post-13221","page","type-page","status-publish","hentry"],"blocksy_meta":[],"jetpack_sharing_enabled":true,"_links":{"self":[{"href":"https:\/\/shop.bushboats.com\/index.php\/wp-json\/wp\/v2\/pages\/13221","targetHints":{"allow":["GET"]}}],"collection":[{"href":"https:\/\/shop.bushboats.com\/index.php\/wp-json\/wp\/v2\/pages"}],"about":[{"href":"https:\/\/shop.bushboats.com\/index.php\/wp-json\/wp\/v2\/types\/page"}],"author":[{"embeddable":true,"href":"https:\/\/shop.bushboats.com\/index.php\/wp-json\/wp\/v2\/users\/7"}],"replies":[{"embeddable":true,"href":"https:\/\/shop.bushboats.com\/index.php\/wp-json\/wp\/v2\/comments?post=13221"}],"version-history":[{"count":16,"href":"https:\/\/shop.bushboats.com\/index.php\/wp-json\/wp\/v2\/pages\/13221\/revisions"}],"predecessor-version":[{"id":13674,"href":"https:\/\/shop.bushboats.com\/index.php\/wp-json\/wp\/v2\/pages\/13221\/revisions\/13674"}],"wp:attachment":[{"href":"https:\/\/shop.bushboats.com\/index.php\/wp-json\/wp\/v2\/media?parent=13221"}],"curies":[{"name":"wp","href":"https:\/\/api.w.org\/{rel}","templated":true}]}}