{"id":13282,"date":"2023-06-25T09:43:12","date_gmt":"2023-06-25T06:43:12","guid":{"rendered":"https:\/\/shop.bushboats.com\/index.php\/konfidencialitates-politika\/"},"modified":"2025-06-04T21:39:19","modified_gmt":"2025-06-04T18:39:19","slug":"visparigie-lietosanas-noteikumi","status":"publish","type":"page","link":"https:\/\/shop.bushboats.com\/index.php\/visparigie-lietosanas-noteikumi\/","title":{"rendered":"Noteikumi un nosac\u012bjumi"},"content":{"rendered":"\n<p><strong>1. Visp\u0101r\u012bgie lieto\u0161anas noteikumi www.shop.bushboats.com<\/strong><\/p>\n\n\n\n<p>1.1. Pirms SIA &#8220;BUSH Boats&#8221; (re\u0123istr\u0101cijas numurs 40103857931, adrese: Pl\u016bmes 1, Salaspils pagasts, Salaspils novads, LV-2121,\u00a0Latvia) www.shop.bushboats.com, iepaz\u012bties ar \u0161iem lieto\u0161anas noteikumiem (turpm\u0101k &#8211; Noteikumi).<br>1.2. shop.bushboats.com ir SIA &#8220;BUSH Boats&#8221; izveidot\u0101 t\u012bmek\u013ca vietne, kuras t\u012bmek\u013ca vietne ir www.shop.bushboats.com, ar visu taj\u0101 iek\u013cauto inform\u0101ciju un materi\u0101liem.<br>1.3. Apmekl\u0113jot shop.bushboats.com vai izmantojot taj\u0101 sniegto inform\u0101ciju par prec\u0113m un pakalpojumiem, j\u016bs vai j\u016bsu p\u0101rst\u0101vis, kas r\u012bkojas j\u016bsu v\u0101rd\u0101, piekr\u012btat \u0161iem noteikumiem.<br>1.4. Ja nepiekr\u012btat \u0161iem noteikumiem, neapmekl\u0113jiet, nelietojiet un neizmantojiet pakalpojumus un inform\u0101ciju, kas atrodama vietn\u0113 shop.bushboats.com.<br>1.5. L\u016bdzu, \u0146emiet v\u0113r\u0101, ka SIA &#8220;BUSH Boats&#8221; t\u012bmek\u013ca vietn\u0113 shop.bushboats.com ievad\u012bt\u0101s inform\u0101cijas (tostarp personas datu) apstr\u0101des m\u0113r\u0137is ir sniegt taj\u0101 nor\u0101d\u012btos pakalpojumus un pal\u012bdz\u0113t izmantot t\u012bmek\u013ca vietni shop.bushboats.com.<br>1.6. SIA &#8220;BUSH Boats&#8221; ir ties\u012bbas jebkur\u0101 laik\u0101 vienpus\u0113ji main\u012bt t\u012bmek\u013ca vietnes shop.bushboats.com saturu un lieto\u0161anas noteikumus. \u0160\u0101das izmai\u0146as st\u0101jas sp\u0113k\u0101 no br\u012b\u017ea, kad t\u0101s tiek public\u0113tas vietn\u0113 shop.bushboats.com.<br>1.7. Tiek uzskat\u012bts, ka esat izlas\u012bjis un iev\u0113rojat lieto\u0161anas noteikumus br\u012bd\u012b, kad s\u0101kat izmantot shop.bushboats.com vai veicat jebk\u0101das darb\u012bbas \u0161aj\u0101 vietn\u0113. Katra t\u012bmek\u013ca vietnes lietot\u0101ja pien\u0101kums ir regul\u0101ri las\u012bt Noteikumus un nosac\u012bjumus, lai b\u016btu inform\u0113ts par jebk\u0101d\u0101m izmai\u0146\u0101m. Ja nepiekr\u012btat noteikumiem, jums ir aizliegts izmantot \u0161o vietni.<br>1.8. T\u012bmek\u013ca vietnes shop.bushboats.com lietot\u0101jiem ir ties\u012bbas izmantot taj\u0101 pied\u0101v\u0101tos r\u012bkus un pakalpojumus par cenu, kas ir sp\u0113k\u0101 pakalpojuma snieg\u0161anas br\u012bd\u012b. SIA &#8220;BUSH Boats&#8221; ir ties\u012bbas jebkur\u0101 laik\u0101 p\u0113c saviem ieskatiem main\u012bt cenas t\u012bmek\u013ca vietn\u0113 shop.bushboats.com un\/vai izveidot jaunus maksas pakalpojumus.<br>1.9. Lietot\u0101js shop.bushboats.com var ieg\u0101d\u0101ties preces k\u0101 nere\u0123istr\u0113ts lietot\u0101js.<br>1.10. T\u012bmek\u013ca vietnes lietot\u0101js piekr\u012bt sa\u0146emt inform\u0101ciju no t\u012bmek\u013ca vietnes shop.bushboats.com par da\u017e\u0101da veida jaunumiem, kas ir atkar\u012bgi no lietot\u0101ja k\u0101 datu subjekta br\u012bvas un nep\u0101rprotamas piekri\u0161anas (ja vien zi\u0146u nos\u016bt\u012b\u0161anai lietot\u0101jam netiek izmantots cits juridiskais pamats).<br>1.11. SIA &#8220;BUSH Boats&#8221; nav atbild\u012bga par jebk\u0101d\u0101m izmaks\u0101m un zaud\u0113jumiem, kas radu\u0161ies, izmantojot shop.bushboats.com.<br>1.12. Ja Jums rodas \u0161aubas par SIA &#8220;BUSH Boats&#8221; m\u0101jaslap\u0101 shop.bushboats.com eso\u0161o veidlapu aizpild\u012b\u0161anu, l\u016bdzu, sazinieties ar veikalu pa t\u0101lruni +371 27068076.<\/p>\n\n\n\n<p><strong>2. www.shop.bushboats.com pied\u0101v\u0101to pakalpojumu izmanto\u0161ana<\/strong><\/p>\n\n\n\n<p>2.1. Jums vienm\u0113r j\u0101iev\u0113ro vietn\u0113 www.shop.bushboats.com aprakst\u012btie noteikumi un nosac\u012bjumi.<\/p>\n\n\n\n<p>2.2. Visas cenas nor\u0101d\u012btas ar PVN 21%, saska\u0146\u0101 ar Latvijas Republikas likumu.<br>2.3. Neizmantojiet nepareizi inform\u0101ciju, kas atrodama vietn\u0113 www.shop.bushboats.com. J\u016bs varat izmantot vietn\u0113 pied\u0101v\u0101tos pakalpojumus tikai saska\u0146\u0101 ar noteikumiem. SIA &#8220;&#8221;BUSH Boats&#8221; ir ties\u012bbas aptur\u0113t vai p\u0101rtraukt pakalpojumu, ja pas\u016bt\u012bjuma laik\u0101 nav iev\u0113roti shop.bushboats.com lieto\u0161anas noteikumi.<br>2.4. Iesniedzot SIA &#8220;&#8221;BUSH Boats&#8221; piepras\u012bjumu veikt izmai\u0146as nepabeigt\u0101 re\u0123istr\u0113t\u0101 pas\u016bt\u012bjum\u0101, l\u016bdzu, \u0146emiet v\u0113r\u0101, ka izmai\u0146as var veikt, rakstot uz info@bushboats.com no pas\u016bt\u012bjum\u0101 nor\u0101d\u012bt\u0101s e-pasta adreses vai sazinoties ar SIA &#8220;&#8221;BUSH Boats&#8221; pa t\u0101lruni, kas nor\u0101d\u012bts telpas pas\u016bt\u012b\u0161an\u0101. Shop.bushboats.com t\u0101lru\u0146a numurs: +371 27068076.<br>2.5. SIA &#8220;&#8221;BUSH Boats&#8221; ir ties\u012bbas vienpus\u0113ji izbeigt distances l\u012bgumu, ja m\u0101jaslap\u0101 shop.bushboats.com ir k\u013c\u016bdas un\/vai neprecizit\u0101tes pre\u010du cen\u0101s vai aprakstos, pirms tiek ieskait\u012bts maks\u0101jums par attiec\u012bgo preci. Iz\u0146\u0113muma gad\u012bjumos SIA &#8220;&#8221;BUSH Boats&#8221; var izbeigt distances l\u012bgumu, ja distances l\u012bgumu nosl\u0113gusi cita puse, izmantojot viltu vai piespiedu k\u0101rt\u0101; pre\u010du tr\u016bkuma d\u0113\u013c; p\u0101rm\u0113r\u012bgu zaud\u0113jumu d\u0113\u013c, kas radu\u0161ies vienai vai otrai pusei saist\u012bb\u0101 ar nov\u0113lotu samaksu par prec\u0113m, un citos normat\u012bvajos aktos noteiktajos gad\u012bjumos.<br>2.6. Shop.bushboats.com izmanto\u0161ana nenodro\u0161ina \u012bpa\u0161umties\u012bbas uz saturu, kuram jums ir piek\u013cuve. Ir aizliegts izmantot vietn\u0113 shop.bushboats.com ievietot\u0101s inform\u0101cijas saturu, ja vien to nav at\u013c\u0101vis \u0161\u012b satura \u012bpa\u0161nieks vai cit\u0101di nav at\u013cauts ar likumu. \u0160ie Noteikumi neat\u013cauj izmantot nevienu z\u012bmolu vai logo no shop.bushboats.com. Ir aizliegts dz\u0113st, sl\u0113pt vai p\u0101rveidot pazi\u0146ojumus, kas par\u0101d\u0101s vietn\u0113 shop.bushboats.com vai ar t\u0101s starpniec\u012bbu.<br>2.7. T\u012bmek\u013ca vietn\u0113 shop.bushboats.com par\u0101d\u012bto pre\u010du saturs un apraksti, k\u0101 ar\u012b cita inform\u0101cija ir SIA &#8220;&#8221;BUSH Boats&#8221; \u012bpa\u0161ums.<br>2.8. Saist\u012bb\u0101 ar izmantotajiem pakalpojumiem SIA &#8220;&#8221;BUSH Boats&#8221; ir ties\u012bbas s\u016bt\u012bt pazi\u0146ojumus, atg\u0101din\u0101jumus par uzs\u0101ktiem, bet nepabeigtiem pakalpojumiem un citu inform\u0101ciju uz nor\u0101d\u012bto e-pasta adresi, lai uzlabotu pakalpojumu kvalit\u0101ti. SIA &#8220;&#8221;BUSH Boats&#8221; ir ties\u012bbas ar\u012b s\u016bt\u012bt inform\u0101ciju, tostarp tie\u0161os zvanus, par jaunumiem, akcij\u0101m un atlaid\u0113m shop.bushboats.com un no SIA &#8220;&#8221;BUSH Boats&#8221; sadarb\u012bbas partneriem. Jums ir ties\u012bbas atteikties no bi\u013cetenu sa\u0146em\u0161anas, nos\u016btot e-pastu uz \u0161\u0101du adresi: info@bushboats.com.<\/p>\n\n\n\n<p><strong>3. www.shop.bushboats.com ievad\u012bto datu izmanto\u0161ana un konfidencialit\u0101te<\/strong><\/p>\n\n\n\n<p>3.1. SIA &#8220;&#8221;BUSH Boats&#8221; attiec\u012bb\u0101 uz personas datu apstr\u0101di veic visus nepiecie\u0161amos pas\u0101kumus, lai nodro\u0161in\u0101tu datu dro\u0161\u012bbu saska\u0146\u0101 ar Visp\u0101r\u012bgo datu aizsardz\u012bbas regulu EU2016\/679 par fizisku personu aizsardz\u012bbu attiec\u012bb\u0101 uz personas datu apstr\u0101di un \u0161\u0101du datu br\u012bvu apriti. Veicot pas\u016bt\u012bjumu vietn\u0113 shop.bushboats.com, pirc\u0113js piekr\u012bt savu datu apstr\u0101dei, izmanto\u0161anai, re\u0123istr\u0113\u0161anai un glab\u0101\u0161anai kontos saska\u0146\u0101 ar piem\u0113rojamiem ties\u012bbu aktiem.<\/p>\n\n\n\n<p>3.2. Veicot pas\u016bt\u012bjumu vietn\u0113 shop.bushboats.com, pirc\u0113js piekr\u012bt nodot SIA &#8220;&#8221;BUSH Boats&#8221; \u0161\u0101dus personas datus:<br>&#8211; v\u0101rds, uzv\u0101rds, personas kods vai dzim\u0161anas datums;<br>&#8211; adrese, t\u0101lru\u0146a numurs, e-pasta adrese;<br>&#8211; Bankas rekviz\u012bti;<br>&#8211; videoieraksti un att\u0113li;<br>&#8211; datu p\u0101rs\u016bt\u012b\u0161ana. Inform\u0101cija no e-pasta adreses &#8211; v\u0113stules, kas saist\u012btas ar sazi\u0146u starp klientu un uz\u0146\u0113mumu;<br>-Cookies &#8211; apmekl\u0113jot shop.bushboats.com t\u012bmek\u013ca vietni; Ja klients nev\u0113las at\u013caut s\u012bkdat\u0146u izmanto\u0161anu, vi\u0146\u0161 var iestat\u012bt atbilsto\u0161us iestat\u012bjumus sav\u0101 p\u0101rl\u016bkprogramm\u0101. Tom\u0113r \u0161aj\u0101 gad\u012bjum\u0101 vietnes izmanto\u0161ana var b\u016bt ierobe\u017eota.<br>&#8211; Dati, laiks, interneta skat\u012bjumu skaits.<\/p>\n\n\n\n<p>3.3. Vietn\u0113 ieg\u016btie personas dati, kurus pirc\u0113js, ja nepiecie\u0161ams, papildus sniedz p\u0101rdev\u0113jam, tiek izmantoti \u0161\u0101diem m\u0113r\u0137iem:<br>&#8211; p\u0101rdev\u0113js sazin\u0101s ar pirc\u0113ju pa t\u0101lruni vai e-pastu;<br>&#8211; apstr\u0101d\u0101t pirc\u0113ja pas\u016bt\u012bjumu un izpild\u012bt l\u012bgumsaist\u012bbas;<br>&#8211; attiec\u012bg\u0101 nol\u012bguma nosl\u0113g\u0161ana, ja t\u0101ds ir nosl\u0113gts;<br>&#8211; nepiecie\u0161amo dokumentu sagatavo\u0161ana (garantijas karte, l\u012bgums, re\u0123istr\u0101cijas dokumenti u. c.).<br>&#8211; gr\u0101matved\u012bbas p\u0101rskati.<\/p>\n\n\n\n<p><strong>4. S\u012bkfaili<\/strong><\/p>\n\n\n\n<p>4.1. S\u012bkdatnes ir nelieli teksta faili, kas tiek izveidoti un saglab\u0101ti Klienta ier\u012bc\u0113 (dator\u0101, plan\u0161etdator\u0101, mobilaj\u0101 t\u0101lrun\u012b utt.) p\u0113c shop.bushboats.com vietnes apmekl\u0113juma. S\u012bkfaili &#8220;atceras&#8221; lietot\u0101ja preferences un pamatinform\u0101ciju, t\u0101d\u0113j\u0101di uzlabojot shop.bushboats.com vietnes lietojam\u012bbu.<br>4.2. S\u012bkfaili apstr\u0101d\u0101 ierastos lietot\u0101ja paradumus un vietnes lieto\u0161anas v\u0113sturi, diagnostic\u0113 probl\u0113mas un nepiln\u012bbas vietn\u0113, apkopo statistiku par lietot\u0101ja uzved\u012bbu un nodro\u0161ina pilnv\u0113rt\u012bgu vietnes funkcionalit\u0101tes izmanto\u0161anu.<br>4.3. Ja Klients nev\u0113las at\u013caut s\u012bkfailu izmanto\u0161anu, vi\u0146\u0161 to var izdar\u012bt p\u0101rl\u016bkprogrammas iestat\u012bjumos, tom\u0113r t\u0101d\u0101 gad\u012bjum\u0101 vietnes izmanto\u0161ana var b\u016bt iev\u0113rojami ierobe\u017eota un apgr\u016btin\u0101ta. Ier\u012bces p\u0101rl\u016bkprogrammas iestat\u012bjumu sada\u013c\u0101 varat dz\u0113st saglab\u0101t\u0101s s\u012bkdatnes, dz\u0113\u0161ot saglab\u0101to s\u012bkdat\u0146u v\u0113sturi.<br>4.4. shop.bushboats.com izmanto funkcion\u0101l\u0101s, anal\u012btisk\u0101s, rekl\u0101mas un neb\u016btisk\u0101s s\u012bkdatnes.<\/p>\n\n\n\n<p><strong>5. Maks\u0101jumu noteikumi<\/strong><\/p>\n\n\n\n<p>Nor\u0113\u0137inu val\u016bta vietn\u0113 ir euro. Par pirkumu varat samaks\u0101t, izv\u0113loties \u0161\u0101dus maks\u0101jumu veidus:<\/p>\n\n\n\n<ol class=\"wp-block-list\">\n<li>Apl\u016bkojot noraid\u012bto bankas kontu.<\/li>\n\n\n\n<li>Ar bankas karti vai internetbanku, izmantojot Makecommerce.<\/li>\n\n\n\n<li>Ar bankas karti vai internetbanku, izmantojot Paysera.<\/li>\n\n\n\n<li>Izmantojot PayPal.<\/li>\n<\/ol>\n\n\n\n<p>L\u012bgums st\u0101jas sp\u0113k\u0101 p\u0113c veiksm\u012bga maks\u0101juma veik\u0161anas interneta veikala bankas kont\u0101. Ja k\u0101da iemesla d\u0113\u013c pas\u016bt\u012bjumu neb\u016bs iesp\u0113jams izpild\u012bt, pirc\u0113js par to tiks inform\u0113ts un samaks\u0101t\u0101 summa tiks atmaks\u0101ta p\u0113c iesp\u0113jas \u0101tr\u0101k, bet ne v\u0113l\u0101k k\u0101 14 dienu laik\u0101 p\u0113c pazi\u0146ojuma sa\u0146em\u0161anas. Laivu un motorlaivu izgatavo\u0161anas laiks 6-8 ned\u0113\u013cas p\u0113c pas\u016bt\u012bjuma veik\u0161anas pa t\u0101lr. +37127068076 un apmaksas.<\/p>\n\n\n\n<p><strong>6. Garantija<\/strong><\/p>\n\n\n\n<p>Visi produkti, kas ieg\u0101d\u0101ti shop.bushboats.com m\u0101jas lap\u0101, atbilst Latvijas Republikas normat\u012bvajiem aktiem. Preces garantijas termi\u0146\u0161 ir 24 m\u0113ne\u0161i, ta\u010du garantija var b\u016bt ilg\u0101ka par 24 m\u0113ne\u0161iem, ja to atbalsta ra\u017eot\u0101js vai pieg\u0101d\u0101t\u0101js.<\/p>\n\n\n\n<p>Ja garantijas laik\u0101 tiek konstat\u0113ts produkta defekts, saska\u0146\u0101 ar ra\u017eot\u0101ja nosac\u012bjumiem tiks veikts bezmaksas garantijas remonts.<\/p>\n\n\n\n<p>Garantijas laik\u0101, ja nepiecie\u0161ams remonts, prece piln\u0101 komplekt\u0101 j\u0101nog\u0101d\u0101 SIA &#8220;&#8221;BUSH Boats&#8221; veikal\u0101, Pl\u016bmes 1, Salaspils pagasts, Salaspils novads, LV-2121, ar aizpild\u012btu garantijas karti un pre\u010du apmaksu apliecino\u0161iem dokumentiem.<\/p>\n\n\n\n<p>Garantija ir sp\u0113k\u0101 neeso\u0161a, ja:<br>&#8211; ja produkts tika izmantots person\u012bgiem, sadz\u012bves, komerci\u0101liem vai citiem nepie\u013caujamiem m\u0113r\u0137iem;<br>&#8211; ja produkts tika lietots, neiev\u0113rojot lieto\u0161anas instrukcij\u0101 sniegtos br\u012bdin\u0101jumus;<br>&#8211; ja izstr\u0101d\u0101jumam ir nekvalific\u0113ta remonta paz\u012bmes;<br>&#8211; izstr\u0101d\u0101jumu dizaina vai izk\u0101rtojuma izmai\u0146as;<br>&#8211; ja izstr\u0101d\u0101juma s\u0113rijas numurs ir main\u012bts, no\u0146emts vai to nav iesp\u0113jams noteikt.<\/p>\n\n\n\n<p>boj\u0101jumi, kas anul\u0113 garantiju:<br>&#8211; boj\u0101jumi, ko izrais\u012bjusi sve\u0161\u0137erme\u0146u, vielu, \u0161\u0137idrumu, kukai\u0146u iek\u013c\u016b\u0161ana;<br>&#8211; boj\u0101jumiem, ko izraisa dabas katastrofas, ugunsgr\u0113ks, sadz\u012bves ietekme, nejau\u0161a \u0101r\u0113ja ietekme (strauja sprieguma mai\u0146a elektrot\u012bkl\u0101 u. c.) un nelaimes gad\u012bjumi;<br>&#8211; boj\u0101jumi, ko izraisa neatbilst\u012bba elektroener\u0123ijas standartiem, telekomunik\u0101ciju un kabe\u013cu t\u012bkliem un citi \u0101r\u0113ji faktori;<br>&#8211; boj\u0101jumi, ko izrais\u012bju\u0161i nestandarta vai nekvalitat\u012bvi pal\u012bgmateri\u0101li, rezerves da\u013cas, piederumu izmanto\u0161ana.<\/p>\n\n\n\n<p><strong>7. Ties\u012bbas atteikties<\/strong><\/p>\n\n\n\n<p>7.1. Jums ir ties\u012bbas atteikties no \u0161\u012b L\u012bguma 14 (\u010detrpadsmit) dienu laik\u0101, nenor\u0101dot iemeslu. Atteikuma ties\u012bbas neattiecas uz juridisk\u0101m person\u0101m.<br>7.2. Atteikuma ties\u012bbu izmanto\u0161anas termi\u0146\u0161 beidzas 14 dienas no dienas, kad esat ieg\u0101d\u0101jies vai sa\u0146\u0113mis preces, ko veic j\u016bsu nor\u0101d\u012bta tre\u0161\u0101 persona, kas nav p\u0101rvad\u0101t\u0101js.<br>7.3. Izmantojot atsauk\u0161anas ties\u012bbas, jums ir ties\u012bbas p\u0101rbaud\u012bt produktu, lai p\u0101rliecin\u0101tos, ka tas atbilst j\u016bsu vajadz\u012bb\u0101m un v\u0113lm\u0113m. SVAR\u012aGI! Jums ir ties\u012bbas izmantot produktu atteikuma ties\u012bbu period\u0101, cikt\u0101l tas ir nepiecie\u0161ams, lai p\u0101rbaud\u012btu produktu (t\u0101d\u0101 m\u0113r\u0101, k\u0101d\u0101 tas b\u016btu bijis iesp\u0113jams pirms produkta ieg\u0101des parast\u0101 veikal\u0101).<br>7.4. Izmantojot atteikuma ties\u012bbas, j\u016bs esat atbild\u012bgs par to, ka produkts tiek lietots, p\u0101rsniedzot normas, kas paredz\u0113tas t\u0101 test\u0113\u0161anai, par produkta lieto\u0161anu atteikuma ties\u012bbu termi\u0146a laik\u0101, kas nav savienojama ar godpr\u0101t\u012bbu, k\u0101 ar\u012b par produkta v\u0113rt\u012bbu, kvalit\u0101ti un dro\u0161\u012bbu.<br>7.5. Ja nolemjat izmantot ties\u012bbas atteikties un tas nav saist\u012bts ar \u0161\u012b produkta vai pakalpojuma neatbilst\u012bbu l\u012bguma noteikumiem, jums tiks atmaks\u0101tas visas pre\u010du atgrie\u0161anas izmaksas.<br>7.6. Lai izmantotu ties\u012bbas atteikties, jums ir j\u0101inform\u0113 m\u016bs SIA &#8220;&#8221;BUSH Boats&#8221;, juridisk\u0101 adrese, Pl\u016bmes 1, Salaspils pagasts, Salaspils novads, LV-2121,\u00a0Latvia, t\u0101lr: +371 27068076, e-pasts: info@bushboats.com par l\u0113mumu izbeigt \u0161o l\u012bgumu un pieg\u0101d\u0101t preci ne v\u0113l\u0101k k\u0101 14 dienu laik\u0101 p\u0113c pirkuma sa\u0146em\u0161anas.<br>7.7. Atmaks\u0101jam\u0101 nauda tiks atmaks\u0101ta 10 darba dienu laik\u0101.<br>7.8. Nos\u016btot preces uz SIA &#8220;&#8221;BUSH Boats&#8221; veikalu ar kurjerpastu, pirc\u0113js piekr\u012bt pre\u010du vizu\u0101lajam un tehniskajam st\u0101voklim un iepakojumam, ko SIA &#8220;&#8221;BUSH Boats&#8221; vienpus\u0113ji nosaka p\u0113c pre\u010du sa\u0146em\u0161anas. Jebkuras turpm\u0101kas pretenzijas par to, ka t\u0101s nav t\u0101s pa\u0161as, ko vi\u0146\u0161\/vi\u0146a nos\u016bt\u012bja, tiks uzskat\u012btas par nepamatot\u0101m, t\u0101p\u0113c iesak\u0101m atgriezt preces uz nor\u0101d\u012bto adresi: Pl\u016bmes 1, Salaspils pagasts, Salaspils novads, LV-2121.<br>7.9. SIA &#8220;&#8221;BUSH Boats&#8221; patur ties\u012bbas atteikt pirc\u0113jam ties\u012bbas atteikt vai aiztur\u0113t kompens\u0101ciju, ja preces ir lietotas un\/vai boj\u0101tas, ja t\u0101s nav ori\u0123in\u0101laj\u0101 iepakojum\u0101 vai ja to iepakojums ir nopietni boj\u0101ts.<\/p>\n\n\n\n<p><strong>Pat\u0113r\u0113t\u0101js nevar izmantot atteikuma ties\u012bbas<\/strong><\/p>\n\n\n\n<p>Ministru kabineta 2014. gada 20. maija noteikumu Nr. 255 &#8220;Noteikumi par distances l\u012bgumiem&#8221; 22. punkt\u0101 min\u0113tajos gad\u012bjumos, tai skait\u0101, ja:<br>&#8211; produkta vai pakalpojuma cena ir pak\u013cauta finan\u0161u tirgus sv\u0101rst\u012bb\u0101m, kuras p\u0101rdev\u0113js vai pieg\u0101d\u0101t\u0101js nevar kontrol\u0113t un kuras var rasties atmaksas period\u0101;<br>&#8211; produkts ir izgatavots saska\u0146\u0101 ar pat\u0113r\u0113t\u0101ja nor\u0101d\u012bjumiem vai produkts ir skaidri personaliz\u0113ts;<br>&#8211; produkts ir \u0101trboj\u012bgs vai t\u0101 der\u012bguma termi\u0146\u0161 tuvojas beig\u0101m;<br>&#8211; pat\u0113r\u0113t\u0101js ir atv\u0113ris produkta iepakojumu, kuru vesel\u012bbas un higi\u0113nas apsv\u0113rumu d\u0113\u013c nevar atdot atpaka\u013c;<br>&#8211; p\u0113c pieg\u0101des produkts ir sajaukts ar cit\u0101m liet\u0101m p\u0113c t\u0101 \u012bpa\u0161\u012bb\u0101m;<br>&#8211; l\u012bgums tika nosl\u0113gts atkl\u0101t\u0101 izsol\u0113;<\/p>\n","protected":false},"excerpt":{"rendered":"<p>1. Visp\u0101r\u012bgie lieto\u0161anas noteikumi www.shop.bushboats.com 1.1. Pirms SIA &#8220;BUSH Boats&#8221; (re\u0123istr\u0101cijas numurs 40103857931, adrese: Pl\u016bmes 1, Salaspils pagasts, Salaspils novads, LV-2121,\u00a0Latvia) www.shop.bushboats.com, iepaz\u012bties ar \u0161iem lieto\u0161anas noteikumiem (turpm\u0101k &#8211; Noteikumi).1.2. shop.bushboats.com ir SIA &#8220;BUSH Boats&#8221; izveidot\u0101 t\u012bmek\u013ca vietne, kuras t\u012bmek\u013ca vietne ir www.shop.bushboats.com, ar visu taj\u0101 iek\u013cauto inform\u0101ciju un materi\u0101liem.1.3. Apmekl\u0113jot shop.bushboats.com vai izmantojot taj\u0101 [&hellip;]<\/p>\n","protected":false},"author":7,"featured_media":0,"parent":0,"menu_order":0,"comment_status":"closed","ping_status":"closed","template":"","meta":{"footnotes":""},"class_list":["post-13282","page","type-page","status-publish","hentry"],"blocksy_meta":{"styles_descriptor":{"styles":{"desktop":"","tablet":"","mobile":""},"google_fonts":[],"version":6}},"jetpack_sharing_enabled":true,"_links":{"self":[{"href":"https:\/\/shop.bushboats.com\/index.php\/wp-json\/wp\/v2\/pages\/13282","targetHints":{"allow":["GET"]}}],"collection":[{"href":"https:\/\/shop.bushboats.com\/index.php\/wp-json\/wp\/v2\/pages"}],"about":[{"href":"https:\/\/shop.bushboats.com\/index.php\/wp-json\/wp\/v2\/types\/page"}],"author":[{"embeddable":true,"href":"https:\/\/shop.bushboats.com\/index.php\/wp-json\/wp\/v2\/users\/7"}],"replies":[{"embeddable":true,"href":"https:\/\/shop.bushboats.com\/index.php\/wp-json\/wp\/v2\/comments?post=13282"}],"version-history":[{"count":15,"href":"https:\/\/shop.bushboats.com\/index.php\/wp-json\/wp\/v2\/pages\/13282\/revisions"}],"predecessor-version":[{"id":24930,"href":"https:\/\/shop.bushboats.com\/index.php\/wp-json\/wp\/v2\/pages\/13282\/revisions\/24930"}],"wp:attachment":[{"href":"https:\/\/shop.bushboats.com\/index.php\/wp-json\/wp\/v2\/media?parent=13282"}],"curies":[{"name":"wp","href":"https:\/\/api.w.org\/{rel}","templated":true}]}}