{"id":13288,"date":"2023-06-25T09:43:16","date_gmt":"2023-06-25T06:43:16","guid":{"rendered":"https:\/\/shop.bushboats.com\/index.php\/sikfailu-politika\/"},"modified":"2023-06-25T09:43:16","modified_gmt":"2023-06-25T06:43:16","slug":"sikfailu-politika","status":"publish","type":"page","link":"https:\/\/shop.bushboats.com\/index.php\/sikfailu-politika\/","title":{"rendered":"S\u012bkfailu politika"},"content":{"rendered":"\n<p>Lai nodro\u0161in\u0101tu piln\u012bgu shop.bushboats.com vietnes funkcionalit\u0101ti, m\u0113s izmantojam nelielas teksta s\u012bkdatnes, kas saglab\u0101 inform\u0101ciju par lietot\u0101ja darb\u012bbu un pal\u012bdz uzlabot m\u016bsu vietnes darb\u012bbu. \u0160o praksi iev\u0113ro liel\u0101k\u0101 da\u013ca liel\u0101ko interneta resursu. Saska\u0146\u0101 ar Eiropas Direkt\u012bvu 2002\/58\/EK jums ir ties\u012bbas jebkur\u0101 laik\u0101 atsp\u0113jot s\u012bkdat\u0146u izmanto\u0161anu. Ja turpin\u0101t izmantot \u0161o vietni, nemainot noklus\u0113juma iestat\u012bjumus, j\u016bs piekr\u012btat s\u012bkdat\u0146u izmanto\u0161anai vietn\u0113 shop.bushboats.com. Varat las\u012bt vair\u0101k par sp\u0113k\u0101 eso\u0161o Direkt\u012bvu 2002\/58\/EK.<strong> <a href=\"http:\/\/eur-lex.europa.eu\/legal-content\/EN\/TXT\/?qid=1437992692685&amp;uri=CELEX:32002L0058\">\u0161eit.<\/a><\/strong><br\/>T\u0101l\u0101k pied\u0101v\u0101jam inform\u0101ciju par s\u012bkfailu darb\u012bbas specifiku un to, k\u0101 tos var piel\u0101got.<\/p>\n\n<p><strong>Kas ir s\u012bkfaili?<\/strong><\/p>\n\n<p>S\u012bkfaili ir mazi teksta faili, kas saglab\u0101 inform\u0101ciju j\u016bsu datora cietaj\u0101 disk\u0101 vai p\u0101rl\u016bkprogramm\u0101 br\u012bd\u012b, kad apmekl\u0113jat vietni. Tie pal\u012bdz saglab\u0101t j\u016bsu tie\u0161saistes preferences un datus autom\u0101tiskai veidlapu aizpild\u012b\u0161anai. Daudzi s\u012bkfaili tiek autom\u0101tiski dz\u0113sti p\u0113c vietnes aizv\u0113r\u0161anas.<\/p>\n\n<p><strong>K\u0101 m\u0113s varam izmantot s\u012bkfailus:<\/strong><\/p>\n\n<p>Visas m\u016bsu izmantot\u0101s s\u012bkdatnes ir p\u0113c iesp\u0113jas anon\u012bm\u0101kas un tiek izmantotas tikai vietnes kvalit\u0101tes uzlabo\u0161anai un statistikas datu v\u0101k\u0161anai. M\u0113s izmantojam s\u012bkfailus, lai:<br\/>&#8211; nodro\u0161in\u0101t t\u012bmek\u013ca resursa funkcionalit\u0101ti;<br\/>&#8211; vietnes funkcionalit\u0101tes veido\u0161ana atbilsto\u0161i j\u016bsu lietot\u0101ja paradumiem &#8211; tostarp autom\u0101tiska vietnes valodas izv\u0113le, popul\u0101ri mekl\u0113\u0161anas vaic\u0101jumi, iepriek\u0161 apskat\u012btas lapas u. c. .;<br\/>&#8211; v\u0101kt statistikas datus par vietnes apmekl\u0113t\u0101ju pl\u016bsmu &#8211; apmekl\u0113t\u0101ju skaitu, sesiju ilgumu utt.<\/p>\n\n<p><strong>S\u012bkfaili shop.bushboats.com<\/strong><\/p>\n\n<p>Vietn\u0113 ir s\u012bkfaili, kas ir nepiecie\u0161ami vietnes darb\u012bbai; tie \u013cauj vietnei darboties un veikt t\u0101s funkcijas. Pateicoties \u0161iem failiem, varat \u0113rti izmantot vietni, savuk\u0101rt bez \u0161iem failiem vietne var nedarboties pareizi.<br\/>M\u0113s apkopojam un analiz\u0113jam inform\u0101ciju par to, k\u0101 j\u016bs mijiedarbojaties ar vietni, lai uzlabotu vietnes un satura kvalit\u0101ti.<br\/>M\u0101rketinga s\u012bkfaili &#8211; \u0161ie s\u012bkfaili mums ir nepiecie\u0161ami, lai veidotu rekl\u0101mas strat\u0113\u0123iju un r\u0101d\u012btu jums pievilc\u012bg\u0101kas rekl\u0101mas un pied\u0101v\u0101jumus. \u0160im nol\u016bkam tiek izmantoti \u0161\u0101du pakalpojumu s\u012bkfaili: Google, Yandex, Facebook, Adnxs.<\/p>\n\n<p><strong>K\u0101 es varu kontrol\u0113t s\u012bkfailus?<\/strong><\/p>\n\n<p>Ja nepiecie\u0161ams, varat atsp\u0113jot s\u012bkfailu izmanto\u0161anu sav\u0101 p\u0101rl\u016bkprogramm\u0101 un dz\u0113st visus dator\u0101 saglab\u0101tos s\u012bkfailus. Atsl\u0113dzot s\u012bkfailus sav\u0101 p\u0101rl\u016bkprogramm\u0101, da\u017eas vietnes funkcijas un pakalpojumi k\u013c\u016bs neiesp\u0113jami.<\/p>\n\n<p><\/p>\n","protected":false},"excerpt":{"rendered":"<p>Lai nodro\u0161in\u0101tu piln\u012bgu shop.bushboats.com vietnes funkcionalit\u0101ti, m\u0113s izmantojam nelielas teksta s\u012bkdatnes, kas saglab\u0101 inform\u0101ciju par lietot\u0101ja darb\u012bbu un pal\u012bdz uzlabot m\u016bsu vietnes darb\u012bbu. \u0160o praksi iev\u0113ro liel\u0101k\u0101 da\u013ca liel\u0101ko interneta resursu. Saska\u0146\u0101 ar Eiropas Direkt\u012bvu 2002\/58\/EK jums ir ties\u012bbas jebkur\u0101 laik\u0101 atsp\u0113jot s\u012bkdat\u0146u izmanto\u0161anu. Ja turpin\u0101t izmantot \u0161o vietni, nemainot noklus\u0113juma iestat\u012bjumus, j\u016bs piekr\u012btat s\u012bkdat\u0146u [&hellip;]<\/p>\n","protected":false},"author":7,"featured_media":0,"parent":0,"menu_order":0,"comment_status":"closed","ping_status":"closed","template":"","meta":{"footnotes":""},"class_list":["post-13288","page","type-page","status-publish","hentry"],"blocksy_meta":[],"jetpack_sharing_enabled":true,"_links":{"self":[{"href":"https:\/\/shop.bushboats.com\/index.php\/wp-json\/wp\/v2\/pages\/13288","targetHints":{"allow":["GET"]}}],"collection":[{"href":"https:\/\/shop.bushboats.com\/index.php\/wp-json\/wp\/v2\/pages"}],"about":[{"href":"https:\/\/shop.bushboats.com\/index.php\/wp-json\/wp\/v2\/types\/page"}],"author":[{"embeddable":true,"href":"https:\/\/shop.bushboats.com\/index.php\/wp-json\/wp\/v2\/users\/7"}],"replies":[{"embeddable":true,"href":"https:\/\/shop.bushboats.com\/index.php\/wp-json\/wp\/v2\/comments?post=13288"}],"version-history":[{"count":2,"href":"https:\/\/shop.bushboats.com\/index.php\/wp-json\/wp\/v2\/pages\/13288\/revisions"}],"predecessor-version":[{"id":13290,"href":"https:\/\/shop.bushboats.com\/index.php\/wp-json\/wp\/v2\/pages\/13288\/revisions\/13290"}],"wp:attachment":[{"href":"https:\/\/shop.bushboats.com\/index.php\/wp-json\/wp\/v2\/media?parent=13288"}],"curies":[{"name":"wp","href":"https:\/\/api.w.org\/{rel}","templated":true}]}}