{"id":13627,"date":"2023-06-25T18:21:20","date_gmt":"2023-06-25T15:21:20","guid":{"rendered":"https:\/\/shop.bushboats.com\/?page_id=13627"},"modified":"2024-07-02T21:52:31","modified_gmt":"2024-07-02T18:52:31","slug":"piegade","status":"publish","type":"page","link":"https:\/\/shop.bushboats.com\/index.php\/piegade\/","title":{"rendered":"Pieg\u0101de"},"content":{"rendered":"\n<hr class=\"wp-block-separator alignwide has-alpha-channel-opacity\"\/>\n\n\n\n<p>Preces tiks pieg\u0101d\u0101tas 1-7 darba dienu laik\u0101. Maksim\u0101lais pieg\u0101des laiks 20 darba dienas.<\/p>\n\n\n\n<h4 class=\"wp-block-heading\">Pieg\u0101des veidi:<\/h4>\n\n\n\n<ul class=\"wp-block-list\">\n<li><strong>Sa\u0146emt interneta veikal\u0101<\/strong><\/li>\n\n\n\n<li><strong>Uz <strong>Omniva<\/strong><\/strong> <strong>pakom\u0101tiem<\/strong><\/li>\n\n\n\n<li><strong>Ar Omniva kurjeru<\/strong><\/li>\n\n\n\n<li><strong>Uz DPD Pick-up t\u012bkla punktiem<\/strong><\/li>\n\n\n\n<li><strong>Ar DPD kurjeru&nbsp;<\/strong><\/li>\n<\/ul>\n\n\n\n<hr class=\"wp-block-separator alignwide has-alpha-channel-opacity\"\/>\n\n\n\n<h4 class=\"wp-block-heading\">Sa\u0146emt interneta veikal\u0101:<\/h4>\n\n\n\n<p>Sa\u0146emiet preces bez maksas m\u016bsu interneta veikal\u0101: Pl\u016bmes 1, Salaspils pagasts, Salaspils novads, LV-2121. Sa\u0146emot preci pas\u016bt\u012bjumu, j\u0101nor\u0101da pas\u016bt\u012bjuma ID-numurs un j\u0101uzr\u0101da personu apliecino\u0161s dokuments.<\/p>\n\n\n\n<h4 class=\"wp-block-heading\">Pieg\u0101de uz Omniva pakom\u0101tiem:<\/h4>\n\n\n\n<p>Latvij\u0101 un Lietuv\u0101: <strong>2.49\u20ac<\/strong><br>Igaunij\u0101: <strong>3.50\u20ac<\/strong><\/p>\n\n\n\n<ul class=\"wp-block-list\">\n<li>Pieg\u0101des laiki: 00-24<\/li>\n\n\n\n<li>Preces maksim\u0101lais svars &#8211;&nbsp;<strong>30 kg<\/strong><\/li>\n\n\n\n<li>Preces izm\u0113ra ierobe\u017eojumi (Platums x Garums x Augstums) &#8211;&nbsp;Lielais skap\u012btis:&nbsp;38 x 64 x 41cm; Vid\u0113jais skap\u012btis:&nbsp;38 x 64 x 19cm; Mazais skap\u012btis:&nbsp;38 x 64 x 8cm.<\/li>\n\n\n\n<li>Kad J\u016bsu pas\u016bt\u012bt\u0101 prece tiks pieg\u0101d\u0101t\u0101 nor\u0101d\u012btaj\u0101 Omniva sa\u0146em\u0161anas punkt\u0101, J\u016bs sa\u0146emsiet SMS \u012bszi\u0146u ar kodu, kas j\u0101ievada pakom\u0101t\u0101. Pas\u016bt\u012bjums j\u0101iz\u0146em&nbsp;7 dienu laik\u0101.<\/li>\n<\/ul>\n\n\n\n<h4 class=\"wp-block-heading\">Pieg\u0101de ar Omniva kurjeru:<\/h4>\n\n\n\n<p>Latvij\u0101 un Lietuv\u0101: <strong>6.99\u20ac<\/strong><br>Igaunij\u0101: <strong>6.99\u20ac<\/strong><\/p>\n\n\n\n<h4 class=\"wp-block-heading\">Pieg\u0101de uz DPD Pick-up t\u012bkla punktiem:<\/h4>\n\n\n\n<p>Latvij\u0101 un Lietuv\u0101: <strong>2.49\u20ac<\/strong><br>Igaunij\u0101: <strong>3.50\u20ac<\/strong><\/p>\n","protected":false},"excerpt":{"rendered":"<p>Preces tiks pieg\u0101d\u0101tas 1-7 darba dienu laik\u0101. Maksim\u0101lais pieg\u0101des laiks 20 darba dienas. Pieg\u0101des veidi: Sa\u0146emt interneta veikal\u0101: Sa\u0146emiet preces bez maksas m\u016bsu interneta veikal\u0101: Pl\u016bmes 1, Salaspils pagasts, Salaspils novads, LV-2121. Sa\u0146emot preci pas\u016bt\u012bjumu, j\u0101nor\u0101da pas\u016bt\u012bjuma ID-numurs un j\u0101uzr\u0101da personu apliecino\u0161s dokuments. Pieg\u0101de uz Omniva pakom\u0101tiem: Latvij\u0101 un Lietuv\u0101: 2.49\u20acIgaunij\u0101: 3.50\u20ac Pieg\u0101de ar Omniva [&hellip;]<\/p>\n","protected":false},"author":7,"featured_media":0,"parent":0,"menu_order":0,"comment_status":"closed","ping_status":"closed","template":"elementor_theme","meta":{"footnotes":""},"class_list":["post-13627","page","type-page","status-publish","hentry"],"blocksy_meta":{"page_structure_type":"type-4"},"jetpack_sharing_enabled":true,"_links":{"self":[{"href":"https:\/\/shop.bushboats.com\/index.php\/wp-json\/wp\/v2\/pages\/13627","targetHints":{"allow":["GET"]}}],"collection":[{"href":"https:\/\/shop.bushboats.com\/index.php\/wp-json\/wp\/v2\/pages"}],"about":[{"href":"https:\/\/shop.bushboats.com\/index.php\/wp-json\/wp\/v2\/types\/page"}],"author":[{"embeddable":true,"href":"https:\/\/shop.bushboats.com\/index.php\/wp-json\/wp\/v2\/users\/7"}],"replies":[{"embeddable":true,"href":"https:\/\/shop.bushboats.com\/index.php\/wp-json\/wp\/v2\/comments?post=13627"}],"version-history":[{"count":22,"href":"https:\/\/shop.bushboats.com\/index.php\/wp-json\/wp\/v2\/pages\/13627\/revisions"}],"predecessor-version":[{"id":18834,"href":"https:\/\/shop.bushboats.com\/index.php\/wp-json\/wp\/v2\/pages\/13627\/revisions\/18834"}],"wp:attachment":[{"href":"https:\/\/shop.bushboats.com\/index.php\/wp-json\/wp\/v2\/media?parent=13627"}],"curies":[{"name":"wp","href":"https:\/\/api.w.org\/{rel}","templated":true}]}}