{"id":14092,"date":"2023-07-15T12:15:04","date_gmt":"2023-07-15T09:15:04","guid":{"rendered":"https:\/\/shop.bushboats.com\/index.php\/product\/venta-v-270\/"},"modified":"2026-04-23T10:10:43","modified_gmt":"2026-04-23T07:10:43","slug":"venta-v-270","status":"publish","type":"product","link":"https:\/\/shop.bushboats.com\/index.php\/produkts\/venta-v-270\/","title":{"rendered":"BUSH VENTA V-270"},"content":{"rendered":"<div class=\"vc_row wpb_row vc_row-fluid\">\n<div class=\"wpb_column vc_column_container vc_col-sm-12\">\n<div class=\"vc_column-inner\">\n<div class=\"wpb_wrapper\">\n<div class=\"wpb_text_column wpb_content_element \">\n<div class=\"wpb_wrapper\">\n<table id=\"tablepress-12\" class=\"tablepress tablepress-id-12 tablepress-responsive\">\n<tbody>\n<tr class=\"row-2 even\">\n<td class=\"column-1\">Modelis<\/td>\n<td class=\"column-2\">V &#8211; 270<\/td>\n<td class=\"column-3\">V &#8211; 300<\/td>\n<\/tr>\n<tr class=\"row-3 odd\">\n<td class=\"column-1\">Garums, m<\/td>\n<td class=\"column-2\">2,70<\/td>\n<td class=\"column-3\">3,00<\/td>\n<\/tr>\n<tr class=\"row-4 even\">\n<td class=\"column-1\">Platums, m<\/td>\n<td class=\"column-2\">1,06<\/td>\n<td class=\"column-3\">1,40<\/td>\n<\/tr>\n<tr class=\"row-5 odd\">\n<td class=\"column-1\">Kokpita garums, m<\/td>\n<td class=\"column-2\">2,00<\/td>\n<td class=\"column-3\">2,30<\/td>\n<\/tr>\n<tr class=\"row-6 even\">\n<td class=\"column-1\">Kokpita platums, m<\/td>\n<td class=\"column-2\">0,44<\/td>\n<td class=\"column-3\">0,58<\/td>\n<\/tr>\n<tr class=\"row-7 odd\">\n<td class=\"column-1\">Balona diametrs, m<\/td>\n<td class=\"column-2\">0,31<\/td>\n<td class=\"column-3\">0,41<\/td>\n<\/tr>\n<tr class=\"row-8 even\">\n<td class=\"column-1\">Sekciju skaits, gab.<\/td>\n<td class=\"column-2\">2 + dibens<\/td>\n<td class=\"column-3\">2 + dibens<\/td>\n<\/tr>\n<tr class=\"row-9 odd\">\n<td class=\"column-1\">Dibena tips<\/td>\n<td class=\"column-2\">piep\u016b\u0161ams<\/td>\n<td class=\"column-3\">piep\u016b\u0161ams<\/td>\n<\/tr>\n<tr class=\"row-10 even\">\n<td class=\"column-1\">Celtsp\u0113ja, kg<\/td>\n<td class=\"column-2\">210<\/td>\n<td class=\"column-3\">420<\/td>\n<\/tr>\n<tr class=\"row-11 odd\">\n<td class=\"column-1\">Laivas svars, kg<\/td>\n<td class=\"column-2\">21<\/td>\n<td class=\"column-3\">26<\/td>\n<\/tr>\n<tr class=\"row-12 even\">\n<td class=\"column-1\">Pasa\u017eieru skaits, cilv.<\/td>\n<td class=\"column-2\">2<\/td>\n<td class=\"column-3\">3\u00a0+ 1<\/td>\n<\/tr>\n<tr class=\"row-13 odd\">\n<td class=\"column-1\">Dzin\u0113ja maksim\u0101l\u0101 jauda,\u00a0kW\/Zs<\/td>\n<td class=\"column-2\">&#8211;<\/td>\n<td class=\"column-3\">&#8211;<\/td>\n<\/tr>\n<tr class=\"row-14 even\">\n<td class=\"column-1\">Tran\u010da augstums<\/td>\n<td class=\"column-2\">&#8211;<\/td>\n<td class=\"column-3\">&#8211;<\/td>\n<\/tr>\n<tr class=\"row-15 odd\">\n<td class=\"column-1\">Iepakojumu skaits, gab.<\/td>\n<td class=\"column-2\">1<\/td>\n<td class=\"column-3\">1<\/td>\n<\/tr>\n<tr class=\"row-16 even\">\n<td class=\"column-1\">Iepakojuma izm\u0113ri, m<\/td>\n<td class=\"column-2\">1,05 x 0,55 x 0,55<\/td>\n<td class=\"column-3\">1,10 x 0,60 x 0,60<\/td>\n<\/tr>\n<tr class=\"row-17 odd\">\n<td class=\"column-1\">Dizaina kategorija<\/td>\n<td class=\"column-2\">D<\/td>\n<td class=\"column-3\">D<\/td>\n<\/tr>\n<\/tbody>\n<\/table>\n<\/div>\n<\/div>\n<\/div>\n<\/div>\n<\/div>\n<\/div>\n<div class=\"vc_row wpb_row vc_row-fluid\">\n<div class=\"wpb_column vc_column_container vc_col-sm-12\">\n<div class=\"vc_column-inner\">\n<div class=\"wpb_wrapper\">\n<div class=\"wpb_text_column wpb_content_element \">\n<div class=\"wpb_wrapper\">\n<p>Standarta komplekt\u0113\u0161ana:<\/p>\n<ul>\n<li>airi \u2013 2 gab.<\/li>\n<li>s\u0113dekli \u2013 2\u00a0gab.<\/li>\n<li>gaisa s\u016bknis<\/li>\n<li>iepakojums<\/li>\n<li>remonta komplekts<\/li>\n<\/ul>\n<p>* piecu gadu garantija ir laivas materi\u0101lam un balona metin\u0101t\u0101m \u0161uv\u0113m.P\u0101r\u0113j\u0101m deta\u013c\u0101m un materi\u0101liem ir divu gadu garantija.<\/p>\n<\/div>\n<\/div>\n<\/div>\n<\/div>\n<\/div>\n<\/div>\n","protected":false},"excerpt":{"rendered":"<p>Viegla, \u0113rta laiva ar piep\u016b\u0161amo dibenu. Nelielais izm\u0113rs un nelielais svars \u013cauj laivu p\u0101rn\u0113s\u0101t ilg\u0101ku laiku. T\u0101 ir paredz\u0113ta izmanto\u0161anai ezeros, up\u0113s un \u016bdenskr\u0101tuv\u0113s.<\/p>\n","protected":false},"featured_media":12664,"comment_status":"open","ping_status":"closed","template":"","meta":[],"product_brand":[],"product_cat":[50,66],"product_tag":[],"class_list":{"0":"post-14092","1":"product","2":"type-product","3":"status-publish","4":"has-post-thumbnail","6":"product_cat-airu-laivas","7":"product_cat-laivas-bush","9":"first","10":"instock","11":"featured","12":"taxable","13":"shipping-taxable","14":"purchasable","15":"product-type-simple"},"jetpack_sharing_enabled":true,"_links":{"self":[{"href":"https:\/\/shop.bushboats.com\/index.php\/wp-json\/wp\/v2\/product\/14092","targetHints":{"allow":["GET"]}}],"collection":[{"href":"https:\/\/shop.bushboats.com\/index.php\/wp-json\/wp\/v2\/product"}],"about":[{"href":"https:\/\/shop.bushboats.com\/index.php\/wp-json\/wp\/v2\/types\/product"}],"replies":[{"embeddable":true,"href":"https:\/\/shop.bushboats.com\/index.php\/wp-json\/wp\/v2\/comments?post=14092"}],"wp:featuredmedia":[{"embeddable":true,"href":"https:\/\/shop.bushboats.com\/index.php\/wp-json\/wp\/v2\/media\/12664"}],"wp:attachment":[{"href":"https:\/\/shop.bushboats.com\/index.php\/wp-json\/wp\/v2\/media?parent=14092"}],"wp:term":[{"taxonomy":"product_brand","embeddable":true,"href":"https:\/\/shop.bushboats.com\/index.php\/wp-json\/wp\/v2\/product_brand?post=14092"},{"taxonomy":"product_cat","embeddable":true,"href":"https:\/\/shop.bushboats.com\/index.php\/wp-json\/wp\/v2\/product_cat?post=14092"},{"taxonomy":"product_tag","embeddable":true,"href":"https:\/\/shop.bushboats.com\/index.php\/wp-json\/wp\/v2\/product_tag?post=14092"}],"curies":[{"name":"wp","href":"https:\/\/api.w.org\/{rel}","templated":true}]}}