{"id":14094,"date":"2023-07-15T12:15:05","date_gmt":"2023-07-15T09:15:05","guid":{"rendered":"https:\/\/shop.bushboats.com\/index.php\/product\/favorit-pro-f-370\/"},"modified":"2026-04-28T07:04:35","modified_gmt":"2026-04-28T04:04:35","slug":"favorit-pro-f-370","status":"publish","type":"product","link":"https:\/\/shop.bushboats.com\/index.php\/produkts\/favorit-pro-f-370\/","title":{"rendered":"BUSH FAVORIT PRO F-370"},"content":{"rendered":"<div class=\"vc_row wpb_row vc_row-fluid\">\n<div class=\"wpb_column vc_column_container vc_col-sm-12\">\n<div class=\"vc_column-inner\">\n<div class=\"wpb_wrapper\">\n<div class=\"wpb_text_column wpb_content_element \">\n<div class=\"wpb_wrapper\">\n<table id=\"tablepress-29\" class=\"tablepress tablepress-id-29 tablepress-responsive\" style=\"height: 506px;\" width=\"868\">\n<thead>\n<tr class=\"row-1 odd\">\n<th class=\"column-1\">Modelis<\/th>\n<th class=\"column-2\">F &#8211; 370<\/th>\n<th class=\"column-3\">F &#8211; 400<\/th>\n<th class=\"column-4\">F &#8211; 420<\/th>\n<th class=\"column-5\">F &#8211; 470<\/th>\n<\/tr>\n<\/thead>\n<tbody>\n<tr class=\"row-2 even\">\n<td class=\"column-1\">Garums, m<\/td>\n<td class=\"column-2\">3,70<\/td>\n<td class=\"column-3\">4,00<\/td>\n<td class=\"column-4\">4,20<\/td>\n<td class=\"column-5\">4,70<\/td>\n<\/tr>\n<tr class=\"row-3 odd\">\n<td class=\"column-1\">Platums, m<\/td>\n<td class=\"column-2\">1,85<\/td>\n<td class=\"column-3\">1,85<\/td>\n<td class=\"column-4\">2,05<\/td>\n<td class=\"column-5\">2,05<\/td>\n<\/tr>\n<tr class=\"row-4 even\">\n<td class=\"column-1\">Kokpita garums, m<\/td>\n<td class=\"column-2\">2,42<\/td>\n<td class=\"column-3\">2,70<\/td>\n<td class=\"column-4\">2,90<\/td>\n<td class=\"column-5\">3,40<\/td>\n<\/tr>\n<tr class=\"row-5 odd\">\n<td class=\"column-1\">Kokpita platums, m<\/td>\n<td class=\"column-2\">0,85<\/td>\n<td class=\"column-3\">0,85<\/td>\n<td class=\"column-4\">1,05<\/td>\n<td class=\"column-5\">1,05<\/td>\n<\/tr>\n<tr class=\"row-6 even\">\n<td class=\"column-1\">Balona diametrs, m<\/td>\n<td class=\"column-2\">0,50<\/td>\n<td class=\"column-3\">0,50<\/td>\n<td class=\"column-4\">0,50<\/td>\n<td class=\"column-5\">0,50<\/td>\n<\/tr>\n<tr class=\"row-7 odd\">\n<td class=\"column-1\">Sekciju skaits, gab.<\/td>\n<td class=\"column-2\">3 + \u0137\u012blis<\/td>\n<td class=\"column-3\">3 + \u0137\u012blis<\/td>\n<td class=\"column-4\">5 + \u0137\u012blis<\/td>\n<td class=\"column-5\">5 + \u0137\u012blis<\/td>\n<\/tr>\n<tr class=\"row-8 even\">\n<td class=\"column-1\">Dibena tips<\/td>\n<td class=\"column-2\">Ciets finiera kl\u0101js<\/td>\n<td class=\"column-3\">Ciets finiera kl\u0101js<\/td>\n<td class=\"column-4\">Ciets finiera kl\u0101js<\/td>\n<td class=\"column-5\">Ciets finiera kl\u0101js<\/td>\n<\/tr>\n<tr class=\"row-9 odd\">\n<td class=\"column-1\">Celtsp\u0113ja, kg<\/td>\n<td class=\"column-2\">840<\/td>\n<td class=\"column-3\">870<\/td>\n<td class=\"column-4\">904<\/td>\n<td class=\"column-5\">1021<\/td>\n<\/tr>\n<tr class=\"row-10 even\">\n<td class=\"column-1\">Laivas svars, kg<\/td>\n<td class=\"column-2\">83<\/td>\n<td class=\"column-3\">89<\/td>\n<td class=\"column-4\">104<\/td>\n<td class=\"column-5\">116<\/td>\n<\/tr>\n<tr class=\"row-11 odd\">\n<td class=\"column-1\">Pasa\u017eieru skaits, cilv.<\/td>\n<td class=\"column-2\">5<\/td>\n<td class=\"column-3\">6<\/td>\n<td class=\"column-4\">7<\/td>\n<td class=\"column-5\">8<\/td>\n<\/tr>\n<tr class=\"row-12 even\">\n<td class=\"column-1\">Dzin\u0113ja maks. jauda, kW\/Zs<\/td>\n<td class=\"column-2\">18,4\/25<\/td>\n<td class=\"column-3\">22\/30<\/td>\n<td class=\"column-4\">25,7\/35<\/td>\n<td class=\"column-5\">29,4\/40<\/td>\n<\/tr>\n<tr class=\"row-13 odd\">\n<td class=\"column-1\">Tran\u010da augstums<\/td>\n<td class=\"column-2\">S<\/td>\n<td class=\"column-3\">S<\/td>\n<td class=\"column-4\">S<\/td>\n<td class=\"column-5\">S<\/td>\n<\/tr>\n<tr class=\"row-14 even\">\n<td class=\"column-1\">Iepakojumu skaits, gab.<\/td>\n<td class=\"column-2\">2<\/td>\n<td class=\"column-3\">2<\/td>\n<td class=\"column-4\">2<\/td>\n<td class=\"column-5\">2<\/td>\n<\/tr>\n<tr class=\"row-15 odd\">\n<td class=\"column-1\" rowspan=\"2\">Iepakojumu izm\u0113ri, m<\/td>\n<td class=\"column-2\">1,30 x 0,70 x 0,35<\/td>\n<td class=\"column-3\">1,35 x 0,70 x 0,40<\/td>\n<td class=\"column-4\">1,45 x 0,75 x 0,45<\/td>\n<td class=\"column-5\">1,45 x 0,75 x 0,45<\/td>\n<\/tr>\n<tr class=\"row-16 even\">\n<td class=\"column-2\">1,05 x 0,80 x 0,17<\/td>\n<td class=\"column-3\">1,05 x 0,80 x 0,17<\/td>\n<td class=\"column-4\">1,20 x 0,95 x 0,17<\/td>\n<td class=\"column-5\">1,20 x 0,95 x 0,17<\/td>\n<\/tr>\n<tr class=\"row-17 odd\">\n<td class=\"column-1\">Dizaina kategorija<\/td>\n<td class=\"column-2\">C<\/td>\n<td class=\"column-3\">C<\/td>\n<td class=\"column-4\">C<\/td>\n<td class=\"column-5\">C<\/td>\n<\/tr>\n<\/tbody>\n<\/table>\n<\/div>\n<\/div>\n<\/div>\n<\/div>\n<\/div>\n<\/div>\n<div class=\"vc_row wpb_row vc_row-fluid\">\n<div class=\"wpb_column vc_column_container vc_col-sm-12\">\n<div class=\"vc_column-inner\">\n<div class=\"wpb_wrapper\">\n<div class=\"wpb_text_column wpb_content_element \">\n<div class=\"wpb_wrapper\">\n<p>Standarta komplekt\u0113\u0161ana:<\/p>\n<ul>\n<li>airi \u2013 2 gab.<\/li>\n<li>s\u0113dekli \u2013 2\u00a0gab.<\/li>\n<li>gaisa s\u016bknis<\/li>\n<li>iepakojums<\/li>\n<li>remonta komplekts<\/li>\n<\/ul>\n<p>* piecu gadu garantija ir laivas materi\u0101lam un balona metin\u0101t\u0101m \u0161uv\u0113m.P\u0101r\u0113j\u0101m deta\u013c\u0101m un materi\u0101liem ir divu gadu garantija.<\/p>\n<\/div>\n<\/div>\n<\/div>\n<\/div>\n<\/div>\n<\/div>\n","protected":false},"excerpt":{"rendered":"<p>\u0160\u012bs laivas r\u016bd\u012bt\u0101 konstrukcija \u013cauj to izmantot jebkuros ekstr\u0113mos apst\u0101k\u013cos un vid\u0113. Pastiprin\u0101ts audums, piep\u016b\u0161am\u0101 peldsp\u0113jas caurule, kas sadal\u012bta 5 da\u017e\u0101dos nodal\u012bjumos, un paaugstin\u0101ta \u0161\u0137\u0113rssiena iev\u0113rojami palielina \u0161\u012bs laivas &#8220;izdz\u012bvo\u0161anas sp\u0113ju&#8221;. To var izmantot ekstr\u0113m\u0101 vid\u0113 un sare\u017e\u0123\u012btos ekspluat\u0101cijas apst\u0101k\u013cos. Favorit Pro visbie\u017e\u0101k tiek izmantots darbiem atkl\u0101t\u0101 j\u016br\u0101, nir\u0161anai, gl\u0101b\u0113jiem u. c.<\/p>\n","protected":false},"featured_media":12456,"comment_status":"open","ping_status":"closed","template":"","meta":[],"product_brand":[],"product_cat":[66,52],"product_tag":[],"class_list":{"0":"post-14094","1":"product","2":"type-product","3":"status-publish","4":"has-post-thumbnail","6":"product_cat-laivas-bush","7":"product_cat-motorlaivas","9":"first","10":"instock","11":"featured","12":"taxable","13":"shipping-taxable","14":"purchasable","15":"product-type-simple"},"jetpack_sharing_enabled":true,"_links":{"self":[{"href":"https:\/\/shop.bushboats.com\/index.php\/wp-json\/wp\/v2\/product\/14094","targetHints":{"allow":["GET"]}}],"collection":[{"href":"https:\/\/shop.bushboats.com\/index.php\/wp-json\/wp\/v2\/product"}],"about":[{"href":"https:\/\/shop.bushboats.com\/index.php\/wp-json\/wp\/v2\/types\/product"}],"replies":[{"embeddable":true,"href":"https:\/\/shop.bushboats.com\/index.php\/wp-json\/wp\/v2\/comments?post=14094"}],"wp:featuredmedia":[{"embeddable":true,"href":"https:\/\/shop.bushboats.com\/index.php\/wp-json\/wp\/v2\/media\/12456"}],"wp:attachment":[{"href":"https:\/\/shop.bushboats.com\/index.php\/wp-json\/wp\/v2\/media?parent=14094"}],"wp:term":[{"taxonomy":"product_brand","embeddable":true,"href":"https:\/\/shop.bushboats.com\/index.php\/wp-json\/wp\/v2\/product_brand?post=14094"},{"taxonomy":"product_cat","embeddable":true,"href":"https:\/\/shop.bushboats.com\/index.php\/wp-json\/wp\/v2\/product_cat?post=14094"},{"taxonomy":"product_tag","embeddable":true,"href":"https:\/\/shop.bushboats.com\/index.php\/wp-json\/wp\/v2\/product_tag?post=14094"}],"curies":[{"name":"wp","href":"https:\/\/api.w.org\/{rel}","templated":true}]}}