{"id":14106,"date":"2023-07-15T12:15:08","date_gmt":"2023-07-15T09:15:08","guid":{"rendered":"https:\/\/shop.bushboats.com\/index.php\/product\/skat-s-410\/"},"modified":"2026-04-23T10:12:08","modified_gmt":"2026-04-23T07:12:08","slug":"skat-s-410","status":"publish","type":"product","link":"https:\/\/shop.bushboats.com\/index.php\/produkts\/skat-s-410\/","title":{"rendered":"BUSH SKATE S-410"},"content":{"rendered":"<div class=\"vc_row wpb_row vc_row-fluid\">\n<div class=\"wpb_column vc_column_container vc_col-sm-12\">\n<div class=\"vc_column-inner\">\n<div class=\"wpb_wrapper\">\n<div class=\"wpb_text_column wpb_content_element \">\n<div class=\"wpb_wrapper\">\n<table id=\"tablepress-19\" class=\"tablepress tablepress-id-19 tablepress-responsive\" style=\"height: 615px;\" width=\"875\">\n<thead>\n<tr class=\"row-1 odd\">\n<th class=\"column-1\">Modelis<\/th>\n<th class=\"column-2\">S &#8211; 315<\/th>\n<th class=\"column-3\">S &#8211; 350<\/th>\n<th class=\"column-4\">S &#8211; 380<\/th>\n<th class=\"column-5\">S &#8211; 410<\/th>\n<\/tr>\n<\/thead>\n<tbody>\n<tr class=\"row-2 even\">\n<td class=\"column-1\">Garums, m<\/td>\n<td class=\"column-2\">3,15<\/td>\n<td class=\"column-3\">3,50<\/td>\n<td class=\"column-4\">3,80<\/td>\n<td class=\"column-5\">4,10<\/td>\n<\/tr>\n<tr class=\"row-3 odd\">\n<td class=\"column-1\">Platums, m<\/td>\n<td class=\"column-2\">1,48<\/td>\n<td class=\"column-3\">1,66<\/td>\n<td class=\"column-4\">1,90<\/td>\n<td class=\"column-5\">1,90<\/td>\n<\/tr>\n<tr class=\"row-4 even\">\n<td class=\"column-1\">Kokpita garums, m<\/td>\n<td class=\"column-2\">2,02<\/td>\n<td class=\"column-3\">2,37<\/td>\n<td class=\"column-4\">2,53<\/td>\n<td class=\"column-5\">2,78<\/td>\n<\/tr>\n<tr class=\"row-5 odd\">\n<td class=\"column-1\">Kokpita platums, m<\/td>\n<td class=\"column-2\">0,68<\/td>\n<td class=\"column-3\">0,78<\/td>\n<td class=\"column-4\">0,88<\/td>\n<td class=\"column-5\">0,88<\/td>\n<\/tr>\n<tr class=\"row-6 even\">\n<td class=\"column-1\">Balona diametrs, m<\/td>\n<td class=\"column-2\">0,40<\/td>\n<td class=\"column-3\">0,44<\/td>\n<td class=\"column-4\">0,51<\/td>\n<td class=\"column-5\">0,51<\/td>\n<\/tr>\n<tr class=\"row-7 odd\">\n<td class=\"column-1\">Sekciju skaits, gab.<\/td>\n<td class=\"column-2\">3 + \u0137i\u013cis<\/td>\n<td class=\"column-3\">3 + \u0137i\u013cis<\/td>\n<td class=\"column-4\">3 + \u0137i\u013cis<\/td>\n<td class=\"column-5\">3 + \u0137i\u013cis<\/td>\n<\/tr>\n<tr class=\"row-8 even\">\n<td class=\"column-1\">Dibena tips<\/td>\n<td class=\"column-2\">Ciets finiera kl\u0101js<\/td>\n<td class=\"column-3\">Ciets finiera kl\u0101js<\/td>\n<td class=\"column-4\">Ciets finiera kl\u0101js<\/td>\n<td class=\"column-5\">Ciets finiera kl\u0101js<\/td>\n<\/tr>\n<tr class=\"row-9 odd\">\n<td class=\"column-1\">Celtsp\u0113ja, kg<\/td>\n<td class=\"column-2\">475<\/td>\n<td class=\"column-3\">600<\/td>\n<td class=\"column-4\">870<\/td>\n<td class=\"column-5\">950<\/td>\n<\/tr>\n<tr class=\"row-10 even\">\n<td class=\"column-1\">Laivas svars, kg<\/td>\n<td class=\"column-2\">53<\/td>\n<td class=\"column-3\">68<\/td>\n<td class=\"column-4\">79<\/td>\n<td class=\"column-5\">86<\/td>\n<\/tr>\n<tr class=\"row-11 odd\">\n<td class=\"column-1\">Pasa\u017eieru skaits,<br \/>\ncilv.<\/td>\n<td class=\"column-2\">4<\/td>\n<td class=\"column-3\">6<\/td>\n<td class=\"column-4\">6 + 1<\/td>\n<td class=\"column-5\">7<\/td>\n<\/tr>\n<tr class=\"row-12 even\">\n<td class=\"column-1\">Dzin\u0113ja maks. jauda,<br \/>\nkW\/Zs<\/td>\n<td class=\"column-2\">11\/15<\/td>\n<td class=\"column-3\">15\/20<\/td>\n<td class=\"column-4\">18,4\/25<\/td>\n<td class=\"column-5\">22\/30<\/td>\n<\/tr>\n<tr class=\"row-13 odd\">\n<td class=\"column-1\">Tran\u010da augstums<\/td>\n<td class=\"column-2\">S<\/td>\n<td class=\"column-3\">S<\/td>\n<td class=\"column-4\">S<\/td>\n<td class=\"column-5\">S<\/td>\n<\/tr>\n<tr class=\"row-14 even\">\n<td class=\"column-1\">Iepakojumu skaits,<br \/>\ngab.<\/td>\n<td class=\"column-2\">2<\/td>\n<td class=\"column-3\">2<\/td>\n<td class=\"column-4\">2<\/td>\n<td class=\"column-5\">2<\/td>\n<\/tr>\n<tr class=\"row-15 odd\">\n<td class=\"column-1\" rowspan=\"2\">Iepakojumu izm\u0113ri,<br \/>\nm<\/td>\n<td class=\"column-2\">1,05 x 0,65 x 0,30<\/td>\n<td class=\"column-3\">1,20 x 0,65 x 0,40<\/td>\n<td class=\"column-4\">1,30 x 0,70 x 0,40<\/td>\n<td class=\"column-5\">1,40 x 0,70 x 0,45<\/td>\n<\/tr>\n<tr class=\"row-16 even\">\n<td class=\"column-2\">0,85 x 0,70 x 0,10<\/td>\n<td class=\"column-3\">0,95 x 0,70 x 0,10<\/td>\n<td class=\"column-4\">1,05 x 0,75 x 0,10<\/td>\n<td class=\"column-5\">1,05 x 0,80 x 0,10<\/td>\n<\/tr>\n<tr class=\"row-17 odd\">\n<td class=\"column-1\">Dizaina kategorija<\/td>\n<td class=\"column-2\">C<\/td>\n<td class=\"column-3\">C<\/td>\n<td class=\"column-4\">C<\/td>\n<td class=\"column-5\">C<\/td>\n<\/tr>\n<\/tbody>\n<\/table>\n<\/div>\n<\/div>\n<\/div>\n<\/div>\n<\/div>\n<\/div>\n<div class=\"vc_row wpb_row vc_row-fluid\">\n<div class=\"wpb_column vc_column_container vc_col-sm-12\">\n<div class=\"vc_column-inner\">\n<div class=\"wpb_wrapper\">\n<div class=\"wpb_text_column wpb_content_element \">\n<div class=\"wpb_wrapper\">\n<p><em>standarta komplekt\u0113\u0161ana:<\/em><\/p>\n<ul>\n<li><em>airi \u2013 2 gab.<\/em><\/li>\n<li><em>s\u0113dekli \u2013 2\u00a0gab.<\/em><\/li>\n<li><em>gaisa s\u016bknis<\/em><\/li>\n<li><em>iepakojums<\/em><\/li>\n<li><em>remonta komplekts<\/em><\/li>\n<\/ul>\n<p>* piecu gadu garantija ir laivas materi\u0101lam un balona metin\u0101t\u0101m \u0161uv\u0113m.P\u0101r\u0113j\u0101m deta\u013c\u0101m un materi\u0101liem ir divu gadu garantija.<\/p>\n<\/div>\n<\/div>\n<\/div>\n<\/div>\n<\/div>\n<\/div>\n","protected":false},"excerpt":{"rendered":"<p>SKATE ir m\u016bsu uz\u0146\u0113muma lepnums. Lielisks dizains, lieliskas \u016bdens \u012bpa\u0161\u012bbas, r\u016bp\u012bgi p\u0101rdom\u0101ta katra laivas deta\u013ca, prec\u012bzi apr\u0113\u0137in\u0101ts izstr\u0101d\u0101juma izm\u0113rs &#8211; tas viss apmierin\u0101s pat visizv\u0113l\u012bg\u0101ko lietot\u0101ju. Tas ir ar\u012b \u0101tr\u0101kais m\u016bsu ra\u017eotais modelis. T\u0101 ir lieliski sevi pier\u0101d\u012bjusi ezeros un \u016bdenskr\u0101tuv\u0113s, k\u0101 ar\u012b j\u016br\u0101.<\/p>\n","protected":false},"featured_media":13034,"comment_status":"open","ping_status":"closed","template":"","meta":[],"product_brand":[],"product_cat":[66,52],"product_tag":[],"class_list":{"0":"post-14106","1":"product","2":"type-product","3":"status-publish","4":"has-post-thumbnail","6":"product_cat-laivas-bush","7":"product_cat-motorlaivas","9":"first","10":"instock","11":"featured","12":"taxable","13":"shipping-taxable","14":"purchasable","15":"product-type-simple"},"jetpack_sharing_enabled":true,"_links":{"self":[{"href":"https:\/\/shop.bushboats.com\/index.php\/wp-json\/wp\/v2\/product\/14106","targetHints":{"allow":["GET"]}}],"collection":[{"href":"https:\/\/shop.bushboats.com\/index.php\/wp-json\/wp\/v2\/product"}],"about":[{"href":"https:\/\/shop.bushboats.com\/index.php\/wp-json\/wp\/v2\/types\/product"}],"replies":[{"embeddable":true,"href":"https:\/\/shop.bushboats.com\/index.php\/wp-json\/wp\/v2\/comments?post=14106"}],"wp:featuredmedia":[{"embeddable":true,"href":"https:\/\/shop.bushboats.com\/index.php\/wp-json\/wp\/v2\/media\/13034"}],"wp:attachment":[{"href":"https:\/\/shop.bushboats.com\/index.php\/wp-json\/wp\/v2\/media?parent=14106"}],"wp:term":[{"taxonomy":"product_brand","embeddable":true,"href":"https:\/\/shop.bushboats.com\/index.php\/wp-json\/wp\/v2\/product_brand?post=14106"},{"taxonomy":"product_cat","embeddable":true,"href":"https:\/\/shop.bushboats.com\/index.php\/wp-json\/wp\/v2\/product_cat?post=14106"},{"taxonomy":"product_tag","embeddable":true,"href":"https:\/\/shop.bushboats.com\/index.php\/wp-json\/wp\/v2\/product_tag?post=14106"}],"curies":[{"name":"wp","href":"https:\/\/api.w.org\/{rel}","templated":true}]}}