{"id":14157,"date":"2023-07-15T12:15:21","date_gmt":"2023-07-15T09:15:21","guid":{"rendered":"https:\/\/shop.bushboats.com\/index.php\/product\/aizmugurejais-skerssijas-paliktnis-saplaksnis\/"},"modified":"2024-01-02T23:46:17","modified_gmt":"2024-01-02T21:46:17","slug":"aizmugurejais-skerssijas-paliktnis-saplaksnis","status":"publish","type":"product","link":"https:\/\/shop.bushboats.com\/index.php\/produkts\/aizmugurejais-skerssijas-paliktnis-saplaksnis\/","title":{"rendered":"Aizmugur\u0113jais motora plate 300 x 250 (sapl\u0101ksnis)"},"content":{"rendered":"<p>Izm\u0113rs: 300x250x 12 mm<\/p>\n<p>Pielieto gan iek\u0161pus\u0113, gan \u0101rpus\u0113<\/p>\n","protected":false},"excerpt":{"rendered":"<p>Izm\u0113rs: 300x250x 12 mm Pielieto gan iek\u0161pus\u0113, gan \u0101rpus\u0113<\/p>\n","protected":false},"featured_media":12870,"comment_status":"closed","ping_status":"closed","template":"","meta":[],"product_brand":[],"product_cat":[54,679],"product_tag":[],"class_list":{"0":"post-14157","1":"product","2":"type-product","3":"status-publish","4":"has-post-thumbnail","6":"product_cat-accessories","7":"product_cat-tranca-aprikojums","9":"first","10":"instock","11":"taxable","12":"shipping-taxable","13":"purchasable","14":"product-type-simple"},"jetpack_sharing_enabled":true,"_links":{"self":[{"href":"https:\/\/shop.bushboats.com\/index.php\/wp-json\/wp\/v2\/product\/14157","targetHints":{"allow":["GET"]}}],"collection":[{"href":"https:\/\/shop.bushboats.com\/index.php\/wp-json\/wp\/v2\/product"}],"about":[{"href":"https:\/\/shop.bushboats.com\/index.php\/wp-json\/wp\/v2\/types\/product"}],"replies":[{"embeddable":true,"href":"https:\/\/shop.bushboats.com\/index.php\/wp-json\/wp\/v2\/comments?post=14157"}],"wp:featuredmedia":[{"embeddable":true,"href":"https:\/\/shop.bushboats.com\/index.php\/wp-json\/wp\/v2\/media\/12870"}],"wp:attachment":[{"href":"https:\/\/shop.bushboats.com\/index.php\/wp-json\/wp\/v2\/media?parent=14157"}],"wp:term":[{"taxonomy":"product_brand","embeddable":true,"href":"https:\/\/shop.bushboats.com\/index.php\/wp-json\/wp\/v2\/product_brand?post=14157"},{"taxonomy":"product_cat","embeddable":true,"href":"https:\/\/shop.bushboats.com\/index.php\/wp-json\/wp\/v2\/product_cat?post=14157"},{"taxonomy":"product_tag","embeddable":true,"href":"https:\/\/shop.bushboats.com\/index.php\/wp-json\/wp\/v2\/product_tag?post=14157"}],"curies":[{"name":"wp","href":"https:\/\/api.w.org\/{rel}","templated":true}]}}