{"id":14172,"date":"2023-07-15T12:15:24","date_gmt":"2023-07-15T09:15:24","guid":{"rendered":"https:\/\/shop.bushboats.com\/index.php\/product\/prieksejais-skerssijas-spilventins-plastmasas\/"},"modified":"2024-01-10T14:34:41","modified_gmt":"2024-01-10T12:34:41","slug":"prieksejais-skerssijas-spilventins-plastmasas","status":"publish","type":"product","link":"https:\/\/shop.bushboats.com\/index.php\/produkts\/prieksejais-skerssijas-spilventins-plastmasas\/","title":{"rendered":"IEK\u0160\u0112J\u0100 MOTORA PLATE (plastmasas)"},"content":{"rendered":"<p>Izm\u0113ri: 302x92x7.5 mm<\/p>\n","protected":false},"excerpt":{"rendered":"<p>Izm\u0113ri: 302x92x7.5 mm<\/p>\n","protected":false},"featured_media":13162,"comment_status":"closed","ping_status":"closed","template":"","meta":[],"product_brand":[],"product_cat":[54,679],"product_tag":[],"class_list":{"0":"post-14172","1":"product","2":"type-product","3":"status-publish","4":"has-post-thumbnail","6":"product_cat-accessories","7":"product_cat-tranca-aprikojums","9":"first","10":"instock","11":"taxable","12":"shipping-taxable","13":"purchasable","14":"product-type-simple"},"jetpack_sharing_enabled":true,"_links":{"self":[{"href":"https:\/\/shop.bushboats.com\/index.php\/wp-json\/wp\/v2\/product\/14172","targetHints":{"allow":["GET"]}}],"collection":[{"href":"https:\/\/shop.bushboats.com\/index.php\/wp-json\/wp\/v2\/product"}],"about":[{"href":"https:\/\/shop.bushboats.com\/index.php\/wp-json\/wp\/v2\/types\/product"}],"replies":[{"embeddable":true,"href":"https:\/\/shop.bushboats.com\/index.php\/wp-json\/wp\/v2\/comments?post=14172"}],"wp:featuredmedia":[{"embeddable":true,"href":"https:\/\/shop.bushboats.com\/index.php\/wp-json\/wp\/v2\/media\/13162"}],"wp:attachment":[{"href":"https:\/\/shop.bushboats.com\/index.php\/wp-json\/wp\/v2\/media?parent=14172"}],"wp:term":[{"taxonomy":"product_brand","embeddable":true,"href":"https:\/\/shop.bushboats.com\/index.php\/wp-json\/wp\/v2\/product_brand?post=14172"},{"taxonomy":"product_cat","embeddable":true,"href":"https:\/\/shop.bushboats.com\/index.php\/wp-json\/wp\/v2\/product_cat?post=14172"},{"taxonomy":"product_tag","embeddable":true,"href":"https:\/\/shop.bushboats.com\/index.php\/wp-json\/wp\/v2\/product_tag?post=14172"}],"curies":[{"name":"wp","href":"https:\/\/api.w.org\/{rel}","templated":true}]}}