{"id":14176,"date":"2023-07-15T12:15:25","date_gmt":"2023-07-15T09:15:25","guid":{"rendered":"https:\/\/shop.bushboats.com\/index.php\/product\/kaju-suknis-bravo-gp5\/"},"modified":"2025-09-03T10:53:10","modified_gmt":"2025-09-03T07:53:10","slug":"kaju-suknis-bravo-gp5","status":"publish","type":"product","link":"https:\/\/shop.bushboats.com\/index.php\/produkts\/kaju-suknis-bravo-gp5\/","title":{"rendered":"K\u0101ju s\u016bknis GP5"},"content":{"rendered":"<p>Augstas veiktsp\u0113jas k\u0101ju\u00a0pumpis<br \/>\nDarb\u012bb\u0101 lietas, kas pieejamas visbie\u017e\u0101k sastopamajiem v\u0101rstiem<\/p>\n<p>Izm\u0113ri: 29 x 22 x 8 cm<br \/>\nMaks. Spiediens: 400 mbar (5,8 psi)<br \/>\nTilpums: 5L<\/p>\n","protected":false},"excerpt":{"rendered":"<p>Augstas veiktsp\u0113jas k\u0101ju\u00a0pumpis Darb\u012bb\u0101 lietas, kas pieejamas visbie\u017e\u0101k sastopamajiem v\u0101rstiem Izm\u0113ri: 29 x 22 x 8 cm Maks. Spiediens: 400 mbar (5,8 psi) Tilpums: 5L<\/p>\n","protected":false},"featured_media":18656,"comment_status":"closed","ping_status":"closed","template":"","meta":[],"product_brand":[],"product_cat":[54,676],"product_tag":[],"class_list":{"0":"post-14176","1":"product","2":"type-product","3":"status-publish","4":"has-post-thumbnail","6":"product_cat-accessories","7":"product_cat-sukni-un-piederumi","9":"first","10":"instock","11":"taxable","12":"shipping-taxable","13":"purchasable","14":"product-type-simple"},"jetpack_sharing_enabled":true,"_links":{"self":[{"href":"https:\/\/shop.bushboats.com\/index.php\/wp-json\/wp\/v2\/product\/14176","targetHints":{"allow":["GET"]}}],"collection":[{"href":"https:\/\/shop.bushboats.com\/index.php\/wp-json\/wp\/v2\/product"}],"about":[{"href":"https:\/\/shop.bushboats.com\/index.php\/wp-json\/wp\/v2\/types\/product"}],"replies":[{"embeddable":true,"href":"https:\/\/shop.bushboats.com\/index.php\/wp-json\/wp\/v2\/comments?post=14176"}],"wp:featuredmedia":[{"embeddable":true,"href":"https:\/\/shop.bushboats.com\/index.php\/wp-json\/wp\/v2\/media\/18656"}],"wp:attachment":[{"href":"https:\/\/shop.bushboats.com\/index.php\/wp-json\/wp\/v2\/media?parent=14176"}],"wp:term":[{"taxonomy":"product_brand","embeddable":true,"href":"https:\/\/shop.bushboats.com\/index.php\/wp-json\/wp\/v2\/product_brand?post=14176"},{"taxonomy":"product_cat","embeddable":true,"href":"https:\/\/shop.bushboats.com\/index.php\/wp-json\/wp\/v2\/product_cat?post=14176"},{"taxonomy":"product_tag","embeddable":true,"href":"https:\/\/shop.bushboats.com\/index.php\/wp-json\/wp\/v2\/product_tag?post=14176"}],"curies":[{"name":"wp","href":"https:\/\/api.w.org\/{rel}","templated":true}]}}