{"id":14178,"date":"2023-07-15T12:15:25","date_gmt":"2023-07-15T09:15:25","guid":{"rendered":"https:\/\/shop.bushboats.com\/index.php\/product\/stienu-aizbazni-paris\/"},"modified":"2026-04-16T09:04:06","modified_gmt":"2026-04-16T06:04:06","slug":"stienu-aizbazni-paris","status":"publish","type":"product","link":"https:\/\/shop.bushboats.com\/index.php\/produkts\/stienu-aizbazni-paris\/","title":{"rendered":"Stie\u0146u aizb\u0101\u017e\u0146i (p\u0101ris)"},"content":{"rendered":"<p>2 gabali<\/p>\n","protected":false},"excerpt":{"rendered":"<p>2 gabali<\/p>\n","protected":false},"featured_media":12574,"comment_status":"closed","ping_status":"closed","template":"","meta":[],"product_brand":[],"product_cat":[54,670],"product_tag":[],"class_list":{"0":"post-14178","1":"product","2":"type-product","3":"status-publish","4":"has-post-thumbnail","6":"product_cat-accessories","7":"product_cat-piepusamo-laivu-aksesuari","9":"first","10":"instock","11":"taxable","12":"shipping-taxable","13":"purchasable","14":"product-type-simple"},"jetpack_sharing_enabled":true,"_links":{"self":[{"href":"https:\/\/shop.bushboats.com\/index.php\/wp-json\/wp\/v2\/product\/14178","targetHints":{"allow":["GET"]}}],"collection":[{"href":"https:\/\/shop.bushboats.com\/index.php\/wp-json\/wp\/v2\/product"}],"about":[{"href":"https:\/\/shop.bushboats.com\/index.php\/wp-json\/wp\/v2\/types\/product"}],"replies":[{"embeddable":true,"href":"https:\/\/shop.bushboats.com\/index.php\/wp-json\/wp\/v2\/comments?post=14178"}],"wp:featuredmedia":[{"embeddable":true,"href":"https:\/\/shop.bushboats.com\/index.php\/wp-json\/wp\/v2\/media\/12574"}],"wp:attachment":[{"href":"https:\/\/shop.bushboats.com\/index.php\/wp-json\/wp\/v2\/media?parent=14178"}],"wp:term":[{"taxonomy":"product_brand","embeddable":true,"href":"https:\/\/shop.bushboats.com\/index.php\/wp-json\/wp\/v2\/product_brand?post=14178"},{"taxonomy":"product_cat","embeddable":true,"href":"https:\/\/shop.bushboats.com\/index.php\/wp-json\/wp\/v2\/product_cat?post=14178"},{"taxonomy":"product_tag","embeddable":true,"href":"https:\/\/shop.bushboats.com\/index.php\/wp-json\/wp\/v2\/product_tag?post=14178"}],"curies":[{"name":"wp","href":"https:\/\/api.w.org\/{rel}","templated":true}]}}