{"id":14193,"date":"2023-07-15T12:15:33","date_gmt":"2023-07-15T09:15:33","guid":{"rendered":"https:\/\/shop.bushboats.com\/index.php\/product\/kaiman-r-360\/"},"modified":"2026-03-22T21:42:30","modified_gmt":"2026-03-22T19:42:30","slug":"kaiman-r-360","status":"publish","type":"product","link":"https:\/\/shop.bushboats.com\/index.php\/produkts\/kaiman-r-360\/","title":{"rendered":"BUSH KAIMAN R-360"},"content":{"rendered":"<div class=\"vc_row wpb_row vc_row-fluid\">\n<div class=\"wpb_column vc_column_container vc_col-sm-12\">\n<div class=\"vc_column-inner\">\n<div class=\"wpb_wrapper\">\n<div class=\"wpb_text_column wpb_content_element \">\n<div class=\"wpb_wrapper\">\n<table id=\"tablepress-42\" class=\"tablepress tablepress-id-42 tablepress-responsive\" style=\"height: 494px;\" width=\"1111\">\n<thead>\n<tr class=\"row-1 odd\">\n<th class=\"column-1\">Modelis<\/th>\n<th class=\"column-2\">R &#8211; 280<\/th>\n<th class=\"column-3\">R &#8211; 300<\/th>\n<th class=\"column-4\">R &#8211; 330<\/th>\n<th class=\"column-5\">R &#8211; 360<\/th>\n<th class=\"column-6\">R &#8211; 400<\/th>\n<\/tr>\n<\/thead>\n<tbody>\n<tr class=\"row-2 even\">\n<td class=\"column-1\">Garums, m<\/td>\n<td class=\"column-2\">2,80<\/td>\n<td class=\"column-3\">3,00<\/td>\n<td class=\"column-4\">3,30<\/td>\n<td class=\"column-5\">3,60<\/td>\n<td class=\"column-6\">4,00<\/td>\n<\/tr>\n<tr class=\"row-3 odd\">\n<td class=\"column-1\">Platums, m<\/td>\n<td class=\"column-2\">1.54<\/td>\n<td class=\"column-3\">1.54<\/td>\n<td class=\"column-4\">1,54<\/td>\n<td class=\"column-5\">1,74<\/td>\n<td class=\"column-6\">1,98<\/td>\n<\/tr>\n<tr class=\"row-4 even\">\n<td class=\"column-1\">Kokpita garums, m<\/td>\n<td class=\"column-2\">1,85<\/td>\n<td class=\"column-3\">2,05<\/td>\n<td class=\"column-4\">2,29<\/td>\n<td class=\"column-5\">2,50<\/td>\n<td class=\"column-6\">2,88<\/td>\n<\/tr>\n<tr class=\"row-5 odd\">\n<td class=\"column-1\">Kokpita platums, m<\/td>\n<td class=\"column-2\">0,68<\/td>\n<td class=\"column-3\">0,68<\/td>\n<td class=\"column-4\">0,68<\/td>\n<td class=\"column-5\">0,78<\/td>\n<td class=\"column-6\">0,92<\/td>\n<\/tr>\n<tr class=\"row-6 even\">\n<td class=\"column-1\">Balona diametrs,m<\/td>\n<td class=\"column-2\">0,43<\/td>\n<td class=\"column-3\">0,43<\/td>\n<td class=\"column-4\">0,43<\/td>\n<td class=\"column-5\">0,48<\/td>\n<td class=\"column-6\">0,53<\/td>\n<\/tr>\n<tr class=\"row-7 odd\">\n<td class=\"column-1\">Sekciju skaits, gab.<\/td>\n<td class=\"column-2\">3 + \u0137\u012blis<\/td>\n<td class=\"column-3\">3 + \u0137\u012blis<\/td>\n<td class=\"column-4\">3 + \u0137\u012blis<\/td>\n<td class=\"column-5\">3 + \u0137\u012blis<\/td>\n<td class=\"column-6\">3 + \u0137\u012blis<\/td>\n<\/tr>\n<tr class=\"row-8 even\">\n<td class=\"column-1\">Dibena tips<\/td>\n<td class=\"column-2\">Ciets finiera kl\u0101js<\/td>\n<td class=\"column-3\">Ciets finiera kl\u0101js<\/td>\n<td class=\"column-4\">Ciets finiera kl\u0101js<\/td>\n<td class=\"column-5\">Ciets finiera kl\u0101js<\/td>\n<td class=\"column-6\">Ciets finiera kl\u0101js<\/td>\n<\/tr>\n<tr class=\"row-9 odd\">\n<td class=\"column-1\">Celtsp\u0113ja, kg<\/td>\n<td class=\"column-2\">380<\/td>\n<td class=\"column-3\">460<\/td>\n<td class=\"column-4\">580<\/td>\n<td class=\"column-5\">750<\/td>\n<td class=\"column-6\">1000<\/td>\n<\/tr>\n<tr class=\"row-10 even\">\n<td class=\"column-1\">Laivas svars, kg<\/td>\n<td class=\"column-2\">48<\/td>\n<td class=\"column-3\">55<\/td>\n<td class=\"column-4\">58<\/td>\n<td class=\"column-5\">69<\/td>\n<td class=\"column-6\">85<\/td>\n<\/tr>\n<tr class=\"row-11 odd\">\n<td class=\"column-1\">Pasa\u017eieru skaits, cilv.<\/td>\n<td class=\"column-2\">3<\/td>\n<td class=\"column-3\">4<\/td>\n<td class=\"column-4\">5<\/td>\n<td class=\"column-5\">5 + 1<\/td>\n<td class=\"column-6\">7<\/td>\n<\/tr>\n<tr class=\"row-12 even\">\n<td class=\"column-1\">Dzin\u0113ja maks. jauda, kW\/Zs<\/td>\n<td class=\"column-2\">7,3\/9,9<\/td>\n<td class=\"column-3\">11\/15<\/td>\n<td class=\"column-4\">15\/20<\/td>\n<td class=\"column-5\">18,4\/25<\/td>\n<td class=\"column-6\">22\/30<\/td>\n<\/tr>\n<tr class=\"row-13 odd\">\n<td class=\"column-1\">Tran\u010da augstums<\/td>\n<td class=\"column-2\">S<\/td>\n<td class=\"column-3\">S<\/td>\n<td class=\"column-4\">S<\/td>\n<td class=\"column-5\">S<\/td>\n<td class=\"column-6\">S<\/td>\n<\/tr>\n<tr class=\"row-14 even\">\n<td class=\"column-1\">Iepakojumu skaits, gab.<\/td>\n<td class=\"column-2\">2<\/td>\n<td class=\"column-3\">2<\/td>\n<td class=\"column-4\">2<\/td>\n<td class=\"column-5\">2<\/td>\n<td class=\"column-6\">2<\/td>\n<\/tr>\n<tr class=\"row-15 odd\">\n<td class=\"column-1\" rowspan=\"2\">Iepakojumu izm\u0113ri, m<\/td>\n<td class=\"column-2\">1,10 x 0,64 x 0,35<\/td>\n<td class=\"column-3\">1,10 x 0,64 x 0,35<\/td>\n<td class=\"column-4\">1,10 x 0,70 x 0,35<\/td>\n<td class=\"column-5\">1,15 x 0,60 x 0,40<\/td>\n<td class=\"column-6\">1,25 x 0,70 x 0,38<\/td>\n<\/tr>\n<tr class=\"row-16 even\">\n<td class=\"column-2\">0,85 x 0,65 x 0,10<\/td>\n<td class=\"column-3\">0,85 x 0,65 x 0,10<\/td>\n<td class=\"column-4\">0,80 x 0,70 x 0,10<\/td>\n<td class=\"column-5\">0,95 x 0,75 x 0,10<\/td>\n<td class=\"column-6\">1,00 x 0,80 x 0,10<\/td>\n<\/tr>\n<tr class=\"row-17 odd\">\n<td class=\"column-1\">Dizaina kategorija<\/td>\n<td class=\"column-2\">C<\/td>\n<td class=\"column-3\">C<\/td>\n<td class=\"column-4\">C<\/td>\n<td class=\"column-5\">C<\/td>\n<td class=\"column-6\">C<\/td>\n<\/tr>\n<\/tbody>\n<\/table>\n<\/div>\n<\/div>\n<\/div>\n<\/div>\n<\/div>\n<\/div>\n<div class=\"vc_row wpb_row vc_row-fluid\">\n<div class=\"wpb_column vc_column_container vc_col-sm-12\">\n<div class=\"vc_column-inner\">\n<div class=\"wpb_wrapper\">\n<div class=\"wpb_text_column wpb_content_element \">\n<div class=\"wpb_wrapper\">\n<p><em>standarta komplekt\u0113\u0161ana:<\/em><\/p>\n<ul>\n<li><em>airi \u2013 2 gab.<\/em><\/li>\n<li><em>s\u0113dekli \u2013 2\u00a0gab.<\/em><\/li>\n<li><em>gaisa s\u016bknis<\/em><\/li>\n<li><em>iepakojums<\/em><\/li>\n<li><em>remonta komplekts<\/em><\/li>\n<\/ul>\n<p>* Piecu gadu garantija attiecas uz materi\u0101lu, no kura izgatavota laiva un balona metin\u0101t\u0101m \u0161uv\u0113m. Cit\u0101m deta\u013c\u0101m un materi\u0101liem garantija ir 2 gadi.<\/p>\n<\/div>\n<\/div>\n<\/div>\n<\/div>\n<\/div>\n<\/div>\n","protected":false},"excerpt":{"rendered":"<p>Le\u0123end\u0101r\u0101 laiva KAIMAN ir piep\u016b\u0161am\u0101s motorlaivas etalons.<br \/>\nIzgatavots saska\u0146\u0101 ar piep\u016b\u0161amo motorlaivu konstru\u0113\u0161anas pamatprincipiem, tas uzr\u0101d\u012bja optim\u0101lus \u0101truma un peldsp\u0113jas r\u0101d\u012bt\u0101jus, kas ir nep\u0101rsp\u0113ti l\u012bdz pat \u0161ai dienai.<br \/>\nPiep\u016b\u0161am\u0101s laivas KAIMAN \u0101tras kont\u016bras un main\u012bgs diametrs, augstas kvalit\u0101tes materi\u0101li un uzticamas sast\u0101vda\u013cas &#8211; t\u0101s ir nemain\u012bgas piep\u016b\u0161am\u0101s laivas KAIMAN paz\u012bmes.<br \/>\nPiep\u016b\u0161am\u0101 motorlaiva KAIMAN &#8211; vienm\u0113r pareiz\u0101 izv\u0113le.<\/p>\n","protected":false},"featured_media":13178,"comment_status":"open","ping_status":"closed","template":"","meta":[],"product_brand":[],"product_cat":[66,52],"product_tag":[],"class_list":{"0":"post-14193","1":"product","2":"type-product","3":"status-publish","4":"has-post-thumbnail","6":"product_cat-laivas-bush","7":"product_cat-motorlaivas","9":"first","10":"instock","11":"featured","12":"taxable","13":"shipping-taxable","14":"purchasable","15":"product-type-simple"},"jetpack_sharing_enabled":true,"_links":{"self":[{"href":"https:\/\/shop.bushboats.com\/index.php\/wp-json\/wp\/v2\/product\/14193","targetHints":{"allow":["GET"]}}],"collection":[{"href":"https:\/\/shop.bushboats.com\/index.php\/wp-json\/wp\/v2\/product"}],"about":[{"href":"https:\/\/shop.bushboats.com\/index.php\/wp-json\/wp\/v2\/types\/product"}],"replies":[{"embeddable":true,"href":"https:\/\/shop.bushboats.com\/index.php\/wp-json\/wp\/v2\/comments?post=14193"}],"wp:featuredmedia":[{"embeddable":true,"href":"https:\/\/shop.bushboats.com\/index.php\/wp-json\/wp\/v2\/media\/13178"}],"wp:attachment":[{"href":"https:\/\/shop.bushboats.com\/index.php\/wp-json\/wp\/v2\/media?parent=14193"}],"wp:term":[{"taxonomy":"product_brand","embeddable":true,"href":"https:\/\/shop.bushboats.com\/index.php\/wp-json\/wp\/v2\/product_brand?post=14193"},{"taxonomy":"product_cat","embeddable":true,"href":"https:\/\/shop.bushboats.com\/index.php\/wp-json\/wp\/v2\/product_cat?post=14193"},{"taxonomy":"product_tag","embeddable":true,"href":"https:\/\/shop.bushboats.com\/index.php\/wp-json\/wp\/v2\/product_tag?post=14193"}],"curies":[{"name":"wp","href":"https:\/\/api.w.org\/{rel}","templated":true}]}}