{"id":14624,"date":"2023-07-18T14:08:18","date_gmt":"2023-07-18T11:08:18","guid":{"rendered":"https:\/\/shop.bushboats.com\/?post_type=product&#038;p=14624"},"modified":"2025-10-07T14:31:23","modified_gmt":"2025-10-07T11:31:23","slug":"bush-miksts-sedekla-spilvens-ar-somu-120-cm","status":"publish","type":"product","link":"https:\/\/shop.bushboats.com\/index.php\/produkts\/bush-miksts-sedekla-spilvens-ar-somu-120-cm\/","title":{"rendered":"BUSH M\u012bkstie s\u0113dek\u013ca spilveni ar som\u0101m"},"content":{"rendered":"<p>garumi- 80 cm, 90 cm, 100 cm, 120 cm.<\/p>\n","protected":false},"excerpt":{"rendered":"<p>garumi- 80 cm, 90 cm, 100 cm, 120 cm.<\/p>\n","protected":false},"featured_media":14612,"comment_status":"open","ping_status":"closed","template":"","meta":[],"product_brand":[],"product_cat":[56,54],"product_tag":[],"class_list":{"0":"post-14624","1":"product","2":"type-product","3":"status-publish","4":"has-post-thumbnail","6":"product_cat-iepakojums-somas","7":"product_cat-accessories","9":"first","10":"instock","11":"taxable","12":"shipping-taxable","13":"purchasable","14":"product-type-variable"},"jetpack_sharing_enabled":true,"_links":{"self":[{"href":"https:\/\/shop.bushboats.com\/index.php\/wp-json\/wp\/v2\/product\/14624","targetHints":{"allow":["GET"]}}],"collection":[{"href":"https:\/\/shop.bushboats.com\/index.php\/wp-json\/wp\/v2\/product"}],"about":[{"href":"https:\/\/shop.bushboats.com\/index.php\/wp-json\/wp\/v2\/types\/product"}],"replies":[{"embeddable":true,"href":"https:\/\/shop.bushboats.com\/index.php\/wp-json\/wp\/v2\/comments?post=14624"}],"wp:featuredmedia":[{"embeddable":true,"href":"https:\/\/shop.bushboats.com\/index.php\/wp-json\/wp\/v2\/media\/14612"}],"wp:attachment":[{"href":"https:\/\/shop.bushboats.com\/index.php\/wp-json\/wp\/v2\/media?parent=14624"}],"wp:term":[{"taxonomy":"product_brand","embeddable":true,"href":"https:\/\/shop.bushboats.com\/index.php\/wp-json\/wp\/v2\/product_brand?post=14624"},{"taxonomy":"product_cat","embeddable":true,"href":"https:\/\/shop.bushboats.com\/index.php\/wp-json\/wp\/v2\/product_cat?post=14624"},{"taxonomy":"product_tag","embeddable":true,"href":"https:\/\/shop.bushboats.com\/index.php\/wp-json\/wp\/v2\/product_tag?post=14624"}],"curies":[{"name":"wp","href":"https:\/\/api.w.org\/{rel}","templated":true}]}}