{"id":14892,"date":"2023-07-24T15:32:29","date_gmt":"2023-07-24T12:32:29","guid":{"rendered":"https:\/\/shop.bushboats.com\/index.php\/produkts\/eholote-humminbird-helix-7-chirp-msi-gps-g4\/"},"modified":"2023-07-24T15:44:33","modified_gmt":"2023-07-24T12:44:33","slug":"eholote-humminbird-helix-7-chirp-msi-gps-g4","status":"publish","type":"product","link":"https:\/\/shop.bushboats.com\/index.php\/produkts\/eholote-humminbird-helix-7-chirp-msi-gps-g4\/?lang=en","title":{"rendered":"Echolote Humminbird HELIX 7 CHIRP MSI GPS G4"},"content":{"rendered":"<p><strong>Eholotes specifik\u0101cija<\/strong>:<\/p>\n<table class=\"attributes-table items-list\">\n<tbody>\n<tr class=\"active\">\n<td class=\"label_product\"><span role=\"heading\">Numurs<\/span><\/td>\n<td class=\"value\">411620-1M<\/td>\n<\/tr>\n<tr class=\"active\">\n<td class=\"label_product\"><span role=\"heading\">s\u0113rija<\/span><\/td>\n<td class=\"value\">HELIX<\/td>\n<\/tr>\n<tr class=\"active\">\n<td class=\"label_product\"><span role=\"heading\">Displeja izm\u0113rs \u2013 pa diagon\u0101li<\/span><\/td>\n<td class=\"value\">7\u2033<\/td>\n<\/tr>\n<tr class=\"active\">\n<td class=\"label_product\"><span role=\"heading\">Displeja pikse\u013cu matrica<\/span><\/td>\n<td class=\"value\">1024H x 600V<\/td>\n<\/tr>\n<tr class=\"active\">\n<td class=\"label_product\"><span role=\"heading\">Son\u0101rs-standarta<\/span><\/td>\n<td class=\"value\">Du\u0101l\u0101 spektra CHIRP, MEGA lejas att\u0113lveido\u0161ana, MEGA s\u0101nu att\u0113lveido\u0161ana<\/td>\n<\/tr>\n<tr class=\"active\">\n<td class=\"label_product\"><span role=\"heading\">Son\u0101rs p\u0101rkl\u0101jums<\/span><\/td>\n<td class=\"value\">20\u00b0, 42\u00b0, 60\u00b0 un (2) 86\u00b0 \u200b\u200b@ -10dB<\/td>\n<\/tr>\n<tr class=\"active\">\n<td class=\"label_product\"><span role=\"heading\">Son\u0101rs\u00a0\u2014 p\u0113c izv\u0113les<\/span><\/td>\n<td class=\"value\">53 kHz, 50\/Low Airmar CHIRP<\/td>\n<\/tr>\n<tr class=\"active\">\n<td class=\"label_product\"><span role=\"heading\">CHIRP\u00a0\u2014 atbalst\u012bt\u0101s frekvences<\/span><\/td>\n<td class=\"value\">83\/200 (75-155\/130-250 kHz), pilnais re\u017e\u012bms (150-220 kHz), \u0161aurais re\u017e\u012bms (180-240 kHz), platais re\u017e\u012bms (140-200 kHz)<\/td>\n<\/tr>\n<tr class=\"active\">\n<td class=\"label_product\"><span role=\"heading\">Atbalst\u012btas son\u0101ra frekvences<\/span><\/td>\n<td class=\"value\">50\/83\/200\/455\/800 kHz un 1,2 MHz<\/td>\n<\/tr>\n<tr class=\"active\">\n<td class=\"label_product\"><span role=\"heading\">Dzi\u013cums-Son\u0101rs<\/span><\/td>\n<td class=\"value\">1200 p\u0113das[365m] (standarta dev\u0113js), 3500 p\u0113das[365m] (p\u0113c izv\u0113les 50 kHz)<\/td>\n<\/tr>\n<tr>\n<td class=\"label_product\"><span role=\"heading\">CHIRP\u00a0\u2014 atbalst\u012btas att\u0113lveido\u0161anas frekvences<\/span><\/td>\n<td class=\"value\">455 kHz (440\u2013500 kHz), MEGA DI (1075\u20131150 kHz), MEGA SI (1075\u20131150 kHz)<\/td>\n<\/tr>\n<tr>\n<td class=\"label_product\"><span role=\"heading\">Dzi\u013cuma att\u0113lveido\u0161ana<\/span><\/td>\n<td class=\"value\">400 p\u0113das[121.92m] (455 kHz), 75 p\u0113das[22.86m] (MEGA)<\/td>\n<\/tr>\n<tr>\n<td class=\"label_product\"><span role=\"heading\">Diapazona att\u0113lveido\u0161ana (no vienas puses uz otru)<\/span><\/td>\n<td class=\"value\">800 p\u0113das[243.84m] (455 kHz), 250 p\u0113das [76.20m] (MEGA)<\/td>\n<\/tr>\n<tr>\n<td class=\"label_product\"><span role=\"heading\">Interfeiss<\/span><\/td>\n<td class=\"value\">Tastat\u016bras vad\u012bba<\/td>\n<\/tr>\n<tr>\n<td class=\"label_product\"><span role=\"heading\">Iesp\u0113jas<\/span><\/td>\n<td class=\"value\">Ieb\u016bv\u0113ts GPS, ieb\u016bv\u0113ta kart\u0113\u0161ana, divu spektru CHIRP, leju att\u0113lveido\u0161ana, s\u0101nu att\u0113lveido\u0161ana, MEGA att\u0113lveido\u0161ana<\/td>\n<\/tr>\n<tr>\n<td class=\"label_product\"><span role=\"heading\">Atmi\u0146as kartes slots<\/span><\/td>\n<td class=\"value\">Viens Micro SD<\/td>\n<\/tr>\n<tr>\n<td class=\"label_product\"><span role=\"heading\">Savietojams ar<\/span><\/td>\n<td class=\"value\">AIS, AutoPilot, Minn Kota US2 son\u0101rs, Minn Kota ieb\u016bv\u0113ts MEGA DI<\/td>\n<\/tr>\n<tr>\n<td class=\"label_product\"><span role=\"heading\">Power Draw<\/span><\/td>\n<td class=\"value\">800 mA<\/td>\n<\/tr>\n<tr>\n<td class=\"label_product\"><span role=\"heading\">Str\u0101vas padeve<\/span><\/td>\n<td class=\"value\">10,8-20 VDC<\/td>\n<\/tr>\n<tr>\n<td class=\"label_product\"><span role=\"heading\">Izejas jauda no maksimuma l\u012bdz maksimumam<\/span><\/td>\n<td class=\"value\">4000 vati<\/td>\n<\/tr>\n<tr>\n<td class=\"label_product\"><span role=\"heading\">Izejas jauda RMS<\/span><\/td>\n<td class=\"value\">500 vati<\/td>\n<\/tr>\n<tr>\n<td class=\"label_product\"><span role=\"heading\">Ekr\u0101na momentuz\u0146\u0113mums<\/span><\/td>\n<td class=\"value\">Iek\u013cauts<\/td>\n<\/tr>\n<tr>\n<td class=\"label_product\"><span role=\"heading\">Son\u0101ra ierakst\u012b\u0161ana<\/span><\/td>\n<td class=\"value\">Iek\u013cauts<\/td>\n<\/tr>\n<tr>\n<td class=\"label_product\"><span role=\"heading\">Mount-Standarts<\/span><\/td>\n<td class=\"value\">Gimbal<\/td>\n<\/tr>\n<tr>\n<td class=\"label_product\"><span role=\"heading\">Stiprin\u0101juma standarta izm\u0113rs<\/span><\/td>\n<td class=\"value\">10,54 collas (267mm) platums x\u00a0 5.8collas (147mm) Ax 3,68 collas (93.47mm)<\/td>\n<\/tr>\n<tr>\n<td class=\"label_product\"><span role=\"heading\">Stiprin\u0101juma izm\u0113rs \u2013 p\u0113c izv\u0113les<\/span><\/td>\n<td class=\"value\">10,54 collas (267mm)\u00a0 platums x 5,44 collas (138mm) Ax 1,13 collas (28.70mm)<\/td>\n<\/tr>\n<tr>\n<td class=\"label_product\"><span role=\"heading\">P\u0101rveidot\u0101ja stiprin\u0101juma vieta<\/span><\/td>\n<td class=\"value\">Transom<\/td>\n<\/tr>\n<tr>\n<td class=\"label_product\"><span role=\"heading\">GPS diagrammu z\u012bm\u0113\u0161ana<\/span><\/td>\n<td class=\"value\">Iek\u013cauts<\/td>\n<\/tr>\n<tr>\n<td class=\"label_product\"><span role=\"heading\">GPS Trackplotting<\/span><\/td>\n<td class=\"value\">Iek\u013cauts<\/td>\n<\/tr>\n<tr>\n<td class=\"label_product\"><span role=\"heading\">LakeMaster sader\u012bba<\/span><\/td>\n<td class=\"value\">J\u0101<\/td>\n<\/tr>\n<tr>\n<td class=\"label_product\"><span role=\"heading\">Coast Master sader\u012bba<\/span><\/td>\n<td class=\"value\">J\u0101<\/td>\n<\/tr>\n<tr>\n<td class=\"label_product\"><span role=\"heading\">Navionics Gold\/HotMaps sader\u012bba<\/span><\/td>\n<td class=\"value\">J\u0101<\/td>\n<\/tr>\n<tr>\n<td class=\"label_product\"><span role=\"heading\">Navionics Platinum + sader\u012bba<\/span><\/td>\n<td class=\"value\">J\u0101<\/td>\n<\/tr>\n<tr>\n<td class=\"label_product\"><span role=\"heading\">Plat\u012bna sader\u012bba<\/span><\/td>\n<td class=\"value\">J\u0101<\/td>\n<\/tr>\n<tr>\n<td class=\"label_product\"><span role=\"heading\">Kursa sensora GPS sader\u012bba<\/span><\/td>\n<td class=\"value\">J\u0101<\/td>\n<\/tr>\n<tr>\n<td class=\"label_product\"><span role=\"heading\">Atjaunin\u0101ma programmat\u016bra<\/span><\/td>\n<td class=\"value\">J\u0101<\/td>\n<\/tr>\n<tr>\n<td class=\"label_product\"><span role=\"heading\">Skat\u012bt iepriek\u0161 iestat\u012btos tausti\u0146us<\/span><\/td>\n<td class=\"value\">N\u0113<\/td>\n<\/tr>\n<tr>\n<td class=\"label_product\"><span role=\"heading\">X-Press izv\u0113\u013c\u0146u sist\u0113ma<\/span><\/td>\n<td class=\"value\">J\u0101<\/td>\n<\/tr>\n<tr>\n<td class=\"label_product\"><span role=\"heading\">Piel\u0101gota digit\u0101l\u0101 nolas\u012b\u0161ana<\/span><\/td>\n<td class=\"value\">J\u0101<\/td>\n<\/tr>\n<tr>\n<td class=\"label_product\"><span role=\"heading\">Piel\u0101gota skata izv\u0113le<\/span><\/td>\n<td class=\"value\">N\u0113<\/td>\n<\/tr>\n<tr>\n<td class=\"label_product\"><span role=\"heading\">Displeja kr\u0101sas pel\u0113kto\u0146u<\/span><\/td>\n<td class=\"value\">16\u00a0bitu<\/td>\n<\/tr>\n<tr>\n<td class=\"label_product\"><span role=\"heading\">Displeja izm\u0113rs<\/span><\/td>\n<td class=\"value\">7\u2033<\/td>\n<\/tr>\n<tr>\n<td class=\"label_product\"><span role=\"heading\">\u0100trums<\/span><\/td>\n<td class=\"value\">Iek\u013cauts<\/td>\n<\/tr>\n<tr>\n<td class=\"label_product\"><span role=\"heading\">Temperat\u016bra<\/span><\/td>\n<td class=\"value\">Ieb\u016bv\u0113ts<\/td>\n<\/tr>\n<tr>\n<td class=\"label_product\"><span role=\"heading\">Temperat\u016bras trauksme<\/span><\/td>\n<td class=\"value\">J\u0101<\/td>\n<\/tr>\n<tr>\n<td class=\"label_product\"><span role=\"heading\">Temperat\u016bras grafiks<\/span><\/td>\n<td class=\"value\">J\u0101<\/td>\n<\/tr>\n<tr>\n<td class=\"label_product\"><span role=\"heading\">Iek\u013cauts dev\u0113js<\/span><\/td>\n<td class=\"value\">XNT\u00a09\u00a0HW\u00a0MSI\u00a0150\u00a0T<\/td>\n<\/tr>\n<tr>\n<td class=\"label_product\"><span role=\"heading\">HDMI sader\u012bgs<\/span><\/td>\n<td class=\"value\">N\u0113<\/td>\n<\/tr>\n<tr>\n<td class=\"label_product\"><span role=\"heading\">MEGA Live sader\u012bba<\/span><\/td>\n<td class=\"value\">N\u0113<\/td>\n<\/tr>\n<\/tbody>\n<\/table>\n<table class=\"params\">\n<tbody>\n<tr>\n<td class=\"label\">Ra\u017eot\u0101js:<\/td>\n<td class=\"date\">HUMMINBIRD<\/td>\n<\/tr>\n<\/tbody>\n<\/table>\n","protected":false},"excerpt":{"rendered":"<p>Eholotes specifik\u0101cija: Numurs 411620-1M s\u0113rija HELIX Displeja izm\u0113rs \u2013 pa diagon\u0101li 7\u2033 Displeja pikse\u013cu matrica 1024H x 600V Son\u0101rs-standarta Du\u0101l\u0101 spektra CHIRP, MEGA lejas att\u0113lveido\u0161ana, MEGA s\u0101nu att\u0113lveido\u0161ana Son\u0101rs p\u0101rkl\u0101jums 20\u00b0, 42\u00b0, 60\u00b0 un (2) 86\u00b0 \u200b\u200b@ -10dB Son\u0101rs\u00a0\u2014 p\u0113c izv\u0113les 53 kHz, 50\/Low Airmar CHIRP CHIRP\u00a0\u2014 atbalst\u012bt\u0101s frekvences 83\/200 (75-155\/130-250 kHz), pilnais re\u017e\u012bms (150-220 [&hellip;]<\/p>\n","protected":false},"featured_media":14878,"comment_status":"open","ping_status":"closed","template":"","meta":[],"product_brand":[],"product_cat":[756,235],"product_tag":[],"class_list":{"0":"post-14892","1":"product","2":"type-product","3":"status-publish","4":"has-post-thumbnail","6":"product_cat-helix-g4-series-en","7":"product_cat-echo-sounders","9":"first","10":"instock","11":"sale","12":"taxable","13":"shipping-taxable","14":"purchasable","15":"product-type-simple"},"jetpack_sharing_enabled":true,"_links":{"self":[{"href":"https:\/\/shop.bushboats.com\/index.php\/wp-json\/wp\/v2\/product\/14892","targetHints":{"allow":["GET"]}}],"collection":[{"href":"https:\/\/shop.bushboats.com\/index.php\/wp-json\/wp\/v2\/product"}],"about":[{"href":"https:\/\/shop.bushboats.com\/index.php\/wp-json\/wp\/v2\/types\/product"}],"replies":[{"embeddable":true,"href":"https:\/\/shop.bushboats.com\/index.php\/wp-json\/wp\/v2\/comments?post=14892"}],"wp:featuredmedia":[{"embeddable":true,"href":"https:\/\/shop.bushboats.com\/index.php\/wp-json\/wp\/v2\/media\/14878"}],"wp:attachment":[{"href":"https:\/\/shop.bushboats.com\/index.php\/wp-json\/wp\/v2\/media?parent=14892"}],"wp:term":[{"taxonomy":"product_brand","embeddable":true,"href":"https:\/\/shop.bushboats.com\/index.php\/wp-json\/wp\/v2\/product_brand?post=14892"},{"taxonomy":"product_cat","embeddable":true,"href":"https:\/\/shop.bushboats.com\/index.php\/wp-json\/wp\/v2\/product_cat?post=14892"},{"taxonomy":"product_tag","embeddable":true,"href":"https:\/\/shop.bushboats.com\/index.php\/wp-json\/wp\/v2\/product_tag?post=14892"}],"curies":[{"name":"wp","href":"https:\/\/api.w.org\/{rel}","templated":true}]}}