{"id":14895,"date":"2023-07-24T15:52:27","date_gmt":"2023-07-24T12:52:27","guid":{"rendered":"https:\/\/shop.bushboats.com\/?post_type=product&#038;p=14895"},"modified":"2024-03-26T01:07:55","modified_gmt":"2024-03-25T23:07:55","slug":"eholote-humminbird-helix-7-chirp-mdi-gps-g4","status":"publish","type":"product","link":"https:\/\/shop.bushboats.com\/index.php\/produkts\/eholote-humminbird-helix-7-chirp-mdi-gps-g4\/","title":{"rendered":"Eholote Humminbird HELIX 7 CHIRP MDI GPS G4"},"content":{"rendered":"<p><strong>Eholotes specifik\u0101cija<\/strong>:<\/p>\n<table class=\"attributes-table items-list\">\n<tbody>\n<tr class=\"active\">\n<td class=\"label_product\"><span role=\"heading\">Eholotes numurs<\/span><\/td>\n<td class=\"value\">411610-1<\/td>\n<\/tr>\n<tr class=\"active\">\n<td class=\"label_product\"><span role=\"heading\">s\u0113rija<\/span><\/td>\n<td class=\"value\">HELIX<\/td>\n<\/tr>\n<tr class=\"active\">\n<td class=\"label_product\"><span role=\"heading\">Displeja izm\u0113rs \u2013 pa diagon\u0101li<\/span><\/td>\n<td class=\"value\">7\u2033<\/td>\n<\/tr>\n<tr class=\"active\">\n<td class=\"label_product\"><span role=\"heading\">Displeja pikse\u013cu matrica<\/span><\/td>\n<td class=\"value\">1024H x 600V<\/td>\n<\/tr>\n<tr class=\"active\">\n<td class=\"label_product\"><span role=\"heading\">Son\u0101rs-standarta<\/span><\/td>\n<td class=\"value\">Divu spektru CHIRP, MEGA lejas att\u0113lveido\u0161ana<\/td>\n<\/tr>\n<tr class=\"active\">\n<td class=\"label_product\"><span role=\"heading\">Son\u0101rs p\u0101rkl\u0101jums<\/span><\/td>\n<td class=\"value\">20\u00b0, 42\u00b0, 60\u00b0 un (2) 86\u00b0 \u200b\u200b@ -10dB<\/td>\n<\/tr>\n<tr class=\"active\">\n<td class=\"label_product\"><span role=\"heading\">Son\u0101rs\u00a0\u2014 p\u0113c izv\u0113les<\/span><\/td>\n<td class=\"value\">53 kHz, 50\/Low Airmar CHIRP<\/td>\n<\/tr>\n<tr class=\"active\">\n<td class=\"label_product\"><span role=\"heading\">CHIRP\u00a0\u2014 atbalst\u012bt\u0101s frekvences<\/span><\/td>\n<td class=\"value\">83\/200 (75-155\/130-250 kHz), pilnais re\u017e\u012bms (150-220 kHz), \u0161aurais re\u017e\u012bms (180-240 kHz), platais re\u017e\u012bms (140-200 kHz)<\/td>\n<\/tr>\n<tr class=\"active\">\n<td class=\"label_product\"><span role=\"heading\">Atbalst\u012btas son\u0101ra frekvences<\/span><\/td>\n<td class=\"value\">50\/83\/200\/455\/800 kHz un 1,2 MHz<\/td>\n<\/tr>\n<tr class=\"active\">\n<td class=\"label_product\"><span role=\"heading\">Dzi\u013cums-Son\u0101rs<\/span><\/td>\n<td class=\"value\">1200 p\u0113das[365m] (standarta dev\u0113js), 3500 p\u0113das[365m] (p\u0113c izv\u0113les 50 kHz)<\/td>\n<\/tr>\n<tr>\n<td class=\"label_product\"><span role=\"heading\">CHIRP\u00a0\u2014 atbalst\u012btas att\u0113lveido\u0161anas frekvences<\/span><\/td>\n<td class=\"value\">455 kHz (440\u2013500 kHz), MEGA DI (1075\u20131150 kHz)<\/td>\n<\/tr>\n<tr>\n<td class=\"label_product\"><span role=\"heading\">Dzi\u013cuma att\u0113lveido\u0161ana<\/span><\/td>\n<td class=\"value\">400 p\u0113das[121.92m] (455 kHz), 75 p\u0113das[22.86m] (MEGA)<\/td>\n<\/tr>\n<tr>\n<td class=\"label_product\"><span role=\"heading\">Diapazona att\u0113lveido\u0161ana (no vienas puses uz otru)<\/span><\/td>\n<td class=\"value\">800 p\u0113das[243.84] (455 kHz)<\/td>\n<\/tr>\n<tr>\n<td class=\"label_product\"><span role=\"heading\">Interfeiss<\/span><\/td>\n<td class=\"value\">Tastat\u016bras vad\u012bba<\/td>\n<\/tr>\n<tr>\n<td class=\"label_product\"><span role=\"heading\">Iesp\u0113jas<\/span><\/td>\n<td class=\"value\">Ieb\u016bv\u0113ts GPS, ieb\u016bv\u0113ta kart\u0113\u0161ana, divu spektru CHIRP, leju att\u0113lveido\u0161ana, MEGA att\u0113lveido\u0161ana<\/td>\n<\/tr>\n<tr>\n<td class=\"label_product\"><span role=\"heading\">Atmi\u0146as kartes slots<\/span><\/td>\n<td class=\"value\">Viens Micro SD<\/td>\n<\/tr>\n<tr>\n<td class=\"label_product\"><span role=\"heading\">Savietojams ar<\/span><\/td>\n<td class=\"value\">AIS, AutoPilot, Minn Kota US2 son\u0101rs, Minn Kota ieb\u016bv\u0113ts MEGA DI<\/td>\n<\/tr>\n<tr>\n<td class=\"label_product\"><span role=\"heading\">Power Draw<\/span><\/td>\n<td class=\"value\">800 mA<\/td>\n<\/tr>\n<tr>\n<td class=\"label_product\"><span role=\"heading\">Str\u0101vas padeve<\/span><\/td>\n<td class=\"value\">10,8-20 VDC<\/td>\n<\/tr>\n<tr>\n<td class=\"label_product\"><span role=\"heading\">Izejas jauda no maksimuma l\u012bdz maksimumam<\/span><\/td>\n<td class=\"value\">4000 vati<\/td>\n<\/tr>\n<tr>\n<td class=\"label_product\"><span role=\"heading\">Izejas jauda RMS<\/span><\/td>\n<td class=\"value\">500 vati<\/td>\n<\/tr>\n<tr>\n<td class=\"label_product\"><span role=\"heading\">Ekr\u0101na momentuz\u0146\u0113mums<\/span><\/td>\n<td class=\"value\">Iek\u013cauts<\/td>\n<\/tr>\n<tr>\n<td class=\"label_product\"><span role=\"heading\">Son\u0101ra ierakst\u012b\u0161ana<\/span><\/td>\n<td class=\"value\">Iek\u013cauts<\/td>\n<\/tr>\n<tr>\n<td class=\"label_product\"><span role=\"heading\">Mount-Standarts<\/span><\/td>\n<td class=\"value\">Gimbal<\/td>\n<\/tr>\n<tr>\n<td class=\"label_product\"><span role=\"heading\">Stiprin\u0101juma standarta izm\u0113rs<\/span><\/td>\n<td class=\"value\">10,54 collas (267mm) platums x\u00a0 5.8collas (147mm) Ax 3,68 collas (93.47mm)<\/td>\n<\/tr>\n<tr>\n<td class=\"label_product\"><span role=\"heading\">Stiprin\u0101juma izm\u0113rs \u2013 p\u0113c izv\u0113les<\/span><\/td>\n<td class=\"value\">10,54 collas (267mm)\u00a0 platums x 5,44 collas (138mm) Ax 1,13 collas (28.70mm)<\/td>\n<\/tr>\n<tr>\n<td class=\"label_product\"><span role=\"heading\">P\u0101rveidot\u0101ja stiprin\u0101juma vieta<\/span><\/td>\n<td class=\"value\">Transom<\/td>\n<\/tr>\n<tr>\n<td class=\"label_product\"><span role=\"heading\">GPS diagrammu z\u012bm\u0113\u0161ana<\/span><\/td>\n<td class=\"value\">Iek\u013cauts<\/td>\n<\/tr>\n<tr>\n<td class=\"label_product\"><span role=\"heading\">GPS Trackplotting<\/span><\/td>\n<td class=\"value\">Iek\u013cauts<\/td>\n<\/tr>\n<tr>\n<td class=\"label_product\"><span role=\"heading\">LakeMaster sader\u012bba<\/span><\/td>\n<td class=\"value\">J\u0101<\/td>\n<\/tr>\n<tr>\n<td class=\"label_product\"><span role=\"heading\">Coast Master sader\u012bba<\/span><\/td>\n<td class=\"value\">J\u0101<\/td>\n<\/tr>\n<tr>\n<td class=\"label_product\"><span role=\"heading\">Navionics Gold\/HotMaps sader\u012bba<\/span><\/td>\n<td class=\"value\">J\u0101<\/td>\n<\/tr>\n<tr>\n<td class=\"label_product\"><span role=\"heading\">Navionics Platinum + sader\u012bba<\/span><\/td>\n<td class=\"value\">J\u0101<\/td>\n<\/tr>\n<tr>\n<td class=\"label_product\"><span role=\"heading\">Plat\u012bna sader\u012bba<\/span><\/td>\n<td class=\"value\">J\u0101<\/td>\n<\/tr>\n<tr>\n<td class=\"label_product\"><span role=\"heading\">Kursa sensora GPS sader\u012bba<\/span><\/td>\n<td class=\"value\">J\u0101<\/td>\n<\/tr>\n<tr>\n<td class=\"label_product\"><span role=\"heading\">Atjaunin\u0101ma programmat\u016bra<\/span><\/td>\n<td class=\"value\">J\u0101<\/td>\n<\/tr>\n<tr>\n<td class=\"label_product\"><span role=\"heading\">Skat\u012bt iepriek\u0161 iestat\u012btos tausti\u0146us<\/span><\/td>\n<td class=\"value\">N\u0113<\/td>\n<\/tr>\n<tr>\n<td class=\"label_product\"><span role=\"heading\">X-Press izv\u0113\u013c\u0146u sist\u0113ma<\/span><\/td>\n<td class=\"value\">J\u0101<\/td>\n<\/tr>\n<tr>\n<td class=\"label_product\"><span role=\"heading\">Piel\u0101gota digit\u0101l\u0101 nolas\u012b\u0161ana<\/span><\/td>\n<td class=\"value\">J\u0101<\/td>\n<\/tr>\n<tr>\n<td class=\"label_product\"><span role=\"heading\">Piel\u0101gota skata izv\u0113le<\/span><\/td>\n<td class=\"value\">N\u0113<\/td>\n<\/tr>\n<tr>\n<td class=\"label_product\"><span role=\"heading\">Displeja kr\u0101sas pel\u0113kto\u0146u<\/span><\/td>\n<td class=\"value\">16\u00a0bitu<\/td>\n<\/tr>\n<tr>\n<td class=\"label_product\"><span role=\"heading\">Displeja izm\u0113rs<\/span><\/td>\n<td class=\"value\">7\u2033<\/td>\n<\/tr>\n<tr>\n<td class=\"label_product\"><span role=\"heading\">\u0100trums<\/span><\/td>\n<td class=\"value\">Iek\u013cauts<\/td>\n<\/tr>\n<tr>\n<td class=\"label_product\"><span role=\"heading\">Temperat\u016bra<\/span><\/td>\n<td class=\"value\">Ieb\u016bv\u0113ts<\/td>\n<\/tr>\n<tr>\n<td class=\"label_product\"><span role=\"heading\">Temperat\u016bras trauksme<\/span><\/td>\n<td class=\"value\">J\u0101<\/td>\n<\/tr>\n<tr>\n<td class=\"label_product\"><span role=\"heading\">Temperat\u016bras grafiks<\/span><\/td>\n<td class=\"value\">J\u0101<\/td>\n<\/tr>\n<tr>\n<td class=\"label_product\"><span role=\"heading\">Iek\u013cauts dev\u0113js<\/span><\/td>\n<td class=\"value\">XNT 9 HW MDI 75 T<\/td>\n<\/tr>\n<tr>\n<td class=\"label_product\"><span role=\"heading\">HDMI sader\u012bgs<\/span><\/td>\n<td class=\"value\">N\u0113<\/td>\n<\/tr>\n<tr>\n<td class=\"label_product\"><span role=\"heading\">MEGA Live sader\u012bba<\/span><\/td>\n<td class=\"value\">N\u0113<\/td>\n<\/tr>\n<tr>\n<td class=\"label_product\"><span role=\"heading\">UPC<\/span><\/td>\n<td class=\"value\">0082324056147<\/td>\n<\/tr>\n<\/tbody>\n<\/table>\n<table class=\"params\">\n<tbody>\n<tr>\n<td class=\"label\">Ra\u017eot\u0101js:<\/td>\n<td class=\"date\">HUMMINBIRD<\/td>\n<\/tr>\n<\/tbody>\n<\/table>\n","protected":false},"excerpt":{"rendered":"<h3>Eholote Humminbird HELIX 7 CHIRP MDI GPS G4N<\/h3>\n<p>Eholote Humminbird HELIX 7 CHIRP MDI GPS G4N ar jaunu un uzlabotu augstas iz\u0161\u0137irtsp\u0113jas ekr\u0101nu, \u201c\u0101tr\u0101s izv\u0113lnes\u201d tausti\u0146iem un diviem atmi\u0146as kar\u0161u slotiem!<\/p>\n<p>Visi HELIX 7 G4N mode\u013ci atbalsta Ethernet t\u012bklu, Bluetooth(R), NMEA 2000 (R), Wi-Fi un ir sader\u012bgi ar One-Boat Network(TM), kas noz\u012bm\u0113, ka jums b\u016bs piln\u012bga kontrole p\u0101r savu mak\u0161\u0137er\u0113\u0161anas iek\u0101rtu rokas stiepiena att\u0101lum\u0101.<\/p>\n<ul>\n<li>Tastat\u016bras vad\u012bba: Master HELIX, nospie\u017eot pogu. Piek\u013c\u016bstiet iepriek\u0161 iel\u0101d\u0113tajiem skatiem no lietot\u0101jam draudz\u012bg\u0101s izv\u0113l\u0146u sist\u0113mas, ko darbina izv\u0113les tausti\u0146u vad\u012bklas, kas \u013cauj dro\u0161i darbin\u0101t eholoti jebkuros apst\u0101k\u013cos.<\/li>\n<li>MEGA Down Imaging: ieg\u016bstiet v\u0113l nebiju\u0161u zem\u016bdens att\u0113lu ar p\u0101rkl\u0101jumu l\u012bdz 125 p\u0113d\u0101m (38m) zem laivas. J\u016bs redz\u0113siet jaunas deta\u013cas ar l\u012bdz pat 3\u00a0reiz\u0113m detaliz\u0113t\u0101ku inform\u0101ciju nek\u0101 standarta Down Imaging son\u0101rs.<\/li>\n<li>Div\u0113j\u0101da spektra CHIRP hidrolokators: pirms metiena uzziniet, kas tur atrodas, pateicoties \u013coti detaliz\u0113t\u0101m zivju ark\u0101m. Dual Spectrum CHIRP 2D hidrolokators, ko darbina patent\u0113tais Low-Q CHIRP dev\u0113js, pied\u0101v\u0101 divus mekl\u0113\u0161anas veidus; Wide Mode maksim\u0101lam p\u0101rkl\u0101jumam un \u0161aurs re\u017e\u012bms fokus\u0113\u0161anai uz maz\u0101kaj\u0101m deta\u013c\u0101m.<\/li>\n<li>Iek\u0161\u0113j\u0101 GPS un Humminbird pamatkarte: m\u016bsu uzlabot\u0101 b\u0101zes karte nodro\u0161ina skaidru skatu uz zem\u016bdens reljefu un apk\u0101rt\u0113jiem apskates objektiem, lai j\u016bs var\u0113tu mak\u0161\u0137er\u0113t un p\u0101rvietoties ar piln\u012bgu p\u0101rliec\u012bbu.<\/li>\n<li>Sader\u012bgs ar Premium kart\u0113m: Humminbird nodro\u0161ina vispiln\u012bg\u0101ko augst\u0101k\u0101s kvalit\u0101tes kar\u0161u iesp\u0113ju pied\u0101v\u0101jumu mak\u0161\u0137erniekiem visur. Ieg\u016bstiet piln\u012bgu priek\u0161statu par pasauli zem\u0101k, izmantojot papildu kartes no Humminbird\u2019s LakeMaster\u00ae un CoastMaster\u2122 produktiem, k\u0101 ar\u012b j\u016bsu izv\u0113l\u0113t\u0101s sader\u012bg\u0101s Navionics\u00ae kartes.<\/li>\n<li>AutoChart Live: izveidojiet savu mak\u0161\u0137er\u0113\u0161anas vietu re\u0101llaika kartes ar piek\u013cuvi patent\u0113taj\u0101m Humminbird\u00ae LakeMaster\u00ae funkcij\u0101m. Braucot ar laivu, kart\u0113jiet dzi\u013cuma kont\u016bras, grunts ciet\u012bbu un ve\u0123et\u0101ciju. Standarta komplekt\u0101cij\u0101 ir asto\u0146as (8) stundas ieb\u016bv\u0113ts ierakst\u012b\u0161anas laiks, un tas ir sader\u012bgs ar AutoChart Zero Line SD kart\u0113m, kas nodro\u0161ina praktiski nebeidzamu AutoChart Live kart\u0113\u0161anas jaudu.<\/li>\n<\/ul>\n<h3>G4N<\/h3>\n<ul>\n<li>Sader\u012bgs ar vienas laivas t\u012bklu: \u0161ie Humminbird mode\u013ci neman\u0101mi integr\u0113jas un sazin\u0101s ar citiem Humminbird un Minn Kota produktiem, lai atblo\u0137\u0113tu vair\u0101k funkciju un iesp\u0113ju mak\u0161\u0137erniekiem. Izmantojiet vienu laivu t\u012bkla ekskluz\u012bvo laivas vad\u012bbu un zivju \u0137er\u0161anas funkcijas.<\/li>\n<li>Ethernet t\u012bkls: \u0100trgaitas Ethernet \u013cauj izveidot jaud\u012bgu, profesion\u0101la l\u012bme\u0146a mak\u0161\u0137er\u0113\u0161anas sist\u0113mu. \u0112rti savienojiet vair\u0101kus zivju mekl\u0113t\u0101jus vai jauniniet uz papildu tehnolo\u0123ij\u0101m, piem\u0113ram, Minn Kota i-Pilot Link un Humminbird CHIRP radaru.<\/li>\n<li>Bluetooth: p\u0101r\u0146emiet vad\u012bbu tie\u0161i no Humminbird ekr\u0101na, izmantojot bezvadu sakarus ar sader\u012bgiem Talon un Raptor sekl\u0101 \u016bdens enkuriem. Papildu funkcijas ietver bezvadu programmat\u016bras atjaunin\u0101jumus no lietotnes Humminbird FishSmart un viedt\u0101lru\u0146a pazi\u0146ojumu par\u0101d\u012b\u0161anu j\u016bsu Humminbird ier\u012bc\u0113.<\/li>\n<li>Ieb\u016bv\u0113ts NMEA 2000 t\u012bkls: pievienojiet papildu NMEA 2000 t\u012bklu savai vad\u012bbai, lai ieg\u016btu v\u0113l vair\u0101k inform\u0101cijas; no laivas veiktsp\u0113jas l\u012bdz laikapst\u0101k\u013ciem un \u016bdens apst\u0101k\u013ciem, izprotiet to visu, izmantojot NMEA 2000 t\u012bklu.<\/li>\n<\/ul>\n<p><img decoding=\"async\" src=\"https:\/\/eholotes.lv\/app\/uploads\/2021\/12\/Eholote-Humminbird-HELIX-7-CHIRP-MDI-GPS-G4N-iespejas.jpg\" alt=\"null\" \/><\/p>\n<h4>HELIX S\u0113rija<\/h4>\n<p>Autochart Live funkcija pal\u012bdz\u0113s izveidot dzilumu kartes re\u0101llaik\u0101 k\u0101 ar\u012b izmantot visas digit\u0101l\u0101s kartogr\u0101fijas iesp\u0113jas! Paral\u0113li izveidotie grunts ciet\u012bbas un ve\u0123et\u0101cijas p\u0101rkl\u0101jumi pal\u012bdz\u0113s lab\u0101k izprast grunts strukt\u016bru un iesp\u0113jam\u0101s zivju uztur\u0113\u0161an\u0101s vietas. \u0160\u012bs funkcijas darbin\u0101\u0161anai neierobe\u017eot\u0101 apm\u0113r\u0101 nepiecie\u0161ama<em><strong>\u00a0Zeroline Karte.<\/strong><\/em><\/p>\n<p>Bluetooth piesl\u0113guma iesp\u0113jas nodro\u0161ina \u0113rtu atjaunin\u0101jumu lejupl\u0101di no \u00a0<strong><em>FIshSmart aplikacijas<\/em><\/strong> viedt\u0101lrun\u012b k\u0101 ar\u012b pazi\u0146ojumus uz eholotes ekr\u0101na, kas \u012bpa\u0161i labi noder sliktos laika apst\u0101k\u013cos \u2013 vienk\u0101r\u0161i pasarg\u0101s t\u0101lruni no samirk\u0161anas!<\/p>\n<p>Izmantojiet eholotes.lv veidot\u0101s dzi\u013cumu kartes Latvijas \u016bde\u0146iem! Iez\u012bm\u0113jiet interes\u0113jo\u0161os dzi\u013cumu horizontus, atrodiet vair\u0101k iesp\u0113ju jau gatav\u0101s un \u013coti kvalita\u012bv\u0101s \u016bde\u0146u kart\u0113s! Pasarg\u0101jiet sevi no negad\u012bjumiem seklumos!<\/p>\n<p>\u0160ai eholotei komplekt\u0101 ir iek\u013cauti \u2013 nepiecie\u0161amais eholotes un dev\u0113ja mont\u0101\u017eai laiv\u0101 un \u0113rta vienot\u0101 savienojuma rozete.<\/p>\n<p>Aicin\u0101m pieteikties konsult\u0101cijai par \u0161o eholoti \u2013 m\u0113s regul\u0101ri lietojam Humminbird un labi p\u0101rzin\u0101m \u0161\u012bs iek\u0101rtas<\/p>\n","protected":false},"featured_media":14896,"comment_status":"open","ping_status":"closed","template":"","meta":[],"product_brand":[],"product_cat":[76,755,233],"product_tag":[],"class_list":{"0":"post-14895","1":"product","2":"type-product","3":"status-publish","4":"has-post-thumbnail","6":"product_cat-electrical-equipment-lv","7":"product_cat-helix-g4-series","8":"product_cat-eholotes","10":"first","11":"instock","12":"taxable","13":"shipping-taxable","14":"purchasable","15":"product-type-simple"},"jetpack_sharing_enabled":true,"_links":{"self":[{"href":"https:\/\/shop.bushboats.com\/index.php\/wp-json\/wp\/v2\/product\/14895","targetHints":{"allow":["GET"]}}],"collection":[{"href":"https:\/\/shop.bushboats.com\/index.php\/wp-json\/wp\/v2\/product"}],"about":[{"href":"https:\/\/shop.bushboats.com\/index.php\/wp-json\/wp\/v2\/types\/product"}],"replies":[{"embeddable":true,"href":"https:\/\/shop.bushboats.com\/index.php\/wp-json\/wp\/v2\/comments?post=14895"}],"wp:featuredmedia":[{"embeddable":true,"href":"https:\/\/shop.bushboats.com\/index.php\/wp-json\/wp\/v2\/media\/14896"}],"wp:attachment":[{"href":"https:\/\/shop.bushboats.com\/index.php\/wp-json\/wp\/v2\/media?parent=14895"}],"wp:term":[{"taxonomy":"product_brand","embeddable":true,"href":"https:\/\/shop.bushboats.com\/index.php\/wp-json\/wp\/v2\/product_brand?post=14895"},{"taxonomy":"product_cat","embeddable":true,"href":"https:\/\/shop.bushboats.com\/index.php\/wp-json\/wp\/v2\/product_cat?post=14895"},{"taxonomy":"product_tag","embeddable":true,"href":"https:\/\/shop.bushboats.com\/index.php\/wp-json\/wp\/v2\/product_tag?post=14895"}],"curies":[{"name":"wp","href":"https:\/\/api.w.org\/{rel}","templated":true}]}}