{"id":14918,"date":"2023-07-25T12:24:48","date_gmt":"2023-07-25T09:24:48","guid":{"rendered":"https:\/\/shop.bushboats.com\/?post_type=product&#038;p=14918"},"modified":"2024-03-26T01:09:27","modified_gmt":"2024-03-25T23:09:27","slug":"humminbird-helix-5-di-g2-eholote","status":"publish","type":"product","link":"https:\/\/shop.bushboats.com\/index.php\/produkts\/humminbird-helix-5-di-g2-eholote\/","title":{"rendered":"HUMMINBIRD HELIX 5 DI G2 EHOLOTE"},"content":{"rendered":"<p>TEHNISK\u0100S SPECIFIK\u0100CIJAS:<\/p>\n<p>Preces numurs: 410200-1<br \/>\nS\u0113rija: HELIX<br \/>\nDispleja izm\u0113rs &#8211; pa diagon\u0101li: 5 &#8221;<br \/>\nDispleja pikse\u013cu matrica: 800H x 480V<br \/>\nSon\u0101rs-standarts: DownImaing, DualBeam PLUS<br \/>\nSon\u0101ra p\u0101rkl\u0101jums: 16\u00b0, 28\u00b0, 45\u00b0 &amp; 75\u00b0 @ -10dB<br \/>\nAtbalst\u012bt\u0101s son\u0101ru frekvences: 200\/455\/800 kHz<br \/>\nDzi\u013cuma son\u0101rs: 600 p\u0113das (standarta dev\u0113js)<br \/>\nDepth-Down Imaging: 350 ft<br \/>\nSaskarne: Tastat\u016bras vad\u012bba<br \/>\nAtmi\u0146as kartes slots: nav<br \/>\nSavietojams ar: AIS, AutoPilot<br \/>\nJauda: 650 mA<br \/>\nIeejas jauda: 10,8-20 VDC<br \/>\nJaudas maksimums no maksimuma: 4000 vati<br \/>\nIzejas jauda RMS: 500 vati<br \/>\nEkr\u0101na momentuz\u0146\u0113mums: netiek atbalst\u012bts<br \/>\nSon\u0101ra ierakst\u012b\u0161ana: netiek atbalst\u012bts<br \/>\nStandarta stiprin\u0101jums: Gimbal<br \/>\nStandarta stiprin\u0101jums: 7.55 &#8220;W x 4.64&#8221; H x 3.3 &#8220;D<br \/>\nStiprin\u0101jums p\u0113c izv\u0113les: 7,55 &#8220;P x 4,28&#8221; H x 1,13 &#8220;D<br \/>\nDev\u0113ja stiprin\u0101juma atra\u0161an\u0101s vieta: Transom<br \/>\nGPS kartogr\u0101fija: netiek atbalst\u012bta<br \/>\nGPS izseko\u0161ana: netiek atbalst\u012bta<br \/>\nSader\u012bba ar LakeMaster: n\u0113<br \/>\nCoast Master sader\u012bba: N\u0113<br \/>\nNavionics Gold \/ HotMaps sader\u012bba: N\u0113<br \/>\nNavionics Platinum + savietojam\u012bba: n\u0113<br \/>\nSader\u012bba ar plat\u012bnu: N\u0113<br \/>\nVirziena sensora GPS sader\u012bba: N\u0113<br \/>\nUzlabojama programmat\u016bra: j\u0101<br \/>\nSkat\u012bt iepriek\u0161 iestat\u012bt\u0101s atsl\u0113gas: j\u0101<br \/>\nX-Press Menu System: J\u0101<br \/>\nPiel\u0101gota digit\u0101l\u0101 nolas\u012b\u0161ana: j\u0101<br \/>\nPiel\u0101gota skata izv\u0113le: J\u0101<br \/>\nDispleja kr\u0101sas pel\u0113kto\u0146i: 16 bitu<br \/>\n\u0100trums: n\u0113<br \/>\nTemperat\u016bra: j\u0101<br \/>\nTemperat\u016bras trauksme: J\u0101<br \/>\nTemperat\u016bras grafiks: N\u0113<br \/>\nDev\u0113js iek\u013cauts: XNT 9 20 T<\/p>\n","protected":false},"excerpt":{"rendered":"<p>Humminbird HELIX 5x DI G2 eholots ir apr\u012bkots ar diviem hidrolokatoriem &#8211; Down Imaging (DI) un DualBeam Plus. DI son\u0101rs ir lieliski piem\u0113rots dzi\u013cumam l\u012bdz 100 m un sniedz tik labu \u201catt\u0113lu\u201d, ka \u013cauj izsekot \u0101\u0137a kust\u012bbai zem \u016bdens vai atrast zivis tuvu apak\u0161ai. Tas \u013cauj p\u0101rsl\u0113gties starp diviem stariem &#8211; platu, bet maz\u0101k detaliz\u0113tu 75 \u00b0 \/ 455 kHz staru k\u016bli un \u0161aur\u0101ku 45 \u00b0 \/ 800 kHz staru ar augstu detaliz\u0101cijas pak\u0101pi. DualBeam Plus son\u0101rs nodro\u0161ina standarta divstaru son\u0101ru iesp\u0113jas l\u012bdz 180 metriem. T\u0101s staru parametri ir 28 \u00b0 \/ 200 kHz un 16 \u00b0 \/ 455 kHz.<\/p>\n<p>Jaun\u0101 lietot\u0101ja saskarne apvienojum\u0101 ar atjaunin\u0101tu oper\u0113t\u0101jsist\u0113mu ierindo Humminbird Helix 5x DI G2 starp vismodern\u0101kajiem zivju mekl\u0113t\u0101jiem.<\/p>\n<p>Humminbird Helix 5x DI G2 var izmantot k\u0101 eholotu zemledus mak\u0161\u0137er\u0113\u0161an\u0101. Lai to izdar\u012btu, vienk\u0101r\u0161i iesl\u0113dziet re\u017e\u012bmu &#8220;<strong>Ice Fishing<\/strong>&#8221; (zemledus mak\u0161\u0137er\u0113\u0161ana). Kad iesl\u0113gts zemledus mak\u0161\u0137er\u0113\u0161anas re\u017e\u012bms, hidrolokatora ekr\u0101n\u0101 inform\u0101cija tiek par\u0101d\u012bta tradicion\u0101l\u0101 mirgojo\u0161\u0101 form\u0101 ar papildu t\u0101lummai\u0146as un dzi\u013cuma opcij\u0101m kursora poz\u012bcij\u0101.<\/p>\n<p>Citas \u0161\u012b zivju mekl\u0113t\u0101ja un kartplotera funkcijas ietver Fish ID +, \u016bdens temperat\u016bras trauksmes sign\u0101lus, ekr\u0101na uztver\u0161anu un iesald\u0113\u0161anu, hidrolokatora datu ierakst\u012b\u0161anu v\u0113l\u0101kai apskatei utt.<\/p>\n","protected":false},"featured_media":14919,"comment_status":"open","ping_status":"closed","template":"","meta":[],"product_brand":[],"product_cat":[76,752,233],"product_tag":[],"class_list":{"0":"post-14918","1":"product","2":"type-product","3":"status-publish","4":"has-post-thumbnail","6":"product_cat-electrical-equipment-lv","7":"product_cat-helix-g3-series","8":"product_cat-eholotes","10":"first","11":"instock","12":"taxable","13":"shipping-taxable","14":"purchasable","15":"product-type-simple"},"jetpack_sharing_enabled":true,"_links":{"self":[{"href":"https:\/\/shop.bushboats.com\/index.php\/wp-json\/wp\/v2\/product\/14918","targetHints":{"allow":["GET"]}}],"collection":[{"href":"https:\/\/shop.bushboats.com\/index.php\/wp-json\/wp\/v2\/product"}],"about":[{"href":"https:\/\/shop.bushboats.com\/index.php\/wp-json\/wp\/v2\/types\/product"}],"replies":[{"embeddable":true,"href":"https:\/\/shop.bushboats.com\/index.php\/wp-json\/wp\/v2\/comments?post=14918"}],"wp:featuredmedia":[{"embeddable":true,"href":"https:\/\/shop.bushboats.com\/index.php\/wp-json\/wp\/v2\/media\/14919"}],"wp:attachment":[{"href":"https:\/\/shop.bushboats.com\/index.php\/wp-json\/wp\/v2\/media?parent=14918"}],"wp:term":[{"taxonomy":"product_brand","embeddable":true,"href":"https:\/\/shop.bushboats.com\/index.php\/wp-json\/wp\/v2\/product_brand?post=14918"},{"taxonomy":"product_cat","embeddable":true,"href":"https:\/\/shop.bushboats.com\/index.php\/wp-json\/wp\/v2\/product_cat?post=14918"},{"taxonomy":"product_tag","embeddable":true,"href":"https:\/\/shop.bushboats.com\/index.php\/wp-json\/wp\/v2\/product_tag?post=14918"}],"curies":[{"name":"wp","href":"https:\/\/api.w.org\/{rel}","templated":true}]}}