{"id":14955,"date":"2023-07-25T13:21:49","date_gmt":"2023-07-25T10:21:49","guid":{"rendered":"https:\/\/shop.bushboats.com\/?post_type=product&#038;p=14955"},"modified":"2024-03-26T01:12:58","modified_gmt":"2024-03-25T23:12:58","slug":"kronsteins-humminbird-mega-live-bracket-aksesuars-humminbird-eholotei","status":"publish","type":"product","link":"https:\/\/shop.bushboats.com\/index.php\/produkts\/kronsteins-humminbird-mega-live-bracket-aksesuars-humminbird-eholotei\/","title":{"rendered":"Kron\u0161teins HUMMINBIRD MEGA LIVE BRACKET AKSESU\u0100RS HUMMINBIRD EHOLOTEI"},"content":{"rendered":"<p>MEGA MOUNT<br \/>\nRegul\u0113jams Humminbird MEGA LIVE stiprin\u0101jums<\/p>\n<p>Kron\u0161teins, kas \u013cauj vad\u012bt MEGA LIVE sensoru v\u0113lamaj\u0101 virzien\u0101. To var pieskr\u016bv\u0113t pie laivas, uzst\u0101d\u012bt uz sliedes vai uz caurules ar piederumu kron\u0161teiniem. Iztur\u012bga konstrukcija, kas nodro\u0161ina MEGA LIVE raid\u012bt\u0101ja stabilit\u0101ti.<\/p>\n","protected":false},"excerpt":{"rendered":"<p>MEGA MOUNT Regul\u0113jams Humminbird MEGA LIVE stiprin\u0101jums Kron\u0161teins, kas \u013cauj vad\u012bt MEGA LIVE sensoru v\u0113lamaj\u0101 virzien\u0101. To var pieskr\u016bv\u0113t pie laivas, uzst\u0101d\u012bt uz sliedes vai uz caurules ar piederumu kron\u0161teiniem. Iztur\u012bga konstrukcija, kas nodro\u0161ina MEGA LIVE raid\u012bt\u0101ja stabilit\u0101ti.<\/p>\n","protected":false},"featured_media":14956,"comment_status":"open","ping_status":"closed","template":"","meta":[],"product_brand":[],"product_cat":[237],"product_tag":[],"class_list":{"0":"post-14955","1":"product","2":"type-product","3":"status-publish","4":"has-post-thumbnail","6":"product_cat-humminbird-aksesuari-2","8":"first","9":"instock","10":"taxable","11":"shipping-taxable","12":"purchasable","13":"product-type-simple"},"jetpack_sharing_enabled":true,"_links":{"self":[{"href":"https:\/\/shop.bushboats.com\/index.php\/wp-json\/wp\/v2\/product\/14955","targetHints":{"allow":["GET"]}}],"collection":[{"href":"https:\/\/shop.bushboats.com\/index.php\/wp-json\/wp\/v2\/product"}],"about":[{"href":"https:\/\/shop.bushboats.com\/index.php\/wp-json\/wp\/v2\/types\/product"}],"replies":[{"embeddable":true,"href":"https:\/\/shop.bushboats.com\/index.php\/wp-json\/wp\/v2\/comments?post=14955"}],"wp:featuredmedia":[{"embeddable":true,"href":"https:\/\/shop.bushboats.com\/index.php\/wp-json\/wp\/v2\/media\/14956"}],"wp:attachment":[{"href":"https:\/\/shop.bushboats.com\/index.php\/wp-json\/wp\/v2\/media?parent=14955"}],"wp:term":[{"taxonomy":"product_brand","embeddable":true,"href":"https:\/\/shop.bushboats.com\/index.php\/wp-json\/wp\/v2\/product_brand?post=14955"},{"taxonomy":"product_cat","embeddable":true,"href":"https:\/\/shop.bushboats.com\/index.php\/wp-json\/wp\/v2\/product_cat?post=14955"},{"taxonomy":"product_tag","embeddable":true,"href":"https:\/\/shop.bushboats.com\/index.php\/wp-json\/wp\/v2\/product_tag?post=14955"}],"curies":[{"name":"wp","href":"https:\/\/api.w.org\/{rel}","templated":true}]}}