{"id":14979,"date":"2023-07-25T13:31:31","date_gmt":"2023-07-25T10:31:31","guid":{"rendered":"https:\/\/shop.bushboats.com\/index.php\/produkts\/humminbird-mega-live-targetlock-and-mega-360-dual-mount-ultrex-aksesuars-humminbird-eholotei\/"},"modified":"2023-08-01T19:17:56","modified_gmt":"2023-08-01T16:17:56","slug":"humminbird-mega-live-targetlock-and-mega-360-dual-mount-ultrex-aksesuars-humminbird-eholotei","status":"publish","type":"product","link":"https:\/\/shop.bushboats.com\/index.php\/produkts\/humminbird-mega-live-targetlock-and-mega-360-dual-mount-ultrex-aksesuars-humminbird-eholotei\/","title":{"rendered":"HUMMINBIRD MEGA LIVE TARGETLOCK AND MEGA 360 DUAL MOUNT &#8211; ULTREX AKSESU\u0100RS HUMMINBIRD EHOLOTEI"},"content":{"rendered":"<p>MEGA Live TargetLock un MEGA 360 Dual Mount Ultrex nodro\u0161ina rezerves da\u013cas, kas nepiecie\u0161amas, lai uzst\u0101d\u012btu MEGA Live TargetLock un MEGA 360 att\u0113lveido\u0161anas dev\u0113ju Minn Kota Ultrex\u2122 priek\u0161gala stiprin\u0101juma trollinga motoram.<\/p>\n<p>IESP\u0112JAS:<br \/>\nDivk\u0101r\u0161s stiprin\u0101jums un mont\u0101\u017eas aparat\u016bra MEGA Live TargetLock un MEGA 360 att\u0113lveido\u0161anas dev\u0113ja uzst\u0101d\u012b\u0161anai Minn Kota\u00ae Ultrex trollinga motoros.<br \/>\nSavietojams ar MEGA Live TargetLock \u2013 Ultrex 45 -52\u201d, MEGA Live TargetLock Adapter Kit \u2013 Ultrex 45\u201d-52\u201d un MEGA 360 Imaging \u2013 Ultrex.<\/p>\n<p>\u0160aj\u0101 komplekt\u0101 nav iek\u013cauts MEGA Live TargetLock, MEGA Live Imaging Transducer vai MEGA 360 Imaging Transducer.<\/p>\n","protected":false},"excerpt":{"rendered":"<p>MEGA Live TargetLock un MEGA 360 Dual Mount Ultrex nodro\u0161ina rezerves da\u013cas, kas nepiecie\u0161amas, lai uzst\u0101d\u012btu MEGA Live TargetLock un MEGA 360 att\u0113lveido\u0161anas dev\u0113ju Minn Kota Ultrex\u2122 priek\u0161gala stiprin\u0101juma trollinga motoram. IESP\u0112JAS: Divk\u0101r\u0161s stiprin\u0101jums un mont\u0101\u017eas aparat\u016bra MEGA Live TargetLock un MEGA 360 att\u0113lveido\u0161anas dev\u0113ja uzst\u0101d\u012b\u0161anai Minn Kota\u00ae Ultrex trollinga motoros. Savietojams ar MEGA Live [&hellip;]<\/p>\n","protected":false},"featured_media":14965,"comment_status":"open","ping_status":"closed","template":"","meta":[],"product_brand":[],"product_cat":[237],"product_tag":[],"class_list":{"0":"post-14979","1":"product","2":"type-product","3":"status-publish","4":"has-post-thumbnail","6":"product_cat-humminbird-aksesuari-2","8":"first","9":"instock","10":"taxable","11":"shipping-taxable","12":"purchasable","13":"product-type-simple"},"jetpack_sharing_enabled":true,"_links":{"self":[{"href":"https:\/\/shop.bushboats.com\/index.php\/wp-json\/wp\/v2\/product\/14979","targetHints":{"allow":["GET"]}}],"collection":[{"href":"https:\/\/shop.bushboats.com\/index.php\/wp-json\/wp\/v2\/product"}],"about":[{"href":"https:\/\/shop.bushboats.com\/index.php\/wp-json\/wp\/v2\/types\/product"}],"replies":[{"embeddable":true,"href":"https:\/\/shop.bushboats.com\/index.php\/wp-json\/wp\/v2\/comments?post=14979"}],"wp:featuredmedia":[{"embeddable":true,"href":"https:\/\/shop.bushboats.com\/index.php\/wp-json\/wp\/v2\/media\/14965"}],"wp:attachment":[{"href":"https:\/\/shop.bushboats.com\/index.php\/wp-json\/wp\/v2\/media?parent=14979"}],"wp:term":[{"taxonomy":"product_brand","embeddable":true,"href":"https:\/\/shop.bushboats.com\/index.php\/wp-json\/wp\/v2\/product_brand?post=14979"},{"taxonomy":"product_cat","embeddable":true,"href":"https:\/\/shop.bushboats.com\/index.php\/wp-json\/wp\/v2\/product_cat?post=14979"},{"taxonomy":"product_tag","embeddable":true,"href":"https:\/\/shop.bushboats.com\/index.php\/wp-json\/wp\/v2\/product_tag?post=14979"}],"curies":[{"name":"wp","href":"https:\/\/api.w.org\/{rel}","templated":true}]}}