{"id":14981,"date":"2023-07-25T16:55:00","date_gmt":"2023-07-25T13:55:00","guid":{"rendered":"https:\/\/shop.bushboats.com\/?post_type=product&#038;p=14981"},"modified":"2024-03-26T01:17:46","modified_gmt":"2024-03-25T23:17:46","slug":"humminbird-hdr-650-in-dash-digital-depth-sounder","status":"publish","type":"product","link":"https:\/\/shop.bushboats.com\/index.php\/produkts\/humminbird-hdr-650-in-dash-digital-depth-sounder\/","title":{"rendered":"Humminbird HDR 650 In-Dash Digital Depth Sounder"},"content":{"rendered":"<p>Humminbird HDR 650 In-Dash Digital Depth Sounder \u2013 panel\u012b ieb\u016bv\u0113jam\u0101 eholote, kas nodro\u0161ina t\u016bl\u012bt\u0113jus, uzticamus digit\u0101los dzi\u013cuma r\u0101d\u012bjumus!<\/p>\n","protected":false},"excerpt":{"rendered":"<h3>Humminbird HDR 650 In-Dash Digital Depth Sounder<\/h3>\n<p>Humminbird HDR 650 In-Dash Digital Depth Sounder \u2013 panel\u012b ieb\u016bv\u0113jam\u0101 eholote, kas nodro\u0161ina t\u016bl\u012bt\u0113jus, uzticamus digit\u0101los dzi\u013cuma r\u0101d\u012bjumus!<\/p>\n<p>Panel\u012b ieb\u016bv\u0113jamais Humminbird HDR 650 dzi\u013cuma m\u0113r\u012bt\u0101js nodro\u0161ina j\u016bs ar uzticamiem dzi\u013cuma r\u0101d\u012bjumiem, lai neb\u016btu j\u0101uztraucas par b\u012bstamiem seklumiem zem laivas! Panel\u012b ieb\u016bv\u0113jamais ekr\u0101ns pieejams vair\u0101k\u0101s kr\u0101s\u0101s. L\u012bdz ar to ir iesp\u0113jams ar\u012b piel\u0101got \u0161o aksesu\u0101ru eso\u0161ajam laivas interjeram!<\/p>\n<p>Papildus inform\u0101cija:<\/p>\n<ul>\n<li>\u0160\u012b ier\u012bce ir apr\u012bkota ar tran\u010da stiprin\u0101jumu.<\/li>\n<li>Iek\u013cautas r\u0101mja kr\u0101sas: balta, melna un hrom\u0113ta.<\/li>\n<li>Iek\u013cautas pl\u0101ksnes kr\u0101sas: balta un melna.<\/li>\n<li>Priek\u0161\u0113j\u0101s pl\u0101ksnes diametrs ar r\u0101mi: 2,5 collas<\/li>\n<li>LCD izm\u0113rs (diagon\u0101le): 1-3\/8\u2033collas<\/li>\n<li>1 gada garantija<\/li>\n<\/ul>\n<p>Vair\u0101k inform\u0101cija pieejama ra\u017eot\u0101ja\u00a0<a href=\"https:\/\/humminbird.johnsonoutdoors.com\/us\/shop\/accessories\/miscellaneous\/hdr-650-dash-digital-depth-sounder\">m\u0101jas lap\u0101<\/a>.<\/p>\n<p>&nbsp;<\/p>\n","protected":false},"featured_media":14982,"comment_status":"open","ping_status":"closed","template":"","meta":[],"product_brand":[],"product_cat":[237],"product_tag":[],"class_list":{"0":"post-14981","1":"product","2":"type-product","3":"status-publish","4":"has-post-thumbnail","6":"product_cat-humminbird-aksesuari-2","8":"first","9":"instock","10":"taxable","11":"shipping-taxable","12":"purchasable","13":"product-type-simple"},"jetpack_sharing_enabled":true,"_links":{"self":[{"href":"https:\/\/shop.bushboats.com\/index.php\/wp-json\/wp\/v2\/product\/14981","targetHints":{"allow":["GET"]}}],"collection":[{"href":"https:\/\/shop.bushboats.com\/index.php\/wp-json\/wp\/v2\/product"}],"about":[{"href":"https:\/\/shop.bushboats.com\/index.php\/wp-json\/wp\/v2\/types\/product"}],"replies":[{"embeddable":true,"href":"https:\/\/shop.bushboats.com\/index.php\/wp-json\/wp\/v2\/comments?post=14981"}],"wp:featuredmedia":[{"embeddable":true,"href":"https:\/\/shop.bushboats.com\/index.php\/wp-json\/wp\/v2\/media\/14982"}],"wp:attachment":[{"href":"https:\/\/shop.bushboats.com\/index.php\/wp-json\/wp\/v2\/media?parent=14981"}],"wp:term":[{"taxonomy":"product_brand","embeddable":true,"href":"https:\/\/shop.bushboats.com\/index.php\/wp-json\/wp\/v2\/product_brand?post=14981"},{"taxonomy":"product_cat","embeddable":true,"href":"https:\/\/shop.bushboats.com\/index.php\/wp-json\/wp\/v2\/product_cat?post=14981"},{"taxonomy":"product_tag","embeddable":true,"href":"https:\/\/shop.bushboats.com\/index.php\/wp-json\/wp\/v2\/product_tag?post=14981"}],"curies":[{"name":"wp","href":"https:\/\/api.w.org\/{rel}","templated":true}]}}