{"id":15027,"date":"2023-07-25T18:11:36","date_gmt":"2023-07-25T15:11:36","guid":{"rendered":"https:\/\/shop.bushboats.com\/?post_type=product&#038;p=15027"},"modified":"2025-03-26T12:31:52","modified_gmt":"2025-03-26T10:31:52","slug":"humminbird-solix-12-chirp-mega-si-g3-eholote","status":"publish","type":"product","link":"https:\/\/shop.bushboats.com\/index.php\/produkts\/humminbird-solix-12-chirp-mega-si-g3-eholote\/","title":{"rendered":"HUMMINBIRD SOLIX 12 CHIRP MEGA SI+ G3 EHOLOTE"},"content":{"rendered":"<p>SOLIX 12 CHIRP MSI + G3 apvieno t\u0101das m\u016bsdien\u012bgas tehnolo\u0123ijas k\u0101 MEGA Side Imaging +, MEGA Down Imaging +, Dual Spectrum CHIRP son\u0101ru un AutoChart Live uz \u013coti skaidra Cross Touch\u00ae displeja. Izmantojiet visas bag\u0101t\u012bg\u0101 12,1 collu sk\u0101rienekr\u0101na displeja priek\u0161roc\u012bbas ar piel\u0101gojamiem skatiem un iestat\u012bjumiem, kas \u013cauj vienlaikus skat\u012bt vair\u0101kas tehnolo\u0123ijas un \u0101tri atrast vajadz\u012bgo, izmantojot \u0113rto s\u0101njoslas izv\u0113lni. Izmantojiet ieb\u016bv\u0113t\u0101 Wi-Fi un NMEA t\u012bkla jaudu. 2000\u00ae, k\u0101 ar\u012b Bluetooth\u00ae un Ethernet savienojumi savietojam\u012bbai ar Humminbird, Minn Kota un Cannon One-Boat Network \u2122 produktu saimi.<\/p>\n<p>Cross Touch\u00ae saskarne: kontrol\u0113jiet zivju mekl\u0113t\u0101ju, izmantojot sk\u0101rienekr\u0101nu vai tastat\u016bru. Jebkuru izv\u0113lnes navig\u0101ciju, ko varat veikt sk\u0101rienekr\u0101n\u0101, var veikt ar\u012b tastat\u016br\u0101, nodro\u0161inot \u0101tru un intuit\u012bvu piek\u013cuvi neatkar\u012bgi no j\u016bsu situ\u0101cijas un apst\u0101k\u013ciem.<br \/>\nPiel\u0101gota pieredze: izmantojiet intuit\u012bvu lietot\u0101ja saskarni un s\u0101njoslas izv\u0113lni, kas nodro\u0161ina piel\u0101gojamus iestat\u012bjumus un skatu kombin\u0101cijas.<\/p>\n<p>JAUNS divkodolu procesors: veiciet jebkuru uzdevumu \u0101tri un viegli, pateicoties \u012bpa\u0161i atsauc\u012bgajai saskarnei un uzlabotajai apstr\u0101des jaudai.<br \/>\nAirmar\u00ae dev\u0113ja ID: tiem, kas v\u0113las instal\u0113t papildu 2D Airmar p\u0101rveidot\u0101jus, SOLIX G3 nodro\u0161ina p\u0101rveidot\u0101ja ID, lai \u0101tri un vienk\u0101r\u0161i iestat\u012btu to.<\/p>\n<p>Nozares vado\u0161ais Humminbird hidrolokators: apr\u012bkots ar MEGA Side Imaging +, MEGA Down Imaging + un Dual Spectrum CHIRP hidrolokatoru, lai j\u016bs redz\u0113tu zivis vienm\u0113r. MEGA Imaging + nodro\u0161ina skatu l\u012bdz 250 &#8216;zem j\u016bsu laivas uz ab\u0101m pus\u0113m, un Dual Spectrum CHIRP par\u0101da izcilu 2D hidrolok\u0101ciju ar izcilu m\u0113r\u0137a atdal\u012b\u0161anu un zivju skaidr\u012bbu.<\/p>\n<p>Iek\u0161\u0113jais GPS un Humminbird pamatkarte: uzlabot\u0101 pamatkarte nodro\u0161ina skaidru skatu uz zem\u016bdens reljefu un apk\u0101rt\u0113jiem apskates objektiem, lai j\u016bs var\u0113tu mak\u0161\u0137er\u0113t un p\u0101rvietoties ar pilnu p\u0101rliec\u012bbu. Identific\u0113jiet bojas, dienas mar\u0137ierus, apdraud\u0113jumus, jahtu piest\u0101tnes, kont\u016bras, dzi\u013cuma mar\u0137ierus un daudz, daudz ko citu. Ietver diagrammas ar vair\u0101k nek\u0101 10 000 ezeriem, k\u0101 ar\u012b ASV piekrastes p\u0101rkl\u0101jumu kontinent\u0101laj\u0101 da\u013c\u0101<\/p>\n<p>Sader\u012bgs ar Premium diagrammu: Humminbird nodro\u0161ina vispiln\u012bg\u0101ko augst\u0101k\u0101s klases diagrammu iesp\u0113ju pied\u0101v\u0101jumu mak\u0161\u0137erniekiem visur. Ieg\u016bstiet piln\u012bgu skatu uz zem\u016bdens pasauli, izmantojot papildu kartes no Humminbird&#8217;s LakeMaster\u00ae un CoastMaster \u2122 produktiem, k\u0101 ar\u012b izv\u0113loties sader\u012bgas Navionics\u00ae kartes.<\/p>\n<p>AutoChart Live: izveidojiet re\u0101llaika kartes par sav\u0101m mak\u0161\u0137er\u0113\u0161anas viet\u0101m, piek\u013c\u016bstot patent\u0113t\u0101m Humminbird\u00ae LakeMaster\u00ae funkcij\u0101m. Kart\u0113jiet dzi\u013cuma kont\u016bras, grunts ciet\u012bbu un ve\u0123et\u0101ciju, braucot ar laivu. Standarta komplekt\u0101cij\u0101 ietilpst asto\u0146u (8) stundu ieb\u016bv\u0113ts ierakst\u012b\u0161anas laiks, un tas ir sader\u012bgs ar AutoChart Zero Line SD kart\u0113m, kas nodro\u0161ina praktiski bezgal\u012bgu AutoChart Live kart\u0113\u0161anas jaudu.<\/p>\n<p>Sader\u012bgs ar vienu laivu t\u012bklu: Daudzi Humminbird mode\u013ci integr\u0113jas un sazin\u0101s ar Minn Kota motoriem un Cannon Optimum, lai ieg\u016btu vair\u0101k iesp\u0113ju. Izmantojiet vair\u0101k laika, kas pavad\u012bts uz \u016bdens, izmantojot ekskluz\u012bvu laivu vad\u012bbu un zivju \u0137er\u0161anas funkcijas One-Boat Network.<\/p>\n<p>Ethernet t\u012bkls: \u0101trgaitas Ethernet \u013cauj izveidot sp\u0113c\u012bgu, profesion\u0101las kvalit\u0101tes mak\u0161\u0137er\u0113\u0161anas sist\u0113mu. Viegli pievienojiet vair\u0101kus zivju mekl\u0113t\u0101jus vai atjauniniet savu eholoti uz papildu tehnolo\u0123ij\u0101m, piem\u0113ram, Minn Kota i-Pilot Link un Humminbird CHIRP Radar.<\/p>\n<p>Bluetooth: veiciet vad\u012bbu tie\u0161i no sava Humminbird ekr\u0101na, izmantojot bezvadu sakarus ar sader\u012bgiem Talon un Raptor sekla \u016bdens enkuriem, k\u0101 ar\u012b Cannon Optimum zemga\u013ciem. Papildu funkcijas ietver bezvadu programmat\u016bras atjaunin\u0101jumus no lietotnes Humminbird FishSmart un viedt\u0101lru\u0146u pazi\u0146ojumu par\u0101d\u012b\u0161anu j\u016bsu Humminbird ier\u012bc\u0113.<\/p>\n<p>Ieb\u016bv\u0113ts NMEA 2000 t\u012bkla savienojums: Pievienojiet papildapr\u012bkojuma NMEA 2000 t\u012bklu savai vad\u012bbas ier\u012bcei, lai ieg\u016btu v\u0113l vair\u0101k inform\u0101cijas; s\u0101kot no laivas veiktsp\u0113jas l\u012bdz laika apst\u0101k\u013ciem un \u016bdens apst\u0101k\u013ciem, izmantojiet to visu, izmantojot NMEA 2000 t\u012bklu.<\/p>\n<p>Savietojams ar CZone\u00ae Contact 6, Contact 6 Plus un digit\u0101laj\u0101m komut\u0101cijas ier\u012bc\u0113m<\/p>\n<p>Tehnisk\u0101s specifik\u0101cijas:<\/p>\n<p>Preces kods: 411550-1<br \/>\nS\u0113rija: SOLIX<br \/>\nDispleja izm\u0113rs &#8211; pa diagon\u0101li: 12,1 &#8221;<br \/>\nDispleja pikse\u013cu matrica: 1280H x 800V<br \/>\nSon\u0101rs-standarts: Dual Spectrum CHIRP, MEGA Down Imaging +, MEGA Side Imaging +<br \/>\nSon\u0101ra p\u0101rkl\u0101jums: 20 \u00b0, 42 \u00b0, 60 \u00b0, (2) 86 \u00b0 un (2) 55 \u00b0 @ -10dB<br \/>\nSon\u0101rs &#8211; p\u0113c izv\u0113les: 50 kHz, 50 \/ Low Airmar CHIRP un SM3000<br \/>\nCHIRP &#8211; atbalst\u012bt\u0101s frekvences: pilns re\u017e\u012bms (28\u201375 kHz), \u0161aurs re\u017e\u012bms (75\u2013155 kHz), p\u0113c izv\u0113les dzi\u013c\u016bdens (28\u2013250 kHz), platle\u0146\u0137a re\u017e\u012bms (130\u2013250 kHz)<br \/>\nAtbalst\u012bt\u0101s hidrolokatora frekvences: 50\/83\/200\/455\/800 kHz un 1,2 MHz<br \/>\nDzi\u013cuma son\u0101rs: 1200 p\u0113das (standarta dev\u0113js), 5000 p\u0113das (p\u0113c izv\u0113les Airmar CHIRP SM3000)<br \/>\nCHIRP &#8211; atbalst\u012bt\u0101s att\u0113lveido\u0161anas frekvences: 455 kHz DI + (435-535 kHz), 455 kHz SI + (405-505 kHz), 800 kHz DI + (800-860 kHz), 800 kHz SI + (780-840 kHz), MEGA DI + ( 1100\u20131200 kHz), MEGA SI + (1050\u20131175 kHz)<br \/>\nAtt\u0113lo\u0161ana no dzi\u013cuma uz leju: 125 p\u0113das (800 kHz), 250 p\u0113das (MEGA), 400 p\u0113das (455 kHz)<br \/>\nAtt\u0101luma att\u0113lojums no s\u0101niem (s\u0101nis): 250 p\u0113das (800 kHz), 500 p\u0113das (MEGA), 800 p\u0113das (455 kHz)<br \/>\nSaskarne: sk\u0101rienekr\u0101ns<br \/>\nFunkcijas: Bluetooth, Ieb\u016bv\u0113ts GPS, Ieb\u016bv\u0113ts kart\u0113\u0161ana, CHIRP digit\u0101l\u0101 son\u0101rs, Att\u0113la att\u0113lveido\u0161ana, Dual Spectrum CHIRP, MEGA Imaging +, T\u012bklo\u0161ana, S\u0101nu att\u0113lveido\u0161ana, Sk\u0101rienekr\u0101ns, Wi-Fi<br \/>\nAtmi\u0146as kartes slots: Dual Micro SD<br \/>\nSavietojams ar: AIS, AutoPilot, Minn Kota i-Pilot Link, Minn Kota Talon \/ Raptor, NMEA 2000, Radar, MEGA 360, One-Boat Network, Minn Kota ieb\u016bv\u0113to MEGA DI, Minn Kota ieb\u016bv\u0113to MEGA SI, Minn Kota US2 son\u0101rs<br \/>\nIeejas jauda: 10,8-20 VDC<br \/>\nJaudas maksimums: 8000 vati<br \/>\nIzejas jauda RMS: 1000 vati<br \/>\nEkr\u0101na momentuz\u0146\u0113mums: iek\u013cauts<br \/>\nSon\u0101ra ieraksts: iek\u013cauts<br \/>\nStandarta stiprin\u0101jums: Gimbal<br \/>\nStandarta stiprin\u0101jums: 13.82&#8243; x 9,55&#8243; x 4.79&#8243;<br \/>\nStiprin\u0101jums p\u0113c izv\u0113les: 13,82&#8243; x 8,21&#8243; x 1.2&#8243;<br \/>\nDev\u0113ja stiprin\u0101juma atra\u0161an\u0101s vieta: Transom<br \/>\nGPS kartogr\u0101fija: iek\u013cauta<br \/>\nGPS izseko\u0161ana: iek\u013cauta<br \/>\nSader\u012bba ar LakeMaster: J\u0101<br \/>\nCoast Master sader\u012bba: J\u0101<br \/>\nNavionics Gold \/ HotMaps savietojam\u012bba: j\u0101<br \/>\nNavionics Platinum + savietojam\u012bba: j\u0101<br \/>\nSader\u012bba ar plat\u012bnu: j\u0101<br \/>\nVirziena sensora GPS sader\u012bba: j\u0101<br \/>\nUzlabojama programmat\u016bra: j\u0101<br \/>\nSkat\u012bt iepriek\u0161 iestat\u012bt\u0101s atsl\u0113gas: N\u0113<br \/>\nX-Press Menu System: N\u0113<br \/>\nPiel\u0101gota digit\u0101l\u0101 nolas\u012b\u0161ana: j\u0101<br \/>\nPiel\u0101gota skata izv\u0113le: J\u0101<br \/>\nDispleja kr\u0101sas pel\u0113kto\u0146i: 16 bitu<br \/>\nDispleja izm\u0113rs: 8 &#8220;- 10&#8221;<br \/>\n\u0100trums: J\u0101<br \/>\nTemperat\u016bra: J\u0101<br \/>\nTemperat\u016bras trauksme: J\u0101<br \/>\nTemperat\u016bras grafiks: j\u0101<br \/>\nDev\u0113js iek\u013cauts: XM 14 HW MSI T<\/p>\n","protected":false},"excerpt":{"rendered":"<div class=\"product_property_wrapper\">\n<div class=\"product_option_name\">\n<div class=\"product_property_wrapper\">\n<div class=\"product_option_name\">\n<div class=\"product_property_wrapper\">\n<div class=\"product_option_name\">Modelis:\u00a0 \u00a0 \u00a0 \u00a0 \u00a0 \u00a0 \u00a0 \u00a0 \u00a0 \u00a0 \u00a0 \u00a0 \u00a0 \u00a0 \u00a0 \u00a0 \u00a0 Humminbird SOLIX<\/div>\n<\/div>\n<div class=\"product_property_wrapper\">\n<div class=\"product_option_name\">Displeja izm\u0113rs:\u00a0 \u00a0 \u00a0 \u00a0 \u00a0 \u00a0 \u00a0 \u00a0 \u00a0 \u00a0 \u00a012&#8243;<\/div>\n<\/div>\n<div class=\"product_property_wrapper\">\n<div class=\"product_option_name\">Ieb\u016bv\u0113ts GPS:\u00a0 \u00a0 \u00a0 \u00a0 \u00a0 \u00a0 \u00a0 \u00a0 \u00a0 \u00a0 \u00a0 \u00a0 \u00a0j\u0101<\/div>\n<\/div>\n<div class=\"product_property_wrapper\">\n<div class=\"product_option_name\">Iesp\u0113ja pievienot kartes:\u00a0 \u00a0 \u00a0 j\u0101<\/div>\n<\/div>\n<div class=\"product_property_wrapper\">\n<div class=\"product_option_name\">Kartploteris:\u00a0 \u00a0 \u00a0 \u00a0 \u00a0 \u00a0 \u00a0 \u00a0 \u00a0 \u00a0 \u00a0 \u00a0 \u00a0 \u00a0j\u0101<\/div>\n<\/div>\n<div class=\"product_property_wrapper\">\n<div class=\"product_option_name\">BlueChart\u00ae kartes:\u00a0 \u00a0 \u00a0 \u00a0 \u00a0 \u00a0 \u00a0 n\u0113<\/div>\n<\/div>\n<\/div>\n<\/div>\n<\/div>\n<\/div>\n","protected":false},"featured_media":15028,"comment_status":"open","ping_status":"closed","template":"","meta":[],"product_brand":[],"product_cat":[233,759],"product_tag":[],"class_list":{"0":"post-15027","1":"product","2":"type-product","3":"status-publish","4":"has-post-thumbnail","6":"product_cat-eholotes","7":"product_cat-solix-series","9":"first","10":"outofstock","11":"taxable","12":"shipping-taxable","13":"purchasable","14":"product-type-simple"},"jetpack_sharing_enabled":true,"_links":{"self":[{"href":"https:\/\/shop.bushboats.com\/index.php\/wp-json\/wp\/v2\/product\/15027","targetHints":{"allow":["GET"]}}],"collection":[{"href":"https:\/\/shop.bushboats.com\/index.php\/wp-json\/wp\/v2\/product"}],"about":[{"href":"https:\/\/shop.bushboats.com\/index.php\/wp-json\/wp\/v2\/types\/product"}],"replies":[{"embeddable":true,"href":"https:\/\/shop.bushboats.com\/index.php\/wp-json\/wp\/v2\/comments?post=15027"}],"wp:featuredmedia":[{"embeddable":true,"href":"https:\/\/shop.bushboats.com\/index.php\/wp-json\/wp\/v2\/media\/15028"}],"wp:attachment":[{"href":"https:\/\/shop.bushboats.com\/index.php\/wp-json\/wp\/v2\/media?parent=15027"}],"wp:term":[{"taxonomy":"product_brand","embeddable":true,"href":"https:\/\/shop.bushboats.com\/index.php\/wp-json\/wp\/v2\/product_brand?post=15027"},{"taxonomy":"product_cat","embeddable":true,"href":"https:\/\/shop.bushboats.com\/index.php\/wp-json\/wp\/v2\/product_cat?post=15027"},{"taxonomy":"product_tag","embeddable":true,"href":"https:\/\/shop.bushboats.com\/index.php\/wp-json\/wp\/v2\/product_tag?post=15027"}],"curies":[{"name":"wp","href":"https:\/\/api.w.org\/{rel}","templated":true}]}}