{"id":15058,"date":"2023-07-25T18:53:12","date_gmt":"2023-07-25T15:53:12","guid":{"rendered":"https:\/\/shop.bushboats.com\/?post_type=product&#038;p=15058"},"modified":"2024-03-26T01:25:49","modified_gmt":"2024-03-25T23:25:49","slug":"devejs-humminbird-xnt-9-si-180-t","status":"publish","type":"product","link":"https:\/\/shop.bushboats.com\/index.php\/produkts\/devejs-humminbird-xnt-9-si-180-t\/","title":{"rendered":"Dev\u0113js Humminbird XNT 9 SI 180 T"},"content":{"rendered":"<h4>Dev\u0113js Humminbird XNT 9 SI 180 T<\/h4>\n<p>Dev\u0113js Humminbird XNT 9 SI 180 T, nodro\u0161ina Side Iamging, Dual beam, 4 stari, darba frekvences 83\/200\/455 kHz. Temperat\u016bras dev\u0113js ieb\u016bv\u0113ts. Sken\u0113\u0161anas le\u0146\u0137i attiec\u012bgi 20\/60 gr\u0101dus konuss un 180 gr\u0101du v\u0113deklis.<\/p>\n<p>Str\u0101d\u0101s savienojum\u0101 ar\u00a0<a href=\"http:\/\/www.humminbird.com\/productCategory.aspx?compatibleProducts=710201-1\" target=\"_blank\" rel=\"noopener noreferrer\">\u0161iem apar\u0101tiem<\/a><\/p>\n","protected":false},"excerpt":{"rendered":"<p>Dev\u0113js Humminbird XNT 9 SI 180 T Dev\u0113js Humminbird XNT 9 SI 180 T, nodro\u0161ina Side Iamging, Dual beam, 4 stari, darba frekvences 83\/200\/455 kHz. Temperat\u016bras dev\u0113js ieb\u016bv\u0113ts. Sken\u0113\u0161anas le\u0146\u0137i attiec\u012bgi 20\/60 gr\u0101dus konuss un 180 gr\u0101du v\u0113deklis. Str\u0101d\u0101s savienojum\u0101 ar\u00a0\u0161iem apar\u0101tiem<\/p>\n","protected":false},"featured_media":15059,"comment_status":"open","ping_status":"closed","template":"","meta":[],"product_brand":[],"product_cat":[237],"product_tag":[],"class_list":{"0":"post-15058","1":"product","2":"type-product","3":"status-publish","4":"has-post-thumbnail","6":"product_cat-humminbird-aksesuari-2","8":"first","9":"instock","10":"taxable","11":"shipping-taxable","12":"purchasable","13":"product-type-simple"},"jetpack_sharing_enabled":true,"_links":{"self":[{"href":"https:\/\/shop.bushboats.com\/index.php\/wp-json\/wp\/v2\/product\/15058","targetHints":{"allow":["GET"]}}],"collection":[{"href":"https:\/\/shop.bushboats.com\/index.php\/wp-json\/wp\/v2\/product"}],"about":[{"href":"https:\/\/shop.bushboats.com\/index.php\/wp-json\/wp\/v2\/types\/product"}],"replies":[{"embeddable":true,"href":"https:\/\/shop.bushboats.com\/index.php\/wp-json\/wp\/v2\/comments?post=15058"}],"wp:featuredmedia":[{"embeddable":true,"href":"https:\/\/shop.bushboats.com\/index.php\/wp-json\/wp\/v2\/media\/15059"}],"wp:attachment":[{"href":"https:\/\/shop.bushboats.com\/index.php\/wp-json\/wp\/v2\/media?parent=15058"}],"wp:term":[{"taxonomy":"product_brand","embeddable":true,"href":"https:\/\/shop.bushboats.com\/index.php\/wp-json\/wp\/v2\/product_brand?post=15058"},{"taxonomy":"product_cat","embeddable":true,"href":"https:\/\/shop.bushboats.com\/index.php\/wp-json\/wp\/v2\/product_cat?post=15058"},{"taxonomy":"product_tag","embeddable":true,"href":"https:\/\/shop.bushboats.com\/index.php\/wp-json\/wp\/v2\/product_tag?post=15058"}],"curies":[{"name":"wp","href":"https:\/\/api.w.org\/{rel}","templated":true}]}}