{"id":15066,"date":"2023-07-25T19:03:03","date_gmt":"2023-07-25T16:03:03","guid":{"rendered":"https:\/\/shop.bushboats.com\/?post_type=product&#038;p=15066"},"modified":"2024-03-26T01:27:58","modified_gmt":"2024-03-25T23:27:58","slug":"xm-14-20-mdi-transom-solix-mega-di-devejs","status":"publish","type":"product","link":"https:\/\/shop.bushboats.com\/index.php\/produkts\/xm-14-20-mdi-transom-solix-mega-di-devejs\/","title":{"rendered":"XM-14-20 MDI Transom Solix MEGA DI dev\u0113js"},"content":{"rendered":"<h3>XM-14-20 MDI Transom Solix MEGA DI dev\u0113js<\/h3>\n<p>XM-14-20 MDI Transom Solix MEGA DI dev\u0113js \u2013 pie tran\u010da stiprin\u0101ms MEGA Down Imaging dev\u0113js, kas piem\u0113rots vair\u0101kiem Humminbird eholo\u0161u mode\u013ciem.<\/p>\n<p>MEGA Down Imaging un Digital CHIRP Dual Spectrum dev\u0113js ar 25\/42 gr\u0101du un 45\/75 gr\u0101du sken\u0113\u0161anu, 455 kHz\/800 kHz un 1,2 MHz frekvenc\u0113m. Piem\u0113rots ar\u012b temperat\u016bras nolas\u012b\u0161anai.<\/p>\n<h4>Papildus inform\u0101cija:<\/h4>\n<ul>\n<li>Sader\u012bgs ar: visiem APEX mode\u013ciem un visiem SOLIX mode\u013ciem l\u012bdz dev\u0113ja maksim\u0101laj\u0101m sp\u0113j\u0101m. ONIX s\u0113rija atbalsta vien\u012bgi 455\/800 kHz frekvences pieejamas DI.<\/li>\n<li>Kabe\u013ca garums: 20 p\u0113das<\/li>\n<li>1 gada ierobe\u017eot\u0101 garantija<\/li>\n<\/ul>\n<table class=\"table\" data-striping=\"1\">\n<tbody>\n<tr>\n<td><strong>Modelis<\/strong><\/td>\n<td>XM 14 20 MDI T \u2013 Transom SOLIX MEGA DI Transducer<\/td>\n<\/tr>\n<tr>\n<td><strong>Produkta kods<\/strong><\/td>\n<td>710271-1<\/td>\n<\/tr>\n<tr>\n<td><strong>UPC<\/strong><\/td>\n<td>0082324050855<\/td>\n<\/tr>\n<tr>\n<td><strong>Stiprin\u0101juma veids<\/strong><\/td>\n<td>Pie tran\u010da<\/td>\n<\/tr>\n<tr>\n<td><strong>Son\u0101ra veids<\/strong><\/td>\n<td>Dual Spectrum, MEGA Imaging<\/td>\n<\/tr>\n<tr>\n<td><strong>Piem\u0113rots mode\u013ciem<\/strong><\/td>\n<td>SOLIX 10, SOLIX 12, SOLIX 15<\/td>\n<\/tr>\n<tr>\n<td><b>P\u0101rtraukt\u0101 s\u0113rija<\/b><\/td>\n<td>ONIX<\/td>\n<\/tr>\n<tr>\n<td><strong>Garantija<\/strong><\/td>\n<td>Viena gada garantija<\/td>\n<\/tr>\n<\/tbody>\n<\/table>\n<p>Vair\u0101k inform\u0101cija par preci pieejama ra\u017eot\u0101ja\u00a0<a href=\"https:\/\/humminbird.johnsonoutdoors.com\/us\/shop\/accessories\/transducers\/xm-14-20-mdi-t-transom-solix-mega-di-transducer\">m\u0101jas lap\u0101<\/a>.<\/p>\n","protected":false},"excerpt":{"rendered":"<p>XM-14-20 MDI Transom Solix MEGA DI dev\u0113js \u2013 pie tran\u010da stiprin\u0101ms MEGA Down Imaging dev\u0113js, kas piem\u0113rots vair\u0101kiem Humminbird eholo\u0161u mode\u013ciem.<\/p>\n","protected":false},"featured_media":15067,"comment_status":"open","ping_status":"closed","template":"","meta":[],"product_brand":[],"product_cat":[237],"product_tag":[],"class_list":{"0":"post-15066","1":"product","2":"type-product","3":"status-publish","4":"has-post-thumbnail","6":"product_cat-humminbird-aksesuari-2","8":"first","9":"instock","10":"taxable","11":"shipping-taxable","12":"purchasable","13":"product-type-simple"},"jetpack_sharing_enabled":true,"_links":{"self":[{"href":"https:\/\/shop.bushboats.com\/index.php\/wp-json\/wp\/v2\/product\/15066","targetHints":{"allow":["GET"]}}],"collection":[{"href":"https:\/\/shop.bushboats.com\/index.php\/wp-json\/wp\/v2\/product"}],"about":[{"href":"https:\/\/shop.bushboats.com\/index.php\/wp-json\/wp\/v2\/types\/product"}],"replies":[{"embeddable":true,"href":"https:\/\/shop.bushboats.com\/index.php\/wp-json\/wp\/v2\/comments?post=15066"}],"wp:featuredmedia":[{"embeddable":true,"href":"https:\/\/shop.bushboats.com\/index.php\/wp-json\/wp\/v2\/media\/15067"}],"wp:attachment":[{"href":"https:\/\/shop.bushboats.com\/index.php\/wp-json\/wp\/v2\/media?parent=15066"}],"wp:term":[{"taxonomy":"product_brand","embeddable":true,"href":"https:\/\/shop.bushboats.com\/index.php\/wp-json\/wp\/v2\/product_brand?post=15066"},{"taxonomy":"product_cat","embeddable":true,"href":"https:\/\/shop.bushboats.com\/index.php\/wp-json\/wp\/v2\/product_cat?post=15066"},{"taxonomy":"product_tag","embeddable":true,"href":"https:\/\/shop.bushboats.com\/index.php\/wp-json\/wp\/v2\/product_tag?post=15066"}],"curies":[{"name":"wp","href":"https:\/\/api.w.org\/{rel}","templated":true}]}}