{"id":15251,"date":"2023-08-01T22:52:06","date_gmt":"2023-08-01T19:52:06","guid":{"rendered":"https:\/\/shop.bushboats.com\/?post_type=product&#038;p=15251"},"modified":"2023-08-02T07:31:41","modified_gmt":"2023-08-02T04:31:41","slug":"transportesanas-riteni-ar-regulejamu-augstumu-6-pozicijas-p-type-riepas-220mm-kajas-augstums-30cm","status":"publish","type":"product","link":"https:\/\/shop.bushboats.com\/index.php\/produkts\/transportesanas-riteni-ar-regulejamu-augstumu-6-pozicijas-p-type-riepas-220mm-kajas-augstums-30cm\/","title":{"rendered":"Palai\u0161anas rite\u0146i ar regul\u0113jamu augstumu (6 poz\u012bcijas, P Type, riepas 220mm, k\u0101jas augstums &#8211; 30cm)"},"content":{"rendered":"<p>Transport\u0113\u0161anas rite\u0146i, uzst\u0101d\u012b\u0161ana uz laivas tran\u010da. Ner\u016bs\u0113jo\u0161\u0101 t\u0113rauda palai\u0161anas rite\u0146i \u0113rtai laivu p\u0101rvieto\u0161anai uz \u016bdeni un no t\u0101.<\/p>\n<ol>\n<li>Piep\u016b\u0161amie PU rite\u0146i \u00d8 220 mm ar iek\u0161\u0113jo cauruli<\/li>\n<li>Kravnes\u012bba &#8211; 100 kg<\/li>\n<li>K\u0101jas augstums &#8211; 30cm<\/li>\n<li>Svars &#8211; 4,75 kg (p\u0101ri)<\/li>\n<li>Piem\u0113rojams laiv\u0101m ar piekarin\u0101mo motoru<\/li>\n<li>Brauciena laik\u0101 uz \u016bdens nav \u0161\u0137\u0113r\u0161\u013cu<\/li>\n<\/ol>\n","protected":false},"excerpt":{"rendered":"<p>Transport\u0113\u0161anas rite\u0146i, uzst\u0101d\u012b\u0161ana uz laivas tran\u010da. Ner\u016bs\u0113jo\u0161\u0101 t\u0113rauda palai\u0161anas rite\u0146i \u0113rtai laivu p\u0101rvieto\u0161anai uz \u016bdeni un no t\u0101. Piep\u016b\u0161amie PU rite\u0146i \u00d8 220 mm ar iek\u0161\u0113jo cauruli Kravnes\u012bba &#8211; 100 kg K\u0101jas augstums &#8211; 30cm Svars &#8211; 4,75 kg (p\u0101ri) Piem\u0113rojams laiv\u0101m ar piekarin\u0101mo motoru Brauciena laik\u0101 uz \u016bdens nav \u0161\u0137\u0113r\u0161\u013cu<\/p>\n","protected":false},"featured_media":15252,"comment_status":"open","ping_status":"closed","template":"","meta":[],"product_brand":[],"product_cat":[230],"product_tag":[],"class_list":{"0":"post-15251","1":"product","2":"type-product","3":"status-publish","4":"has-post-thumbnail","6":"product_cat-palaisanas-riteni","8":"first","9":"instock","10":"taxable","11":"shipping-taxable","12":"purchasable","13":"product-type-simple"},"jetpack_sharing_enabled":true,"_links":{"self":[{"href":"https:\/\/shop.bushboats.com\/index.php\/wp-json\/wp\/v2\/product\/15251","targetHints":{"allow":["GET"]}}],"collection":[{"href":"https:\/\/shop.bushboats.com\/index.php\/wp-json\/wp\/v2\/product"}],"about":[{"href":"https:\/\/shop.bushboats.com\/index.php\/wp-json\/wp\/v2\/types\/product"}],"replies":[{"embeddable":true,"href":"https:\/\/shop.bushboats.com\/index.php\/wp-json\/wp\/v2\/comments?post=15251"}],"wp:featuredmedia":[{"embeddable":true,"href":"https:\/\/shop.bushboats.com\/index.php\/wp-json\/wp\/v2\/media\/15252"}],"wp:attachment":[{"href":"https:\/\/shop.bushboats.com\/index.php\/wp-json\/wp\/v2\/media?parent=15251"}],"wp:term":[{"taxonomy":"product_brand","embeddable":true,"href":"https:\/\/shop.bushboats.com\/index.php\/wp-json\/wp\/v2\/product_brand?post=15251"},{"taxonomy":"product_cat","embeddable":true,"href":"https:\/\/shop.bushboats.com\/index.php\/wp-json\/wp\/v2\/product_cat?post=15251"},{"taxonomy":"product_tag","embeddable":true,"href":"https:\/\/shop.bushboats.com\/index.php\/wp-json\/wp\/v2\/product_tag?post=15251"}],"curies":[{"name":"wp","href":"https:\/\/api.w.org\/{rel}","templated":true}]}}