{"id":15342,"date":"2023-08-02T08:43:00","date_gmt":"2023-08-02T05:43:00","guid":{"rendered":"https:\/\/shop.bushboats.com\/?post_type=product&#038;p=15342"},"modified":"2025-11-12T21:19:14","modified_gmt":"2025-11-12T19:19:14","slug":"nerusejosa-terauda-ratini-laivu-motora-transportesanai-heavy-duty","status":"publish","type":"product","link":"https:\/\/shop.bushboats.com\/index.php\/produkts\/nerusejosa-terauda-ratini-laivu-motora-transportesanai-heavy-duty\/","title":{"rendered":"Ner\u016bs\u0113jo\u0161\u0101 t\u0113rauda rati\u0146i laivu motora transport\u0113\u0161anai (Heavy Duty)"},"content":{"rendered":"<p>Ner\u016bs\u0113jo\u0161\u0101 t\u0113rauda rati\u0146i laivu motora transport\u0113\u0161anai. Rati\u0146i, kas izgatavoti no ner\u016bs\u0113jo\u0161\u0101 t\u0113rauda ir iztur\u012bgi, tom\u0113r viegli un kompakti. Funkcijas: Viegla ner\u016bs\u0113jo\u0161\u0101 t\u0113rauda rati\u0146u konstrukcija. Salok\u0101ms \u012bpa\u0161i kompakt\u0101 tilpum\u0101. Pieg\u0101d\u0101ts iepriek\u0161 samont\u0113ts. Piep\u016b\u0161am\u0101s PU riepas \u00f8 260. Papildu rite\u0146i uz roktura \u0113rtai iekrau\u0161anai piekab\u0113 vai automa\u0161\u012bn\u0101, 3 roktura blo\u0137\u0113\u0161anas poz\u012bcijas. Kravnes\u012bba 85kg. Saloc\u012bts izm\u0113rs: augstums 260mm, platums 525mm, garums 645mm. Papla\u0161in\u0101ts izm\u0113rs: augstums 740mm, platums 525mm, garums 970mm.<\/p>\n","protected":false},"excerpt":{"rendered":"<p>Ner\u016bs\u0113jo\u0161\u0101 t\u0113rauda rati\u0146i laivu motora transport\u0113\u0161anai. Rati\u0146i, kas izgatavoti no ner\u016bs\u0113jo\u0161\u0101 t\u0113rauda ir iztur\u012bgi, tom\u0113r viegli un kompakti. Funkcijas: Viegla ner\u016bs\u0113jo\u0161\u0101 t\u0113rauda rati\u0146u konstrukcija. Salok\u0101ms \u012bpa\u0161i kompakt\u0101 tilpum\u0101. Pieg\u0101d\u0101ts iepriek\u0161 samont\u0113ts. Piep\u016b\u0161am\u0101s PU riepas \u00f8 260. Papildu rite\u0146i uz roktura \u0113rtai iekrau\u0161anai piekab\u0113 vai automa\u0161\u012bn\u0101, 3 roktura blo\u0137\u0113\u0161anas poz\u012bcijas. Kravnes\u012bba 85kg. Saloc\u012bts izm\u0113rs: augstums 260mm, [&hellip;]<\/p>\n","protected":false},"featured_media":15343,"comment_status":"open","ping_status":"closed","template":"","meta":[],"product_brand":[],"product_cat":[73,867],"product_tag":[],"class_list":{"0":"post-15342","1":"product","2":"type-product","3":"status-publish","4":"has-post-thumbnail","6":"product_cat-boat-motors-lv","7":"product_cat-ratini-laivu-motora-transportesanai","9":"first","10":"instock","11":"taxable","12":"shipping-taxable","13":"purchasable","14":"product-type-simple"},"jetpack_sharing_enabled":true,"_links":{"self":[{"href":"https:\/\/shop.bushboats.com\/index.php\/wp-json\/wp\/v2\/product\/15342","targetHints":{"allow":["GET"]}}],"collection":[{"href":"https:\/\/shop.bushboats.com\/index.php\/wp-json\/wp\/v2\/product"}],"about":[{"href":"https:\/\/shop.bushboats.com\/index.php\/wp-json\/wp\/v2\/types\/product"}],"replies":[{"embeddable":true,"href":"https:\/\/shop.bushboats.com\/index.php\/wp-json\/wp\/v2\/comments?post=15342"}],"wp:featuredmedia":[{"embeddable":true,"href":"https:\/\/shop.bushboats.com\/index.php\/wp-json\/wp\/v2\/media\/15343"}],"wp:attachment":[{"href":"https:\/\/shop.bushboats.com\/index.php\/wp-json\/wp\/v2\/media?parent=15342"}],"wp:term":[{"taxonomy":"product_brand","embeddable":true,"href":"https:\/\/shop.bushboats.com\/index.php\/wp-json\/wp\/v2\/product_brand?post=15342"},{"taxonomy":"product_cat","embeddable":true,"href":"https:\/\/shop.bushboats.com\/index.php\/wp-json\/wp\/v2\/product_cat?post=15342"},{"taxonomy":"product_tag","embeddable":true,"href":"https:\/\/shop.bushboats.com\/index.php\/wp-json\/wp\/v2\/product_tag?post=15342"}],"curies":[{"name":"wp","href":"https:\/\/api.w.org\/{rel}","templated":true}]}}