{"id":15462,"date":"2023-09-01T10:16:00","date_gmt":"2023-09-01T07:16:00","guid":{"rendered":"https:\/\/shop.bushboats.com\/?post_type=product&#038;p=15462"},"modified":"2025-07-01T13:15:40","modified_gmt":"2025-07-01T10:15:40","slug":"suzuki-dzinejs-df5as-modelis-df100btl-efi","status":"publish","type":"product","link":"https:\/\/shop.bushboats.com\/index.php\/produkts\/suzuki-dzinejs-df5as-modelis-df100btl-efi\/","title":{"rendered":"SUZUKI dzin\u0113js DF5AS"},"content":{"rendered":"<p>2016. gad\u0101\u00a0SUZUKI uzs\u0101ka\u00a0jauno, portat\u012bvo DF4A, DF5A un DF6A laivu dzin\u0113ju ra\u017eo\u0161anu, jaunie dzin\u0113ji ir\u00a0viegl\u0101ki, tikai 23.5 kg un pirmo reizi tika atr\u0101d\u012bti\u00a0D\u00fcsseldorf laivu izst\u0101des laik\u0101. Bez viegl\u0101 svara, jaunie piekaramie dzin\u0113ji b\u016bs \u0113rt\u0101ki lieto\u0161an\u0101, saglab\u0101jot savu\u00a0kvalit\u0101ti un lieto\u0161anas ilgm\u016b\u017e\u012bbu.<\/p>\n<p>Ar tehniskajiem jaunin\u0101jumiem un da\u017eiem vienk\u0101r\u0161iem, bet efekt\u012bviem risin\u0101jumiem, ergonomisku dizainu, \u0161ie jaunie mode\u013ci ir paroc\u012bgi lieto\u0161an\u0101. Kombin\u0101cij\u0101 ar vieglo svaru un diviem \u0113rtiem \u00a0rokturiem ne\u0161anai, var\u0113siet bez probl\u0113m\u0101m to p\u0101rvietot un uzlikt, no\u0146emt no savas laivas.<\/p>\n<p>Pilnveidota\u00a0dzin\u0113ja transport\u0113\u0161ana\u00a0gu\u013cus st\u0101vokl\u012b, jaun\u0101 3 &#8211; poz\u012bciju dzin\u0113ja glab\u0101\u0161ana, \u013cauj dzin\u0113ju novietot gu\u013cus uz jebkura no abiem dzin\u0113ja s\u0101niem vai dzin\u0113ja priek\u0161\u0113j\u0101s da\u013cas. \u0112rta\u00a0uzglab\u0101\u0161ana, bez ba\u017e\u0101m par degvielas vai e\u013c\u013cas nopl\u016bd\u0113m.<\/p>\n<p>Jaunajai\u00a0piespiedu e\u013c\u013co\u0161anas sist\u0113mai ir tie\u0161\u0101\u00a0e\u013c\u013cas padeve uz aug\u0161\u0113jo un apak\u0161\u0113jo klo\u0137v\u0101rpstas gult\u0146iem. E\u013c\u013co\u0161anas sist\u0113ma ir papildin\u0101ta ar e\u013c\u013cas filtru, kas ir at\u0161\u0137ir\u012bgs \u0161\u012bs\u00a0klases dzin\u0113jiem.\u00a0Tas iev\u0113rojami uzlabo t\u012bras motore\u013c\u013cas nok\u013c\u016b\u0161anu uz visiem kust\u012bgajiem mezgliem dzin\u0113j\u0101, un pagarina dzin\u0113ja darba m\u016b\u017eu.<\/p>\n<p>Degvielas b\u0101ka jaunajiem dzin\u0113jiem konstru\u0113ta t\u0101, lai piedarbinot dzin\u0113ju degviela uz pa\u0161teces principa nok\u013c\u016btu karburator\u0101, tas noz\u012bm\u0113, ka nav nepiecie\u0161ama papildus degvielas uzpump\u0113\u0161ana pirms dzin\u0113ja\u00a0piedarbin\u0101\u0161anas.<br \/>\nViegl\u0101kai piedarbin\u0101\u0161anai dzin\u0113ja sadales v\u0101rpsta ir apr\u012bkota ar dekomprestoru. Pilnveidots pacel\u0161anas meh\u0101nisms \u0101tr\u0101kai\u00a0dzin\u0113ja k\u0101jas fiks\u0101cijai.<\/p>\n<p>Vienm\u0113r\u012bga un klusa darb\u012bba, kuru nodro\u0161ina Suzuki in\u017eenieru ieviest\u0101 \u201cOFFSET\u201d klo\u0137v\u0101rpsta, k\u0101 tas ir lielajos dzin\u0113jos, kas padara vienm\u0113r\u012bg\u0101ku virzu\u013ca kust\u012bbu, t\u0101d\u0113j\u0101di uzlabojot darb\u012bbas efektivit\u0101ti un samazinot vibr\u0101ciju. Klo\u0137v\u0101rpsta atrodas mazliet nob\u012bd\u012bta no dzin\u0113ja cilindra centra, k\u0101 rezult\u0101t\u0101 tiek<\/p>\n<p>samazin\u0101ts virzu\u013ca spiediens uz cilindra sieni\u0146u un kust\u012bbas pretest\u012bba, palielinot dzin\u0113ja darb\u012bbas efektivit\u0101ti. Suzuki ir ar\u012b uzlabojis vad\u012bbas rokturi, lai v\u0113l vair\u0101k mazin\u0101tu vibr\u0101ciju uz vad\u012bt\u0101ja\u00a0roku\u00a0lieto\u0161anas laik\u0101.<\/p>\n<p>Dzin\u0113ja alum\u012bnija da\u013cas ir p\u0101rkl\u0101tas ar Suzuki antikorozijas p\u0101rkl\u0101jumu vair\u0101kos sl\u0101\u0146os. Tas nodro\u0161in\u0101s jauno laivas dzin\u0113ju ilgsto\u0161i lielisku izskatu kop\u0101 ar jaun\u0101 dizaina s\u0101na uzl\u012bm\u0113m un Nebular melno kr\u0101su.<\/p>\n<p>*Braucot ar motorlaivu vienm\u0113r lietojiet personisko gl\u0101b\u0161anas apr\u012bkojumu.\\<\/p>\n<p>Garantijas laiks : <strong>3 gadi<\/strong><\/p>\n<p><a href=\"https:\/\/shop.bushboats.com\/wp-content\/uploads\/2023\/09\/DF4A_5A_6A_lietotaja_instrukcija.pdf\">DF4A_5A_6A_lietot\u0101ja_instrukcija<\/a><\/p>\n","protected":false},"excerpt":{"rendered":"<p><strong>\u00a0<\/strong><\/p>\n<p><strong>Tehnisk\u0101 Specifik\u0101cija:<\/strong><\/p>\n<p>&nbsp;<\/p>\n<table border=\"0\">\n<tbody>\n<tr>\n<td><strong>K\u0101jas garums \/ dzin\u0113ja svars:\u00a0\u00a0\u00a0<\/strong><\/td>\n<td><strong>\u00a0<\/strong><\/td>\n<td><strong>S 381mm \/ 23.5kg L 508mm \/24.5kg<\/strong><\/td>\n<\/tr>\n<tr>\n<td><strong>Starteris:<\/strong><\/td>\n<td><strong>\u00a0<\/strong><\/td>\n<td><strong>Rokas atsitiena<\/strong><\/td>\n<\/tr>\n<tr>\n<td><strong>Cilindru skaits:<\/strong><\/td>\n<td><strong>\u00a0<\/strong><\/td>\n<td><strong>1<\/strong><\/td>\n<\/tr>\n<tr>\n<td><strong>Dzin\u0113ja tilpums:<\/strong><\/td>\n<td><strong>\u00a0<\/strong><\/td>\n<td><strong>138cm3<\/strong><\/td>\n<\/tr>\n<tr>\n<td><strong>Dzin\u0113ja vad\u012bba:\u00a0\u00a0<\/strong><\/td>\n<td><strong>\u00a0<\/strong><\/td>\n<td><strong>rokas<\/strong><\/td>\n<\/tr>\n<tr>\n<td><strong>Degvielas sist\u0113ma:<\/strong><\/td>\n<td><strong>\u00a0<\/strong><\/td>\n<td><strong>karburators<\/strong><\/td>\n<\/tr>\n<tr>\n<td><strong>E\u013c\u013cas karteris:<\/strong><\/td>\n<td><strong>\u00a0<\/strong><\/td>\n<td><strong>0,7L<\/strong><\/td>\n<\/tr>\n<tr>\n<td><strong>Degvielas tvertne:<\/strong><\/td>\n<td><strong>\u00a0<\/strong><\/td>\n<td><strong>1,0L ( ieb\u016bv\u0113ta )<\/strong><\/td>\n<\/tr>\n<tr>\n<td><strong>\u0122enerators:\u00a0<\/strong><\/td>\n<td><strong>\u00a0<\/strong><\/td>\n<td><strong>12V 5A ( Papildapr\u012bkojums )<\/strong><\/td>\n<\/tr>\n<tr>\n<td><strong>Dzin\u0113ja izcel\u0161ana:<\/strong><\/td>\n<td><strong>\u00a0<\/strong><\/td>\n<td><strong>rokas<\/strong><\/td>\n<\/tr>\n<tr>\n<td><strong>Atg\u0101zu izpl\u016bde:<\/strong><\/td>\n<td><strong>\u00a0<\/strong><\/td>\n<td><strong>zem kavit\u0101cijas pl\u0101ksnes<\/strong><\/td>\n<\/tr>\n<tr>\n<td><strong>Reduktora attiec\u012bba:<\/strong><\/td>\n<td><strong>\u00a0<\/strong><\/td>\n<td><strong>1,92:1<\/strong><\/td>\n<\/tr>\n<\/tbody>\n<\/table>\n","protected":false},"featured_media":15493,"comment_status":"open","ping_status":"closed","template":"","meta":[],"product_brand":[],"product_cat":[73,279],"product_tag":[],"class_list":{"0":"post-15462","1":"product","2":"type-product","3":"status-publish","4":"has-post-thumbnail","6":"product_cat-boat-motors-lv","7":"product_cat-suzuki-laivu-dzineji","9":"first","10":"instock","11":"taxable","12":"shipping-taxable","13":"purchasable","14":"product-type-simple"},"jetpack_sharing_enabled":true,"_links":{"self":[{"href":"https:\/\/shop.bushboats.com\/index.php\/wp-json\/wp\/v2\/product\/15462","targetHints":{"allow":["GET"]}}],"collection":[{"href":"https:\/\/shop.bushboats.com\/index.php\/wp-json\/wp\/v2\/product"}],"about":[{"href":"https:\/\/shop.bushboats.com\/index.php\/wp-json\/wp\/v2\/types\/product"}],"replies":[{"embeddable":true,"href":"https:\/\/shop.bushboats.com\/index.php\/wp-json\/wp\/v2\/comments?post=15462"}],"wp:featuredmedia":[{"embeddable":true,"href":"https:\/\/shop.bushboats.com\/index.php\/wp-json\/wp\/v2\/media\/15493"}],"wp:attachment":[{"href":"https:\/\/shop.bushboats.com\/index.php\/wp-json\/wp\/v2\/media?parent=15462"}],"wp:term":[{"taxonomy":"product_brand","embeddable":true,"href":"https:\/\/shop.bushboats.com\/index.php\/wp-json\/wp\/v2\/product_brand?post=15462"},{"taxonomy":"product_cat","embeddable":true,"href":"https:\/\/shop.bushboats.com\/index.php\/wp-json\/wp\/v2\/product_cat?post=15462"},{"taxonomy":"product_tag","embeddable":true,"href":"https:\/\/shop.bushboats.com\/index.php\/wp-json\/wp\/v2\/product_tag?post=15462"}],"curies":[{"name":"wp","href":"https:\/\/api.w.org\/{rel}","templated":true}]}}