{"id":15527,"date":"2023-09-01T11:12:43","date_gmt":"2023-09-01T08:12:43","guid":{"rendered":"https:\/\/shop.bushboats.com\/?post_type=product&#038;p=15527"},"modified":"2024-03-26T09:39:25","modified_gmt":"2024-03-26T07:39:25","slug":"suzuki-dzinejs-df30atl-modelis-df250apx-efi","status":"publish","type":"product","link":"https:\/\/shop.bushboats.com\/index.php\/produkts\/suzuki-dzinejs-df30atl-modelis-df250apx-efi\/","title":{"rendered":"SUZUKI dzin\u0113js DF30ATL EFI"},"content":{"rendered":"<p><strong>Pilnveidojot da\u017eas Suzuki lab\u0101k\u0101s tehnolo\u0123ijas uz doto br\u012bdi \u0161ie b\u016bs viegl\u0101kie dzin\u0113ji 25 un 30 Zs klas\u0113.<\/strong><br \/>\n~ Dzin\u0113ju svars b\u0101zes komplekt\u0101cij\u0101 (&#8220;S&#8221; k\u0101ja, rokas vad\u012bba, bez startera) tikai 62 kg.<br \/>\n~ T\u0101pat k\u0101 DF20AS un DF15AS mode\u013ciem ar\u012b \u0161iem dzin\u0113jiem b\u016bs &#8220;bez-akumulatora&#8221; degvielas iesmidzin\u0101\u0161anas sist\u0113ma, jeb\u00a0EFI<br \/>\n~ Pilveidots\u00a0rokas starteris, viegl\u0101kai\u00a0dzin\u0113ja piedarbin\u0101\u0161anai.<\/p>\n<p>~ Dzin\u0113ja darb\u012bba ir \u013coti stabila ar minim\u0101lu\u00a0vibr\u0101ciju. Jaun\u0101 gaisa apmai\u0146as sist\u0113ma un gaisa filtrs padara dzin\u0113ju \u013coti klusu darb\u012bb\u0101.<\/p>\n<p>~\u00a0Suzuki Lean\u00a0Burn system\u00a0jaunajos DF25A un DF30A dzin\u0113jos, kas samazina degvielas pat\u0113ri\u0146u l\u012bdz 15% sal\u012bdzin\u0101jum\u0101 ar iepriek\u0161\u0113j\u0101s paaudzes modeli.<\/p>\n<p>~ Janajiem Suzuki DF30A un DF25A\u00a0<a href=\"http:\/\/vimmo.lv\/dzineji\">laivu dzin\u0113jiem<\/a>, pirmajiem sav\u0101 klas\u0113 tiks izmantoti v\u0101rstu rokeru rull\u012b\u0161i, kas at\u0161\u0137ir\u012bb\u0101 no tradicion\u0101lajiem v\u0101rstu rokeriem at\u0161\u0137iras ar izspied\u0113ja rull\u012bti un gultni taj\u0101. T\u0101d\u0101 veid\u0101 nomainot sl\u012bdes kust\u012bbu uz rot\u0113jo\u0161u kust\u012bbu, kas samazina berzi v\u0101rstu rokeriem \u0161\u016bpojoties.<\/p>\n<p>~ V\u0113l viens \u0161\u012bs jaudas\u00a0klases jaunums ir\u00a0dzin\u0113ja konstrukcija, ar OFFSET CRANKSHAFT (nob\u012bd\u012bta klo\u0137v\u0101rpsta) l\u012bdz\u012bgi k\u0101 Suzuki DF140 (140Zs)\u00a0laivu dzin\u0113jos, kas pirmk\u0101rt samazina virzu\u013ca s\u0101nu spiedienu uz cilindra sien\u0101m, t\u0101dej\u0101di padarot glud\u0101ku un viegl\u0101ku virzu\u013ca darba gaitu un efekt\u012bv\u0101ku dzin\u0113ja darb\u012bbu kopsum\u0101, un otrk\u0101rt l\u012bdzsvaro dzin\u0113ja svaru uz laivas tran\u010da (borta).<\/p>\n<p>~ Jaunie Suzuki DF25\/30A mode\u013ci ir apr\u012bkoti ar jauniem dzin\u0113ju p\u0101rsegiem, kas nodro\u0161ina\u00a0\u0101tr\u0101ku gaisa\u00a0padevi\u00a0iepl\u016bdes kolektoram, kam pal\u012bdz ar\u012b rot\u0113jo\u0161ais spararats &#8211; apmainot silto gaisu zem dzin\u0113ja p\u0101rsega ar v\u0113s\u0101ko kas iepl\u016bst no \u0101rpuses.\u00a0Jaun\u0101\u00a0tipa\u00a0iepl\u016bdes kolektors \u013cauj\u00a0ar\u012b no maz\u0101kas kubat\u016bras dzin\u0113jiem ieg\u016bt liel\u0101ku jaudu.<\/p>\n<p>~ Uzlabojot dzin\u0113ja tehnisk\u0101s \u012bpa\u0161\u012bbas, Suzuki in\u017eenieri nav aizmirsu\u0161i par liet\u0101m, kas atvieglo dzin\u0113ja kop\u0161anu, transport\u0113\u0161anu un glab\u0101\u0161anu. K\u0101 piem\u0113rs &#8211;\u00a0\u0113rta dzin\u0113ja skalo\u0161anas sist\u0113ma, kas \u013cauj \u0113rti izskalot dzin\u0113ju no j\u016bras s\u0101ls, smilt\u012bm un net\u012brumiem<\/p>\n<p><strong>~ LED dzin\u0113ja diagnostikas indikatori<\/strong><br \/>\nJaunie dzin\u0113ji apr\u012bkoti ar 3 LED diagnostikas indikatoriem, lai \u0113rt\u0101, viegli uzveram\u0101 veid\u0101 J\u016bs inform\u0113tu par dzin\u0113ja darb\u012bbu.<\/p>\n<p>Kas attiecas uz dzin\u0113ja transport\u0113\u0161anu un glab\u0101\u0161anu, tam kalpo kompaktais dizains un vieglais dzin\u0113ja svars &#8211; 62 kg<\/p>\n<p>*Braucot ar motorlaivu vienm\u0113r lietojiet personisko gl\u0101b\u0161anas apr\u012bkojumu.<\/p>\n<p>Garantijas laiks : 5 gadi<\/p>\n<p><a href=\"https:\/\/shop.bushboats.com\/wp-content\/uploads\/2023\/09\/DF25A_DF30A_lietotaja_instrukcij-1.pdf\">DF25A_DF30A_lietot\u0101ja_instrukcij<\/a><\/p>\n","protected":false},"excerpt":{"rendered":"<p><strong>Tehnisk\u0101 Specifik\u0101cija<\/strong><\/p>\n<p><u>\u00a0*(R) &#8211; Distances vad\u012bbas modelis<\/u><\/p>\n<p><strong><u>_*(T) &#8211; modelis ar hidraulisko dzin\u0113ja pacel\u0161anu<\/u><\/strong><\/p>\n<p>&nbsp;<\/p>\n<table cellspacing=\"8\">\n<tbody>\n<tr>\n<td>K\u0101jas garums \/\u00a0dzin\u0113ja svars\u00a0:<\/td>\n<td>S: 381 mm \/\u00a062 kg \/ (AT) 70 kg<br \/>\nL:\u00a0510 mm \/\u00a063 kg \/ (AT) 72 kg<\/td>\n<\/tr>\n<tr>\n<td>Virzu\u013ca diametrs\u00a0x\u00a0g\u0101jiens :<\/td>\n<td>60,4\u00a0x\u00a057 mm<\/td>\n<\/tr>\n<tr>\n<td>Dzenskr\u016bvju vari\u0101cijas\u00a0(so\u013ci) :<\/td>\n<td>9\u00a0&#8221; &#8211; 14&#8243;<\/td>\n<\/tr>\n<tr>\n<td>Starteris:<\/td>\n<td>Elektrisks (R) (T)\u00a0\/ Rokas<\/td>\n<\/tr>\n<tr>\n<td>Dzin\u0113js tips:<\/td>\n<td>OHC &#8211; 6 V\u0101rstu<\/td>\n<\/tr>\n<tr>\n<td>Degvielas padeves sist\u0113ma :<\/td>\n<td>Elektrisk\u0101 degvielas iesmidze<\/td>\n<\/tr>\n<tr>\n<td>Cilindru skaits :<\/td>\n<td>3 (rind\u0101)<\/td>\n<\/tr>\n<tr>\n<td>Cilindra\u00a0tilpums cm<sup>3<\/sup>:<\/td>\n<td>490<\/td>\n<\/tr>\n<tr>\n<td>Maksim\u0101l\u0101 jauda Zs (kW)\u00a0:<\/td>\n<td>DF25A (18,4) \/ DF30A (22,1)<\/td>\n<\/tr>\n<tr>\n<td>Dzin\u0113ja vad\u012bba\u00a0:<\/td>\n<td>Distances \/ Rokas<\/td>\n<\/tr>\n<tr>\n<td>E\u013c\u013cas\u00a0kartera ietilp\u012bba:<\/td>\n<td>1.5\u00a0Lit .<\/td>\n<\/tr>\n<tr>\n<td>Aizdedzes sist\u0113ma:<\/td>\n<td>Elektroniska CDI<\/td>\n<\/tr>\n<tr>\n<td>\u0122enerators :<\/td>\n<td>Distances vad. mod. (R)\u00a012V 14A<\/td>\n<\/tr>\n<tr>\n<td>Dzin\u0113ja pacel\u0161ana\u00a0:<\/td>\n<td>Manu\u0101la rokas \/ Manu\u0101la ar hidrocilindru \/ hidraulisk\u0101<\/td>\n<\/tr>\n<tr>\n<td>Reduktora\u00a0zobratu attiec\u012bba\u00a0:<\/td>\n<td>2.09:1<\/td>\n<\/tr>\n<tr>\n<td>P\u0101rnesumu p\u0101rsl\u0113g\u0161ana :<\/td>\n<td>F -N- R<\/td>\n<\/tr>\n<tr>\n<td>Atg\u0101zu izpl\u016bde :<\/td>\n<td>Caur dzenskr\u016bvi<\/td>\n<\/tr>\n<\/tbody>\n<\/table>\n","protected":false},"featured_media":15528,"comment_status":"open","ping_status":"closed","template":"","meta":[],"product_brand":[],"product_cat":[73,279],"product_tag":[],"class_list":{"0":"post-15527","1":"product","2":"type-product","3":"status-publish","4":"has-post-thumbnail","6":"product_cat-boat-motors-lv","7":"product_cat-suzuki-laivu-dzineji","9":"first","10":"instock","11":"taxable","12":"shipping-taxable","13":"purchasable","14":"product-type-simple"},"jetpack_sharing_enabled":true,"_links":{"self":[{"href":"https:\/\/shop.bushboats.com\/index.php\/wp-json\/wp\/v2\/product\/15527","targetHints":{"allow":["GET"]}}],"collection":[{"href":"https:\/\/shop.bushboats.com\/index.php\/wp-json\/wp\/v2\/product"}],"about":[{"href":"https:\/\/shop.bushboats.com\/index.php\/wp-json\/wp\/v2\/types\/product"}],"replies":[{"embeddable":true,"href":"https:\/\/shop.bushboats.com\/index.php\/wp-json\/wp\/v2\/comments?post=15527"}],"wp:featuredmedia":[{"embeddable":true,"href":"https:\/\/shop.bushboats.com\/index.php\/wp-json\/wp\/v2\/media\/15528"}],"wp:attachment":[{"href":"https:\/\/shop.bushboats.com\/index.php\/wp-json\/wp\/v2\/media?parent=15527"}],"wp:term":[{"taxonomy":"product_brand","embeddable":true,"href":"https:\/\/shop.bushboats.com\/index.php\/wp-json\/wp\/v2\/product_brand?post=15527"},{"taxonomy":"product_cat","embeddable":true,"href":"https:\/\/shop.bushboats.com\/index.php\/wp-json\/wp\/v2\/product_cat?post=15527"},{"taxonomy":"product_tag","embeddable":true,"href":"https:\/\/shop.bushboats.com\/index.php\/wp-json\/wp\/v2\/product_tag?post=15527"}],"curies":[{"name":"wp","href":"https:\/\/api.w.org\/{rel}","templated":true}]}}