{"id":15552,"date":"2023-09-01T11:12:43","date_gmt":"2023-09-01T08:12:43","guid":{"rendered":"https:\/\/shop.bushboats.com\/index.php\/produkts\/suzuki-dzinejs-df30atl-modelis-df250apx-efi\/"},"modified":"2023-09-04T14:57:26","modified_gmt":"2023-09-04T11:57:26","slug":"suzuki-dzinejs-df30atl-modelis-df250apx-efi","status":"publish","type":"product","link":"https:\/\/shop.bushboats.com\/index.php\/produkts\/suzuki-dzinejs-df30atl-modelis-df250apx-efi\/?lang=en","title":{"rendered":"SUZUKI DF30ATL EFI engine model"},"content":{"rendered":"<h3>DF30A EFI<\/h3>\n<p>State-of-the-Art designs make the new DF30A the most technically advanced portable outboard on the market today.\u00a0\u00a0This is the world&#8217;s first 30 hp outboard motor designed with Lean Burn and Battery-Less Electronic Fuel Injection. The Suzuki EFI system operates Battery-Less, which is an industry first in this horse-power class. The DF30A is a smooth running &#8220;Next Generation&#8221; four stroke which delivers quick starts, great accelleration, awesome performance and superior fuel economy. Go Lean, Clean and Green, Go Suzuki!<\/p>\n<p>Warranty period : 5 years<\/p>\n<p><a href=\"https:\/\/shop.bushboats.com\/wp-content\/uploads\/2023\/09\/DF25A_DF30A_lietotaja_instrukcij-1.pdf\">DF25A_DF30A_lietot\u0101ja_instrukcij<\/a><\/p>\n","protected":false},"excerpt":{"rendered":"<p><strong>Tehnisk\u0101 Specifik\u0101cija<\/strong><\/p>\n<p><u>\u00a0*(R) &#8211; Distances vad\u012bbas modelis<\/u><\/p>\n<p><strong><u>_*(T) &#8211; modelis ar hidraulisko dzin\u0113ja pacel\u0161anu<\/u><\/strong><\/p>\n<p>&nbsp;<\/p>\n<table cellspacing=\"8\">\n<tbody>\n<tr>\n<td>K\u0101jas garums \/\u00a0dzin\u0113ja svars\u00a0:<\/td>\n<td>S: 381 mm \/\u00a062 kg \/ (AT) 70 kg<br \/>\nL:\u00a0510 mm \/\u00a063 kg \/ (AT) 72 kg<\/td>\n<\/tr>\n<tr>\n<td>Virzu\u013ca diametrs\u00a0x\u00a0g\u0101jiens :<\/td>\n<td>60,4\u00a0x\u00a057 mm<\/td>\n<\/tr>\n<tr>\n<td>Dzenskr\u016bvju vari\u0101cijas\u00a0(so\u013ci) :<\/td>\n<td>9\u00a0&#8221; &#8211; 14&#8243;<\/td>\n<\/tr>\n<tr>\n<td>Starteris:<\/td>\n<td>Elektrisks (R) (T)\u00a0\/ Rokas<\/td>\n<\/tr>\n<tr>\n<td>Dzin\u0113js tips:<\/td>\n<td>OHC &#8211; 6 V\u0101rstu<\/td>\n<\/tr>\n<tr>\n<td>Degvielas padeves sist\u0113ma :<\/td>\n<td>Elektrisk\u0101 degvielas iesmidze<\/td>\n<\/tr>\n<tr>\n<td>Cilindru skaits :<\/td>\n<td>3 (rind\u0101)<\/td>\n<\/tr>\n<tr>\n<td>Cilindra\u00a0tilpums cm<sup>3<\/sup>:<\/td>\n<td>490<\/td>\n<\/tr>\n<tr>\n<td>Maksim\u0101l\u0101 jauda Zs (kW)\u00a0:<\/td>\n<td>DF25A (18,4) \/ DF30A (22,1)<\/td>\n<\/tr>\n<tr>\n<td>Dzin\u0113ja vad\u012bba\u00a0:<\/td>\n<td>Distances \/ Rokas<\/td>\n<\/tr>\n<tr>\n<td>E\u013c\u013cas\u00a0kartera ietilp\u012bba:<\/td>\n<td>1.5\u00a0Lit .<\/td>\n<\/tr>\n<tr>\n<td>Aizdedzes sist\u0113ma:<\/td>\n<td>Elektroniska CDI<\/td>\n<\/tr>\n<tr>\n<td>\u0122enerators :<\/td>\n<td>Distances vad. mod. (R)\u00a012V 14A<\/td>\n<\/tr>\n<tr>\n<td>Dzin\u0113ja pacel\u0161ana\u00a0:<\/td>\n<td>Manu\u0101la rokas \/ Manu\u0101la ar hidrocilindru \/ hidraulisk\u0101<\/td>\n<\/tr>\n<tr>\n<td>Reduktora\u00a0zobratu attiec\u012bba\u00a0:<\/td>\n<td>2.09:1<\/td>\n<\/tr>\n<tr>\n<td>P\u0101rnesumu p\u0101rsl\u0113g\u0161ana :<\/td>\n<td>F -N- R<\/td>\n<\/tr>\n<tr>\n<td>Atg\u0101zu izpl\u016bde :<\/td>\n<td>Caur dzenskr\u016bvi<\/td>\n<\/tr>\n<\/tbody>\n<\/table>\n","protected":false},"featured_media":15529,"comment_status":"open","ping_status":"closed","template":"","meta":[],"product_brand":[],"product_cat":[72,280],"product_tag":[],"class_list":{"0":"post-15552","1":"product","2":"type-product","3":"status-publish","4":"has-post-thumbnail","6":"product_cat-boat-motors","7":"product_cat-suzuki-engines","9":"first","10":"instock","11":"taxable","12":"shipping-taxable","13":"purchasable","14":"product-type-simple"},"jetpack_sharing_enabled":true,"_links":{"self":[{"href":"https:\/\/shop.bushboats.com\/index.php\/wp-json\/wp\/v2\/product\/15552","targetHints":{"allow":["GET"]}}],"collection":[{"href":"https:\/\/shop.bushboats.com\/index.php\/wp-json\/wp\/v2\/product"}],"about":[{"href":"https:\/\/shop.bushboats.com\/index.php\/wp-json\/wp\/v2\/types\/product"}],"replies":[{"embeddable":true,"href":"https:\/\/shop.bushboats.com\/index.php\/wp-json\/wp\/v2\/comments?post=15552"}],"wp:featuredmedia":[{"embeddable":true,"href":"https:\/\/shop.bushboats.com\/index.php\/wp-json\/wp\/v2\/media\/15529"}],"wp:attachment":[{"href":"https:\/\/shop.bushboats.com\/index.php\/wp-json\/wp\/v2\/media?parent=15552"}],"wp:term":[{"taxonomy":"product_brand","embeddable":true,"href":"https:\/\/shop.bushboats.com\/index.php\/wp-json\/wp\/v2\/product_brand?post=15552"},{"taxonomy":"product_cat","embeddable":true,"href":"https:\/\/shop.bushboats.com\/index.php\/wp-json\/wp\/v2\/product_cat?post=15552"},{"taxonomy":"product_tag","embeddable":true,"href":"https:\/\/shop.bushboats.com\/index.php\/wp-json\/wp\/v2\/product_tag?post=15552"}],"curies":[{"name":"wp","href":"https:\/\/api.w.org\/{rel}","templated":true}]}}