{"id":15863,"date":"2023-12-27T18:11:28","date_gmt":"2023-12-27T16:11:28","guid":{"rendered":"https:\/\/shop.bushboats.com\/?post_type=product&#038;p=15863"},"modified":"2024-11-01T23:00:09","modified_gmt":"2024-11-01T21:00:09","slug":"bush-kanoe-amata-400","status":"publish","type":"product","link":"https:\/\/shop.bushboats.com\/index.php\/produkts\/bush-kanoe-amata-400\/","title":{"rendered":"BUSH Kanoe Amata 400"},"content":{"rendered":"<p>Pieredz\u0113ju\u0161i laivot\u0101ji \u0101tri saprat\u012bs \u0161o lielisko kanoe.<br \/>\nSt\u012bvs, stabils uz vi\u013c\u0146iem un \u0101tri uz ezeriem. Baltaj\u0101 \u016bden\u012b kanoe laiv\u0101 nok\u013c\u016bst \u013coti maz vi\u013c\u0146u.<br \/>\nDaudz vietas, lai s\u0113d\u0113tu uz pui\u0161a s\u0113dek\u013ciem vai ce\u013cos iek\u0161\u0101, lai ieg\u016btu lab\u0101ku stabilit\u0101ti baltaj\u0101 \u016bden\u012b.<br \/>\nDizains un audums padara kanoe iev\u0113rojami st\u012bvu, neizmantojot papildu stiprin\u0101jumus.<br \/>\n\u016adens pa\u0161izvad\u012b\u0161ana ar dren\u0101\u017eas uzmavas pal\u012bdz\u012bbu laivas aizmugur\u0113. Up\u0113s l\u012bdz 3. klasei \u0161o sist\u0113mu var sl\u0113gt, un AMATA kanoe k\u013c\u016bst par ku\u0123i, kas vajadz\u012bbas gad\u012bjum\u0101 sp\u0113j p\u0101rvad\u0101t lielu kravu.<br \/>\nIeteicams ekip\u0101\u017eai ar kop\u0113jo svaru 100 \u2013 190 kg (200 \u2013 400 m\u0101rci\u0146as).<\/p>\n<p>Standarta komplekts:<\/p>\n<p>s\u0113deklis \u2013 2 gab.<br \/>\ninfl\u0101cijas s\u016bknis<br \/>\nsoma<br \/>\nremonta komplekts<br \/>\n* piecu (5) gadu garantija attiecas uz materi\u0101lu, no kura izgatavota laiva, un piep\u016b\u0161am\u0101s peldsp\u0113jas caurules \u0161uv\u0113m. Visas p\u0101r\u0113j\u0101s deta\u013cas un materi\u0101li ir apdro\u0161in\u0101ti divus (2) gadus.<\/p>\n<p>&nbsp;<\/p>\n<p>&nbsp;<\/p>\n","protected":false},"excerpt":{"rendered":"<table class=\"woocommerce-product-attributes shop_attributes\">\n<tbody>\n<tr class=\"woocommerce-product-attributes-item woocommerce-product-attributes-item--weight\">\n<th class=\"woocommerce-product-attributes-item__label\">Weight<\/th>\n<td class=\"woocommerce-product-attributes-item__value\">23 kg<\/td>\n<\/tr>\n<tr class=\"woocommerce-product-attributes-item woocommerce-product-attributes-item--dimensions\">\n<th class=\"woocommerce-product-attributes-item__label\">Dimensions<\/th>\n<td class=\"woocommerce-product-attributes-item__value\">4.00 \u00d7 1.06 m<\/td>\n<\/tr>\n<tr class=\"woocommerce-product-attributes-item woocommerce-product-attributes-item--attribute_kab%c4%abnes-garums-m\">\n<th class=\"woocommerce-product-attributes-item__label\">Kab\u012bnes garums, m<\/th>\n<td class=\"woocommerce-product-attributes-item__value\"><\/td>\n<\/tr>\n<tr class=\"woocommerce-product-attributes-item woocommerce-product-attributes-item--attribute_kab%c4%abnes-platums-m\">\n<th class=\"woocommerce-product-attributes-item__label\">Kab\u012bnes platums, m<\/th>\n<td class=\"woocommerce-product-attributes-item__value\"><\/td>\n<\/tr>\n<tr class=\"woocommerce-product-attributes-item woocommerce-product-attributes-item--attribute_cilindra-diametrs-m\">\n<th class=\"woocommerce-product-attributes-item__label\">Cilindra diametrs, m<\/th>\n<td class=\"woocommerce-product-attributes-item__value\">0.33<\/td>\n<\/tr>\n<tr class=\"woocommerce-product-attributes-item woocommerce-product-attributes-item--attribute_nodal%c4%abjumu-skaits-gab\">\n<th class=\"woocommerce-product-attributes-item__label\">Nodal\u012bjumu skaits, gab.<\/th>\n<td class=\"woocommerce-product-attributes-item__value\">2 + st\u0101vs<\/td>\n<\/tr>\n<tr class=\"woocommerce-product-attributes-item woocommerce-product-attributes-item--attribute_gr%c4%abdas-tips\">\n<th class=\"woocommerce-product-attributes-item__label\">Gr\u012bdas tips<\/th>\n<td class=\"woocommerce-product-attributes-item__value\">piep\u016b\u0161amais<\/td>\n<\/tr>\n<tr class=\"woocommerce-product-attributes-item woocommerce-product-attributes-item--attribute_maks-kravnes%c4%abba-kgs\">\n<th class=\"woocommerce-product-attributes-item__label\">Maks. kravnes\u012bba, kgs<\/th>\n<td class=\"woocommerce-product-attributes-item__value\">300<\/td>\n<\/tr>\n<tr class=\"woocommerce-product-attributes-item woocommerce-product-attributes-item--attribute_pasa%c5%beieru-skaits-pers\">\n<th class=\"woocommerce-product-attributes-item__label\">Pasa\u017eieru skaits, pers.<\/th>\n<td class=\"woocommerce-product-attributes-item__value\">2<\/td>\n<\/tr>\n<tr class=\"woocommerce-product-attributes-item woocommerce-product-attributes-item--attribute_maksim%c4%81l%c4%81-motora-jauda-kwhp\">\n<th class=\"woocommerce-product-attributes-item__label\">Maksim\u0101l\u0101 motora jauda, kW\/hp<\/th>\n<td class=\"woocommerce-product-attributes-item__value\">&#8211;<\/td>\n<\/tr>\n<tr class=\"woocommerce-product-attributes-item woocommerce-product-attributes-item--attribute_r%c4%81mja-augstums-m\">\n<th class=\"woocommerce-product-attributes-item__label\">R\u0101mja augstums, m<\/th>\n<td class=\"woocommerce-product-attributes-item__value\"><\/td>\n<\/tr>\n<tr class=\"woocommerce-product-attributes-item woocommerce-product-attributes-item--attribute_iepakojumu-gabalu-skaits\">\n<th class=\"woocommerce-product-attributes-item__label\">Iepakojumu, gabalu skaits<\/th>\n<td class=\"woocommerce-product-attributes-item__value\">1<\/td>\n<\/tr>\n<tr class=\"woocommerce-product-attributes-item woocommerce-product-attributes-item--attribute_iepakojuma-izm%c4%93ri-m\">\n<th class=\"woocommerce-product-attributes-item__label\">Iepakojuma izm\u0113ri, m<\/th>\n<td class=\"woocommerce-product-attributes-item__value\">1,20 x 0,45 x 0,55<\/td>\n<\/tr>\n<tr class=\"woocommerce-product-attributes-item woocommerce-product-attributes-item--attribute_dizaina-kategorija\">\n<th class=\"woocommerce-product-attributes-item__label\">Dizaina kategorija<\/th>\n<td class=\"woocommerce-product-attributes-item__value\"><\/td>\n<\/tr>\n<\/tbody>\n<\/table>\n","protected":false},"featured_media":22091,"comment_status":"open","ping_status":"closed","template":"","meta":[],"product_brand":[],"product_cat":[50],"product_tag":[],"class_list":{"0":"post-15863","1":"product","2":"type-product","3":"status-publish","4":"has-post-thumbnail","6":"product_cat-airu-laivas","8":"first","9":"instock","10":"taxable","11":"shipping-taxable","12":"purchasable","13":"product-type-variable"},"jetpack_sharing_enabled":true,"_links":{"self":[{"href":"https:\/\/shop.bushboats.com\/index.php\/wp-json\/wp\/v2\/product\/15863","targetHints":{"allow":["GET"]}}],"collection":[{"href":"https:\/\/shop.bushboats.com\/index.php\/wp-json\/wp\/v2\/product"}],"about":[{"href":"https:\/\/shop.bushboats.com\/index.php\/wp-json\/wp\/v2\/types\/product"}],"replies":[{"embeddable":true,"href":"https:\/\/shop.bushboats.com\/index.php\/wp-json\/wp\/v2\/comments?post=15863"}],"wp:featuredmedia":[{"embeddable":true,"href":"https:\/\/shop.bushboats.com\/index.php\/wp-json\/wp\/v2\/media\/22091"}],"wp:attachment":[{"href":"https:\/\/shop.bushboats.com\/index.php\/wp-json\/wp\/v2\/media?parent=15863"}],"wp:term":[{"taxonomy":"product_brand","embeddable":true,"href":"https:\/\/shop.bushboats.com\/index.php\/wp-json\/wp\/v2\/product_brand?post=15863"},{"taxonomy":"product_cat","embeddable":true,"href":"https:\/\/shop.bushboats.com\/index.php\/wp-json\/wp\/v2\/product_cat?post=15863"},{"taxonomy":"product_tag","embeddable":true,"href":"https:\/\/shop.bushboats.com\/index.php\/wp-json\/wp\/v2\/product_tag?post=15863"}],"curies":[{"name":"wp","href":"https:\/\/api.w.org\/{rel}","templated":true}]}}