{"id":16023,"date":"2024-01-02T16:33:26","date_gmt":"2024-01-02T14:33:26","guid":{"rendered":"https:\/\/shop.bushboats.com\/?post_type=product&#038;p=16023"},"modified":"2025-06-17T12:15:28","modified_gmt":"2025-06-17T09:15:28","slug":"gfn-kapteina-sedeklis-peleks-un-zils-ar-neilona-engem","status":"publish","type":"product","link":"https:\/\/shop.bushboats.com\/index.php\/produkts\/gfn-kapteina-sedeklis-peleks-un-zils-ar-neilona-engem\/","title":{"rendered":"GFN Saliekams m\u012bksts s\u0113deklis (zils\/balts)"},"content":{"rendered":"<p>\u0100das s\u0113dek\u013ca imit\u0101cija ar neilona e\u0146\u0123\u0113m un saliekamu atzveltni.<br \/>\nIde\u0101li piem\u0113rots jebkurai uzst\u0101d\u012b\u0161anai uz laivas vai piep\u016b\u0161am\u0101s laivas.<\/p>\n","protected":false},"excerpt":{"rendered":"<p>Platums\u00a0 \u00a0 \u00a0 \u00a0 \u00a0 \u00a0 \u00a0 \u00a0 \u00a0 \u00a0 \u00a0 \u00a0 \u00a0 \u00a0 \u00a0 \u00a0 \u00a0 \u00a0 \u00a0 500 mm<\/p>\n<p>Dzi\u013cums\u00a0 \u00a0 \u00a0 \u00a0 \u00a0 \u00a0 \u00a0 \u00a0 \u00a0 \u00a0 \u00a0 \u00a0 \u00a0 \u00a0 \u00a0 \u00a0 \u00a0 \u00a0 \u00a0 450 mm<\/p>\n<p>Augstums atv\u0113rt\u0101 st\u0101vokl\u012b\u00a0 \u00a0 \u00a0 460 mm<\/p>\n","protected":false},"featured_media":16024,"comment_status":"open","ping_status":"closed","template":"","meta":[],"product_brand":[],"product_cat":[652,54,658],"product_tag":[],"class_list":{"0":"post-16023","1":"product","2":"type-product","3":"status-publish","4":"has-post-thumbnail","6":"product_cat-klaja-aprikojums","7":"product_cat-accessories","8":"product_cat-sedekli-mehanismi","10":"first","11":"outofstock","12":"taxable","13":"shipping-taxable","14":"purchasable","15":"product-type-simple"},"jetpack_sharing_enabled":true,"_links":{"self":[{"href":"https:\/\/shop.bushboats.com\/index.php\/wp-json\/wp\/v2\/product\/16023","targetHints":{"allow":["GET"]}}],"collection":[{"href":"https:\/\/shop.bushboats.com\/index.php\/wp-json\/wp\/v2\/product"}],"about":[{"href":"https:\/\/shop.bushboats.com\/index.php\/wp-json\/wp\/v2\/types\/product"}],"replies":[{"embeddable":true,"href":"https:\/\/shop.bushboats.com\/index.php\/wp-json\/wp\/v2\/comments?post=16023"}],"wp:featuredmedia":[{"embeddable":true,"href":"https:\/\/shop.bushboats.com\/index.php\/wp-json\/wp\/v2\/media\/16024"}],"wp:attachment":[{"href":"https:\/\/shop.bushboats.com\/index.php\/wp-json\/wp\/v2\/media?parent=16023"}],"wp:term":[{"taxonomy":"product_brand","embeddable":true,"href":"https:\/\/shop.bushboats.com\/index.php\/wp-json\/wp\/v2\/product_brand?post=16023"},{"taxonomy":"product_cat","embeddable":true,"href":"https:\/\/shop.bushboats.com\/index.php\/wp-json\/wp\/v2\/product_cat?post=16023"},{"taxonomy":"product_tag","embeddable":true,"href":"https:\/\/shop.bushboats.com\/index.php\/wp-json\/wp\/v2\/product_tag?post=16023"}],"curies":[{"name":"wp","href":"https:\/\/api.w.org\/{rel}","templated":true}]}}