{"id":16031,"date":"2024-01-02T16:52:53","date_gmt":"2024-01-02T14:52:53","guid":{"rendered":"https:\/\/shop.bushboats.com\/?post_type=product&#038;p=16031"},"modified":"2025-05-23T07:56:41","modified_gmt":"2025-05-23T04:56:41","slug":"gfn-kapteina-sedeklis-zils-ar-nerusejosa-terauda-lakotam-engem","status":"publish","type":"product","link":"https:\/\/shop.bushboats.com\/index.php\/produkts\/gfn-kapteina-sedeklis-zils-ar-nerusejosa-terauda-lakotam-engem\/","title":{"rendered":"GFN kaptei\u0146a s\u0113deklis zils\/pel\u0113ks ar ner\u016bs\u0113jo\u0161\u0101 t\u0113raud\u0101 lakot\u0101m e\u0146\u0123\u0113m"},"content":{"rendered":"<p>\u0100das s\u0113dek\u013ca imit\u0101cija ar lakot\u0101m alum\u012bnija e\u0146\u0123\u0113m un saliekamu atzveltni.<br \/>\nIde\u0101li piem\u0113rots jebkurai uzst\u0101d\u012b\u0161anai uz laivas vai piep\u016b\u0161am\u0101s laivas.<\/p>\n","protected":false},"excerpt":{"rendered":"<p>Tehnisk\u0101s \u012bpa\u0161\u012bbas<\/p>\n<p>Platums\u00a0 \u00a0 \u00a0 \u00a0 \u00a0 \u00a0 \u00a0 \u00a0 \u00a0 \u00a0 \u00a0 \u00a0 \u00a0 \u00a0 \u00a0 \u00a0 \u00a0 \u00a0 \u00a0 \u00a0420 mm<\/p>\n<p>Dzi\u013cums\u00a0 \u00a0 \u00a0 \u00a0 \u00a0 \u00a0 \u00a0 \u00a0 \u00a0 \u00a0 \u00a0 \u00a0 \u00a0 \u00a0 \u00a0 \u00a0 \u00a0 \u00a0 \u00a0 \u00a0390 mm<\/p>\n<p>Augstums atv\u0113rt\u0101 st\u0101vokl\u012b\u00a0 \u00a0 \u00a0 \u00a0480 mm<\/p>\n","protected":false},"featured_media":16032,"comment_status":"open","ping_status":"closed","template":"","meta":[],"product_brand":[],"product_cat":[652,54,658],"product_tag":[],"class_list":{"0":"post-16031","1":"product","2":"type-product","3":"status-publish","4":"has-post-thumbnail","6":"product_cat-klaja-aprikojums","7":"product_cat-accessories","8":"product_cat-sedekli-mehanismi","10":"first","11":"instock","12":"taxable","13":"shipping-taxable","14":"purchasable","15":"product-type-simple"},"jetpack_sharing_enabled":true,"_links":{"self":[{"href":"https:\/\/shop.bushboats.com\/index.php\/wp-json\/wp\/v2\/product\/16031","targetHints":{"allow":["GET"]}}],"collection":[{"href":"https:\/\/shop.bushboats.com\/index.php\/wp-json\/wp\/v2\/product"}],"about":[{"href":"https:\/\/shop.bushboats.com\/index.php\/wp-json\/wp\/v2\/types\/product"}],"replies":[{"embeddable":true,"href":"https:\/\/shop.bushboats.com\/index.php\/wp-json\/wp\/v2\/comments?post=16031"}],"wp:featuredmedia":[{"embeddable":true,"href":"https:\/\/shop.bushboats.com\/index.php\/wp-json\/wp\/v2\/media\/16032"}],"wp:attachment":[{"href":"https:\/\/shop.bushboats.com\/index.php\/wp-json\/wp\/v2\/media?parent=16031"}],"wp:term":[{"taxonomy":"product_brand","embeddable":true,"href":"https:\/\/shop.bushboats.com\/index.php\/wp-json\/wp\/v2\/product_brand?post=16031"},{"taxonomy":"product_cat","embeddable":true,"href":"https:\/\/shop.bushboats.com\/index.php\/wp-json\/wp\/v2\/product_cat?post=16031"},{"taxonomy":"product_tag","embeddable":true,"href":"https:\/\/shop.bushboats.com\/index.php\/wp-json\/wp\/v2\/product_tag?post=16031"}],"curies":[{"name":"wp","href":"https:\/\/api.w.org\/{rel}","templated":true}]}}