{"id":16052,"date":"2024-01-02T18:13:46","date_gmt":"2024-01-02T16:13:46","guid":{"rendered":"https:\/\/shop.bushboats.com\/?post_type=product&#038;p=16052"},"modified":"2025-05-14T09:01:23","modified_gmt":"2025-05-14T06:01:23","slug":"shelly-aktivs-mazgasanas-lidzeklis-ar-polarlitu-750ml","status":"publish","type":"product","link":"https:\/\/shop.bushboats.com\/index.php\/produkts\/shelly-aktivs-mazgasanas-lidzeklis-ar-polarlitu-750ml\/","title":{"rendered":"SHELLY akt\u012bvs mazg\u0101\u0161anas l\u012bdzeklis ar polarl\u012btu 750ml"},"content":{"rendered":"<p>Koncentr\u0113ts profesion\u0101ls produkts ar virsmakt\u012bvaj\u0101m viel\u0101m, kuru pamat\u0101 ir d\u0101rze\u0146i, kas paredz\u0113tas, lai piln\u012bb\u0101 not\u012br\u012btu j\u016bsu piep\u016b\u0161amo vai maigo. Viegli noskalojams, SHELLY bez piep\u016bles no\u0146em pat vissmag\u0101kos net\u012brumus, piem\u0113ram, meln\u0101s sv\u012btras, putnu m\u0113slus, izpl\u016bdes g\u0101zes un sau\u013co\u0161an\u0101s losjonu vai kr\u0113mu. L\u012bdzsvarot\u0101 formula ar Polarlite\u00ae, akt\u012bvo vielu aizsardz\u012bbai pret UV stariem, kas izstr\u0101d\u0101ta MA-FRA laboratorij\u0101s, nov\u0113r\u0161 izbal\u0113\u0161anu no saules gaismas iedarb\u012bbas.<\/p>\n","protected":false},"excerpt":{"rendered":"<p>Koncentr\u0113ts profesion\u0101ls produkts ar virsmakt\u012bvaj\u0101m viel\u0101m, kuru pamat\u0101 ir d\u0101rze\u0146i, kas paredz\u0113tas, lai piln\u012bb\u0101 not\u012br\u012btu j\u016bsu piep\u016b\u0161amo vai maigo. Viegli noskalojams, SHELLY bez piep\u016bles no\u0146em pat vissmag\u0101kos net\u012brumus, piem\u0113ram, meln\u0101s sv\u012btras, putnu m\u0113slus, izpl\u016bdes g\u0101zes un sau\u013co\u0161an\u0101s losjonu vai kr\u0113mu. L\u012bdzsvarot\u0101 formula ar Polarlite\u00ae, akt\u012bvo vielu aizsardz\u012bbai pret UV stariem, kas izstr\u0101d\u0101ta MA-FRA laboratorij\u0101s, nov\u0113r\u0161 [&hellip;]<\/p>\n","protected":false},"featured_media":16053,"comment_status":"open","ping_status":"closed","template":"","meta":[],"product_brand":[],"product_cat":[54,661],"product_tag":[],"class_list":{"0":"post-16052","1":"product","2":"type-product","3":"status-publish","4":"has-post-thumbnail","6":"product_cat-accessories","7":"product_cat-laivu-kopsanas-lidzikli","9":"first","10":"instock","11":"taxable","12":"shipping-taxable","13":"purchasable","14":"product-type-simple"},"jetpack_sharing_enabled":true,"_links":{"self":[{"href":"https:\/\/shop.bushboats.com\/index.php\/wp-json\/wp\/v2\/product\/16052","targetHints":{"allow":["GET"]}}],"collection":[{"href":"https:\/\/shop.bushboats.com\/index.php\/wp-json\/wp\/v2\/product"}],"about":[{"href":"https:\/\/shop.bushboats.com\/index.php\/wp-json\/wp\/v2\/types\/product"}],"replies":[{"embeddable":true,"href":"https:\/\/shop.bushboats.com\/index.php\/wp-json\/wp\/v2\/comments?post=16052"}],"wp:featuredmedia":[{"embeddable":true,"href":"https:\/\/shop.bushboats.com\/index.php\/wp-json\/wp\/v2\/media\/16053"}],"wp:attachment":[{"href":"https:\/\/shop.bushboats.com\/index.php\/wp-json\/wp\/v2\/media?parent=16052"}],"wp:term":[{"taxonomy":"product_brand","embeddable":true,"href":"https:\/\/shop.bushboats.com\/index.php\/wp-json\/wp\/v2\/product_brand?post=16052"},{"taxonomy":"product_cat","embeddable":true,"href":"https:\/\/shop.bushboats.com\/index.php\/wp-json\/wp\/v2\/product_cat?post=16052"},{"taxonomy":"product_tag","embeddable":true,"href":"https:\/\/shop.bushboats.com\/index.php\/wp-json\/wp\/v2\/product_tag?post=16052"}],"curies":[{"name":"wp","href":"https:\/\/api.w.org\/{rel}","templated":true}]}}