{"id":16168,"date":"2024-01-03T00:25:07","date_gmt":"2024-01-02T22:25:07","guid":{"rendered":"https:\/\/shop.bushboats.com\/index.php\/produkts\/bravo-superturbo-elektriskais-suknis\/"},"modified":"2025-02-09T23:33:12","modified_gmt":"2025-02-09T21:33:12","slug":"bravo-superturbo-elektriskais-suknis","status":"publish","type":"product","link":"https:\/\/shop.bushboats.com\/index.php\/produkts\/bravo-superturbo-elektriskais-suknis\/?lang=ru","title":{"rendered":"BRAVO SUPERTURBO  \u042d\u041b\u0415\u041a\u0422\u0420\u0418\u0427\u0415\u0421\u041a\u0418\u0419 \u041d\u0410\u0421\u041e\u0421"},"content":{"rendered":"<p>Liela \u0101truma un augstspiediena ier\u012bce. Tas piep\u016b\u0161 un iztuk\u0161ojas. Tas ir veidots no ska\u0146u absorb\u0113jo\u0161iem materi\u0101liem, lai samazin\u0101tu troksni. Pateicoties kombin\u0113tajiem risin\u0101jumiem &#8220;turb\u012bna+virzulis&#8221;, t\u0101s da\u013cas, kas parasti ir pak\u013cautas meh\u0101niskam nolietojumam, tiek nov\u0113rstas ar maksim\u0101lu uzticam\u012bbu. Autom\u0101tiska apst\u0101\u0161an\u0101s, kad tiek sasniegts izv\u0113l\u0113tais spiediens. Modelis piem\u0113rots piep\u016b\u0161amaj\u0101m laiv\u0101m un gaisa pakl\u0101ja gr\u012bdai.<\/p>\n<p>Spiediens l\u012bdz 800 \u043c\/\u0431\u0430\u0440<\/p>\n<p>Tehnisk\u0101s \u012bpa\u0161\u012bbas<\/p>\n<div class=\"parameter__name\">\u0420\u0415\u0416\u0418\u041c \u041d\u0410\u041a\u0410\u0427\u0418\u0412\u0410\u041d\u0418\u042f\u00a0 \u00a0 \u00a0 \u00a0 \u00a0 \u00a0 \u00a0 \u00a0 \u00a0 \u00a0 \u00a0 \u00a0 \u00a0 \u00a0 \u00a0 \u00a0 \u00a0 \u00a0 \u00a0 \u00a0 \u00a0 \u00a0 \u00a0 \u00a0 \u00a0 \u00a0 \u00a0\u041a\u0430\u0447\u0430\u0435\u0442 \/ \u0412\u044b\u043a\u0430\u0447\u0438\u0432\u0430\u0435\u0442<\/div>\n<p>\u041f\u0420\u041e\u0418\u0417\u0412\u041e\u0414\u0418\u0422\u0415\u041b\u042c\u041d\u041e\u0421\u0422\u042c, \u041b\u0418\u0422\u0420\/\u041c\u0418\u041d \u00a0 \u00a0 \u00a0 \u00a0 \u00a0 \u00a0 \u00a0 \u00a0 \u00a0 \u00a0 \u00a0 \u00a0 \u00a0450<\/p>\n<p>\u0412\u043e\u043b\u044c\u0442\u0430\u0436\u00a0 \u00a0 \u00a0 \u00a0 \u00a0 \u00a0 \u00a0 \u00a0 \u00a0 \u00a0 \u00a0 \u00a0 \u00a0 \u00a0 \u00a0 \u00a0 \u00a0 \u00a0 \u00a0 \u00a0 \u00a0 \u00a0 \u00a0 \u00a0 \u00a0 \u00a0 \u00a0\u00a0 \u00a0 \u00a0 \u00a0 \u00a0 \u00a0 \u00a0 \u00a0 \u00a0 \u00a0 \u00a0 \u00a0 \u00a0 \u00a0 \u00a0 \u00a0 \u00a0 12 V<\/p>\n<p>\u041f\u041e\u0422\u0420\u0415\u0411\u041b\u0415\u041d\u0418\u0415 \u0422\u041e\u041a\u0410\u00a0 \u00a0 \u00a0 \u00a0 \u00a0 \u00a0 \u00a0 \u00a0 \u00a0 \u00a0 \u00a0 \u00a0 \u00a0 \u00a0 \u00a0 \u00a0 \u00a0 \u00a0 \u00a0 \u00a0 \u00a0 \u00a0 \u00a0\u00a0 \u00a0 \u00a0 \u00a0 \u00a0 \u00a0 \u00a013 A<\/p>\n<p>\u0412\u0415\u0421, \u041a\u0413 \u00a0 \u00a0 \u00a0 \u00a0 \u00a0 \u00a0 \u00a0 \u00a0 \u00a0 \u00a0 \u00a0 \u00a0 \u00a0 \u00a0 \u00a0 \u00a0 \u00a0 \u00a0 \u00a0 \u00a0 \u00a0 \u00a0 \u00a0 \u00a0 \u00a0 \u00a0 \u00a0 \u00a0 \u00a0 \u00a0 \u00a0 \u00a0 \u00a0 \u00a0 \u00a0 \u00a0 \u00a0 \u00a0 \u00a0 \u00a0 \u00a0 \u00a0 \u00a0 1,9<\/p>\n<p>\u0413\u0410\u0411\u0410\u0420\u0418\u0422\u042b, \u0421\u041c \u00a0 \u00a0 \u00a0 \u00a0 \u00a0 \u00a0 \u00a0 \u00a0 \u00a0 \u00a0 \u00a0 \u00a0 \u00a0 \u00a0 \u00a0 \u00a0 \u00a0 \u00a0 \u00a0 \u00a0 \u00a0 \u00a0 \u00a0 \u00a0 \u00a0 \u00a0 \u00a0 \u00a0 \u00a0 \u00a0 \u00a0 \u00a0 \u00a0 \u00a0 \u00a0180 x 240 x H200 mm<\/p>\n<p>&nbsp;<\/p>\n","protected":false},"excerpt":{"rendered":"<p>Liela \u0101truma un augstspiediena ier\u012bce. Tas piep\u016b\u0161 un iztuk\u0161ojas. Tas ir veidots no ska\u0146u absorb\u0113jo\u0161iem materi\u0101liem, lai samazin\u0101tu troksni. Pateicoties kombin\u0113tajiem risin\u0101jumiem &#8220;turb\u012bna+virzulis&#8221;, t\u0101s da\u013cas, kas parasti ir pak\u013cautas meh\u0101niskam nolietojumam, tiek nov\u0113rstas ar maksim\u0101lu uzticam\u012bbu. Autom\u0101tiska apst\u0101\u0161an\u0101s, kad tiek sasniegts izv\u0113l\u0113tais spiediens. Modelis piem\u0113rots piep\u016b\u0161amaj\u0101m laiv\u0101m un gaisa pakl\u0101ja gr\u012bdai. Spiediens l\u012bdz 800 \u043c\/\u0431\u0430\u0440 [&hellip;]<\/p>\n","protected":false},"featured_media":16166,"comment_status":"open","ping_status":"closed","template":"","meta":[],"product_brand":[],"product_cat":[677,55],"product_tag":[],"class_list":{"0":"post-16168","1":"product","2":"type-product","3":"status-publish","4":"has-post-thumbnail","6":"product_cat-sukni-un-piederumi-ru","7":"product_cat-accessories","9":"first","10":"instock","11":"taxable","12":"shipping-taxable","13":"purchasable","14":"product-type-simple"},"jetpack_sharing_enabled":true,"_links":{"self":[{"href":"https:\/\/shop.bushboats.com\/index.php\/wp-json\/wp\/v2\/product\/16168","targetHints":{"allow":["GET"]}}],"collection":[{"href":"https:\/\/shop.bushboats.com\/index.php\/wp-json\/wp\/v2\/product"}],"about":[{"href":"https:\/\/shop.bushboats.com\/index.php\/wp-json\/wp\/v2\/types\/product"}],"replies":[{"embeddable":true,"href":"https:\/\/shop.bushboats.com\/index.php\/wp-json\/wp\/v2\/comments?post=16168"}],"wp:featuredmedia":[{"embeddable":true,"href":"https:\/\/shop.bushboats.com\/index.php\/wp-json\/wp\/v2\/media\/16166"}],"wp:attachment":[{"href":"https:\/\/shop.bushboats.com\/index.php\/wp-json\/wp\/v2\/media?parent=16168"}],"wp:term":[{"taxonomy":"product_brand","embeddable":true,"href":"https:\/\/shop.bushboats.com\/index.php\/wp-json\/wp\/v2\/product_brand?post=16168"},{"taxonomy":"product_cat","embeddable":true,"href":"https:\/\/shop.bushboats.com\/index.php\/wp-json\/wp\/v2\/product_cat?post=16168"},{"taxonomy":"product_tag","embeddable":true,"href":"https:\/\/shop.bushboats.com\/index.php\/wp-json\/wp\/v2\/product_tag?post=16168"}],"curies":[{"name":"wp","href":"https:\/\/api.w.org\/{rel}","templated":true}]}}