{"id":16182,"date":"2024-01-03T10:10:39","date_gmt":"2024-01-03T08:10:39","guid":{"rendered":"https:\/\/shop.bushboats.com\/?post_type=product&#038;p=16182"},"modified":"2024-01-16T22:53:29","modified_gmt":"2024-01-16T20:53:29","slug":"led-navigacijas-gaismas","status":"publish","type":"product","link":"https:\/\/shop.bushboats.com\/index.php\/produkts\/led-navigacijas-gaismas\/","title":{"rendered":"LED NAVIG\u0100CIJAS GAISMAS"},"content":{"rendered":"<p>Navig\u0101cijas gaismas UV stari iztur\u012bgi ar 12 V LED gaismu zems pat\u0113ri\u0146\u0161. IP67 \u016bdensnecaurlaid\u012bgs.<br \/>\nSaska\u0146\u0101 ar IMO COLREG 72 USCG, ABYC A-16 un NMMA pras\u012bb\u0101m.<br \/>\nP\u0101rdots p\u0101r\u012b.<\/p>\n","protected":false},"excerpt":{"rendered":"<p>Tehnisk\u0101s \u012bpa\u0161\u012bbas<\/p>\n<p>Garums\u00a0 \u00a0 \u00a0 \u00a0 \u00a0 \u00a0 \u00a0 97 mm<\/p>\n<p>Platums\u00a0 \u00a0 \u00a0 \u00a0 \u00a0 \u00a0 \u00a061,5 mm<\/p>\n<p>Augstums\u00a0 \u00a0 \u00a0 \u00a0 \u00a0 35 mm<\/p>\n","protected":false},"featured_media":16184,"comment_status":"open","ping_status":"closed","template":"","meta":[],"product_brand":[],"product_cat":[79],"product_tag":[],"class_list":{"0":"post-16182","1":"product","2":"type-product","3":"status-publish","4":"has-post-thumbnail","6":"product_cat-elektriskie-piederumi","8":"first","9":"instock","10":"taxable","11":"shipping-taxable","12":"purchasable","13":"product-type-simple"},"jetpack_sharing_enabled":true,"_links":{"self":[{"href":"https:\/\/shop.bushboats.com\/index.php\/wp-json\/wp\/v2\/product\/16182","targetHints":{"allow":["GET"]}}],"collection":[{"href":"https:\/\/shop.bushboats.com\/index.php\/wp-json\/wp\/v2\/product"}],"about":[{"href":"https:\/\/shop.bushboats.com\/index.php\/wp-json\/wp\/v2\/types\/product"}],"replies":[{"embeddable":true,"href":"https:\/\/shop.bushboats.com\/index.php\/wp-json\/wp\/v2\/comments?post=16182"}],"wp:featuredmedia":[{"embeddable":true,"href":"https:\/\/shop.bushboats.com\/index.php\/wp-json\/wp\/v2\/media\/16184"}],"wp:attachment":[{"href":"https:\/\/shop.bushboats.com\/index.php\/wp-json\/wp\/v2\/media?parent=16182"}],"wp:term":[{"taxonomy":"product_brand","embeddable":true,"href":"https:\/\/shop.bushboats.com\/index.php\/wp-json\/wp\/v2\/product_brand?post=16182"},{"taxonomy":"product_cat","embeddable":true,"href":"https:\/\/shop.bushboats.com\/index.php\/wp-json\/wp\/v2\/product_cat?post=16182"},{"taxonomy":"product_tag","embeddable":true,"href":"https:\/\/shop.bushboats.com\/index.php\/wp-json\/wp\/v2\/product_tag?post=16182"}],"curies":[{"name":"wp","href":"https:\/\/api.w.org\/{rel}","templated":true}]}}