{"id":16211,"date":"2024-01-03T11:34:46","date_gmt":"2024-01-03T09:34:46","guid":{"rendered":"https:\/\/shop.bushboats.com\/?post_type=product&#038;p=16211"},"modified":"2024-01-16T22:50:20","modified_gmt":"2024-01-16T20:50:20","slug":"d-formas-gredzens-d-5-x-50","status":"publish","type":"product","link":"https:\/\/shop.bushboats.com\/index.php\/produkts\/d-formas-gredzens-d-5-x-50\/","title":{"rendered":"D FORMAS GREDZENS  D.5 X 50"},"content":{"rendered":"<p>NER\u016aS\u0112JO\u0160\u0100 T\u0112RAUDA AISI 316 pul\u0113ts gredzens.<\/p>\n<table class=\"table table-condensed gfnci-table table-hover table-striped monocomponentetab\" style=\"height: 115px;\" width=\"170\">\n<thead>\n<tr>\n<th>\n<p class=\"text-center\">\u00d8<\/p>\n<p class=\"text-center\">mm<\/p>\n<\/th>\n<th>\n<p class=\"text-center\">A<\/p>\n<p class=\"text-center\">mm<\/p>\n<\/th>\n<th>\n<p class=\"text-center\">B<\/p>\n<p class=\"text-center\">mm<\/p>\n<\/th>\n<\/tr>\n<\/thead>\n<\/table>\n<p>5\u00a0 \u00a0 \u00a0 \u00a0 \u00a0 \u00a0 \u00a0 50\u00a0 \u00a0 \u00a0 \u00a0 \u00a049<\/p>\n","protected":false},"excerpt":{"rendered":"<p>NER\u016aS\u0112JO\u0160\u0100 T\u0112RAUDA AISI 316 pul\u0113ts gredzens. \u00d8 mm A mm B mm 5\u00a0 \u00a0 \u00a0 \u00a0 \u00a0 \u00a0 \u00a0 50\u00a0 \u00a0 \u00a0 \u00a0 \u00a049<\/p>\n","protected":false},"featured_media":16212,"comment_status":"open","ping_status":"closed","template":"","meta":[],"product_brand":[],"product_cat":[54,670],"product_tag":[],"class_list":{"0":"post-16211","1":"product","2":"type-product","3":"status-publish","4":"has-post-thumbnail","6":"product_cat-accessories","7":"product_cat-piepusamo-laivu-aksesuari","9":"first","10":"instock","11":"taxable","12":"shipping-taxable","13":"purchasable","14":"product-type-simple"},"jetpack_sharing_enabled":true,"_links":{"self":[{"href":"https:\/\/shop.bushboats.com\/index.php\/wp-json\/wp\/v2\/product\/16211","targetHints":{"allow":["GET"]}}],"collection":[{"href":"https:\/\/shop.bushboats.com\/index.php\/wp-json\/wp\/v2\/product"}],"about":[{"href":"https:\/\/shop.bushboats.com\/index.php\/wp-json\/wp\/v2\/types\/product"}],"replies":[{"embeddable":true,"href":"https:\/\/shop.bushboats.com\/index.php\/wp-json\/wp\/v2\/comments?post=16211"}],"wp:featuredmedia":[{"embeddable":true,"href":"https:\/\/shop.bushboats.com\/index.php\/wp-json\/wp\/v2\/media\/16212"}],"wp:attachment":[{"href":"https:\/\/shop.bushboats.com\/index.php\/wp-json\/wp\/v2\/media?parent=16211"}],"wp:term":[{"taxonomy":"product_brand","embeddable":true,"href":"https:\/\/shop.bushboats.com\/index.php\/wp-json\/wp\/v2\/product_brand?post=16211"},{"taxonomy":"product_cat","embeddable":true,"href":"https:\/\/shop.bushboats.com\/index.php\/wp-json\/wp\/v2\/product_cat?post=16211"},{"taxonomy":"product_tag","embeddable":true,"href":"https:\/\/shop.bushboats.com\/index.php\/wp-json\/wp\/v2\/product_tag?post=16211"}],"curies":[{"name":"wp","href":"https:\/\/api.w.org\/{rel}","templated":true}]}}