{"id":16328,"date":"2024-01-16T14:44:20","date_gmt":"2024-01-16T12:44:20","guid":{"rendered":"https:\/\/shop.bushboats.com\/?post_type=product&#038;p=16328"},"modified":"2026-01-28T19:38:36","modified_gmt":"2026-01-28T17:38:36","slug":"montazas-platforma-piepusamiem-pvc-baloniem","status":"publish","type":"product","link":"https:\/\/shop.bushboats.com\/index.php\/produkts\/montazas-platforma-piepusamiem-pvc-baloniem\/","title":{"rendered":"Mont\u0101\u017eas platforma piep\u016b\u0161amiem PVC baloniem (melns)"},"content":{"rendered":"<p>Sl\u0113dzene piederumiem un pastiprin\u0101ta PVC mont\u0101\u017eas platforma (bez stiprin\u0101jumiem) (Fmp224 pel\u0113ks)<br \/>\nIzm\u0113rs: 110\u0445110mm<\/p>\n<p>FMp224 komplekts ir univers\u0101la mont\u0101\u017eas sist\u0113ma, kas ir ide\u0101li piem\u0113rota jebkura piep\u016b\u0161am\u0101 \u016bdens motocikla, kas izgatavots no PVC, apr\u012bko\u0161anai: no motorlaivas l\u012bdz piep\u016b\u0161amajam kajakam, v\u0113dera laivai vai SUP d\u0113lim. Tas ietver Fs219 mode\u013ca sl\u0113dzeni, kas \u013cauj uzst\u0101d\u012bt da\u017e\u0101dus tur\u0113t\u0101jus un stiprin\u0101jumus (v\u0113rp\u0161anai, atbalss ska\u013crunim, darb\u012bbas kamerai), navig\u0101cijas piederumus (karogu un navig\u0101cijas gaismas), takel\u0101\u017eu, telts konstrukcijas, gl\u0101\u017eu tur\u0113t\u0101jus, targus, atbalsta stabus uz PVC cilindra virsmas un daudz ko citu. Tie var b\u016bt gan produkti no BORIKA FASTen\u00ae kataloga, gan, pateicoties pla\u0161am adapteru kl\u0101stam, ko rad\u012bju\u0161i BORIKA\u00ae dizaineri, aksesu\u0101ri un ier\u012bces no citiem ra\u017eot\u0101jiem (Scotty, RAM Mount, Railblaza, YakAttack, karpu piederumi). Uzst\u0101dot FMp224 komplektus pa p\u0101riem, ar 305 mm (305 mm, 610 mm uc) daudzk\u0101rtni starp sl\u0113dze\u0146u centriem, lietot\u0101js var nostiprin\u0101t piederumus ar p\u0101r\u012b savienotiem adapteriem:Piem\u0113ram, velc\u0113\u0161anas stendi, targas un galdi. Piederumu nostiprin\u0101\u0161ana ir p\u0113c iesp\u0113jas \u0101tr\u0101ka un vienk\u0101r\u0161\u0101ka: jums ir j\u0101no\u0146em sl\u0113dzenes dro\u0161\u012bbas spraudnis, j\u0101instal\u0113 blo\u0137\u0113\u0161anas meh\u0101nisms UNLOCK poz\u012bcij\u0101, ievietojiet piederumu adapteri tik t\u0101lu, cik tas iet, un p\u0101rvietojiet sl\u0113dzeni poz\u012bcij\u0101 LOCK. Piederumu var fiks\u0113t jebkur\u0101 poz\u012bcij\u0101, pagrie\u017eot adapteri ap savu asi ar 30\u00b0 soli.<\/p>\n<p>FMp224 mont\u0101\u017eas komplekta priek\u0161roc\u012bba ir t\u0101, ka tikai spilventi\u0146a \u0101r\u0113j\u0101 da\u013ca ir izgatavota no PVC. Iek\u0161pus\u0113 sist\u0113ma ir pastiprin\u0101ta ar papl\u0101ksni, kas izgatavota no stikla \u0161\u0137iedras pastiprin\u0101ta poliam\u012bda. Sl\u0113dzenes korpuss un blo\u0137\u0113\u0161anas meh\u0101nisms ir izgatavoti ar\u012b no stikla \u0161\u0137iedras pastiprin\u0101ta poliam\u012bda. \u0160is materi\u0101ls nodro\u0161ina augstu iztur\u012bbu un iztur\u012bbu pret j\u016bras \u016bdeni un laika apst\u0101k\u013ciem.Sl\u0113dzene ir piestiprin\u0101ta pie platformas ar \u010detr\u0101m skr\u016bv\u0113m, kas padara konstrukciju v\u0113l iztur\u012bg\u0101ku un uzticam\u0101ku. Tom\u0113r, lai piestiprin\u0101tu piederumus ar paaugstin\u0101tu daudzvirzienu slodzi, piem\u0113ram, enkuru tur\u0113t\u0101jus, kas savienoti p\u0101r\u012b ar enkuru, kas sver vair\u0101k nek\u0101 8 kg, k\u0101pnes, airus, ieteicams izmantot l\u012bdz\u012bgu komplektu ar liel\u0101ku FMp225 mode\u013ca l\u012bm\u0113\u0161anas laukumu (140 x 140 mm).<\/p>\n<p>Uzst\u0101d\u012b\u0161anas komplekts ir dro\u0161i piel\u012bm\u0113ts pie PVC cilindra virsmas ar divkomponentu poliuret\u0101na l\u012bmi saska\u0146\u0101 ar soli pa solim sniegtaj\u0101m instrukcij\u0101m, un to var izmantot paredz\u0113tajam m\u0113r\u0137im n\u0101kamaj\u0101 dien\u0101 p\u0113c uzst\u0101d\u012b\u0161anas. Uzkl\u0101jot l\u012bmi, m\u0113s iesak\u0101m izmantot \u012bpa\u0161u trafaretu, kas ir iek\u013cauts katr\u0101 komplekt\u0101.<\/p>\n","protected":false},"excerpt":{"rendered":"<p>Sl\u0113dzene piederumiem un pastiprin\u0101ta PVC mont\u0101\u017eas platforma (bez stiprin\u0101jumiem) (Fmp224 pel\u0113ks) Izm\u0113rs: 110\u0445110mm FMp224 komplekts ir univers\u0101la mont\u0101\u017eas sist\u0113ma, kas ir ide\u0101li piem\u0113rota jebkura piep\u016b\u0161am\u0101 \u016bdens motocikla, kas izgatavots no PVC, apr\u012bko\u0161anai: no motorlaivas l\u012bdz piep\u016b\u0161amajam kajakam, v\u0113dera laivai vai SUP d\u0113lim. Tas ietver Fs219 mode\u013ca sl\u0113dzeni, kas \u013cauj uzst\u0101d\u012bt da\u017e\u0101dus tur\u0113t\u0101jus un stiprin\u0101jumus (v\u0113rp\u0161anai, [&hellip;]<\/p>\n","protected":false},"featured_media":16329,"comment_status":"open","ping_status":"closed","template":"","meta":[],"product_brand":[],"product_cat":[864,54,670,682],"product_tag":[],"class_list":{"0":"post-16328","1":"product","2":"type-product","3":"status-publish","4":"has-post-thumbnail","6":"product_cat-borika-aksesuari-fasten","7":"product_cat-accessories","8":"product_cat-piepusamo-laivu-aksesuari","9":"product_cat-turetaji-makskerem-eholotiem-sensoriem","11":"first","12":"instock","13":"taxable","14":"shipping-taxable","15":"purchasable","16":"product-type-simple"},"jetpack_sharing_enabled":true,"_links":{"self":[{"href":"https:\/\/shop.bushboats.com\/index.php\/wp-json\/wp\/v2\/product\/16328","targetHints":{"allow":["GET"]}}],"collection":[{"href":"https:\/\/shop.bushboats.com\/index.php\/wp-json\/wp\/v2\/product"}],"about":[{"href":"https:\/\/shop.bushboats.com\/index.php\/wp-json\/wp\/v2\/types\/product"}],"replies":[{"embeddable":true,"href":"https:\/\/shop.bushboats.com\/index.php\/wp-json\/wp\/v2\/comments?post=16328"}],"wp:featuredmedia":[{"embeddable":true,"href":"https:\/\/shop.bushboats.com\/index.php\/wp-json\/wp\/v2\/media\/16329"}],"wp:attachment":[{"href":"https:\/\/shop.bushboats.com\/index.php\/wp-json\/wp\/v2\/media?parent=16328"}],"wp:term":[{"taxonomy":"product_brand","embeddable":true,"href":"https:\/\/shop.bushboats.com\/index.php\/wp-json\/wp\/v2\/product_brand?post=16328"},{"taxonomy":"product_cat","embeddable":true,"href":"https:\/\/shop.bushboats.com\/index.php\/wp-json\/wp\/v2\/product_cat?post=16328"},{"taxonomy":"product_tag","embeddable":true,"href":"https:\/\/shop.bushboats.com\/index.php\/wp-json\/wp\/v2\/product_tag?post=16328"}],"curies":[{"name":"wp","href":"https:\/\/api.w.org\/{rel}","templated":true}]}}