{"id":16382,"date":"2024-01-16T20:50:54","date_gmt":"2024-01-16T18:50:54","guid":{"rendered":"https:\/\/shop.bushboats.com\/index.php\/produkts\/sonara-montazas-komplekts-ekrana-un-sensora-stiprinajumi-sanos\/"},"modified":"2025-01-01T23:03:34","modified_gmt":"2025-01-01T21:03:34","slug":"sonara-montazas-komplekts-ekrana-un-sensora-stiprinajumi-sanos","status":"publish","type":"product","link":"https:\/\/shop.bushboats.com\/index.php\/produkts\/sonara-montazas-komplekts-ekrana-un-sensora-stiprinajumi-sanos\/?lang=en","title":{"rendered":"Son\u0101ra mont\u0101\u017eas komplekts (ekr\u0101na un sensora stiprin\u0101jumi s\u0101nos)."},"content":{"rendered":"<p>Komplekts ir paredz\u0113ts son\u0101ra un sensora uzst\u0101d\u012b\u0161anai uz PVC laiv\u0101m. Komplekt\u0101 ietilpst Ss223 son\u0101ra pl\u0101ksne un teleskopisk\u0101 sensora tur\u0113t\u0101js apr\u012bkojuma mont\u0101\u017eai 295 l\u012bdz 490 mm dzi\u013cum\u0101 no uzst\u0101d\u012b\u0161anas vietas. Pl\u0101ksnei (164 x 68 mm) ir 12 asu zvaig\u017e\u0146u v\u012brie\u0161u adapteris, un t\u0101 ir savienota ar dev\u0113ja stiprin\u0101jumu ar groz\u0101mu kron\u0161teinu. Grie\u017e par 360\u00b0 ap adaptera asi. Komplekt\u0101 ietilpst stiprin\u0101jumi: DIN 912 skr\u016bves (M6*30, M6*60, M5*50 un M5*40) un pa\u0161blo\u0137\u0113jo\u0161ie uzgrie\u017e\u0146i M6 un M5 DIN 985. Galven\u0101s da\u013cas ir izgatavotas no stikla \u0161\u0137iedras pastiprin\u0101ta poliam\u012bda. Caurule ir izgatavota no anod\u0113ta alum\u012bnija, kas p\u0101rkl\u0101ts ar pulveri. Stiprin\u0101jumi ir izgatavoti no A2 ner\u016bs\u0113jo\u0161\u0101 t\u0113rauda (AISI 304).<\/p>\n<p>Produkta apraksts:<\/p>\n<p>\u0160is komplekts pied\u0101v\u0101 piln\u012bgu risin\u0101jumu son\u0101ra un sensora uzst\u0101d\u012b\u0161anai piep\u016b\u0161amaj\u0101 laiv\u0101. Dizains ietver pl\u0101ksni nelielam son\u0101ra monitoram (7&#8243; l\u012bdz 9&#8243;) un kron\u0161teinu, kas piem\u0113rots popul\u0101r\u0101kajiem Lowrance, Raymarine, Garmin, Humminbird un citu z\u012bmolu sensoriem. Dev\u0113ja stiprin\u0101jums ir apr\u012bkots ar adapteri, kas \u013cauj konstrukciju nostiprin\u0101t jebkur\u0101 BORIKA FASTen\u00ae sist\u0113m\u0101. P\u0113c lieto\u0161anas visu komplektu var viegli no\u0146emt transport\u0113\u0161anai, neizjaucot apr\u012bkojumu.<\/p>\n<p>Vi\u0146a mont\u0101\u017ea ir veidota t\u0101, lai pl\u0101ksne kop\u0101 ar uzst\u0101d\u012bto apr\u012bkojumu var\u0113tu piln\u012bb\u0101 pagriezt ap adaptera asi, kas n\u0101k rok\u0101 mak\u0161\u0137er\u0113\u0161anas laik\u0101, kad jums ir nepiecie\u0161ams \u0101tri main\u012bt ekr\u0101na st\u0101vokli, lai izvair\u012btos no saules atsp\u012bduma.<\/p>\n<p>Pl\u0101tnes siena ir 3 mm bieza un izgatavota no stikla \u0161\u0137iedras pastiprin\u0101ta poliam\u012bda, kas nodro\u0161ina t\u0101 uzticam\u012bbu.<br \/>\nSensora tur\u0113t\u0101jam ir divpak\u0101pju teleskopiskais dizains, maksim\u0101lais att\u0101lums starp sensoru un t\u0101 uzst\u0101d\u012b\u0161anu uz laivas ir apm\u0113ram 50 cm, bet minim\u0101lais &#8211; apm\u0113ram 30 cm.<\/p>\n<p>&nbsp;<\/p>\n","protected":false},"excerpt":{"rendered":"<p><strong>Technical Details:\u00a0<\/strong><\/p>\n<p>The set has been designed for installation of a fish finder monitor or a transducer on the PVC boats. The assembly includes the Sl223 plate for fish finder and a telescopic transducer holder for mounting the equipment at a depth of 295 to 490 mm from the installation point. The plate 106 \u0445 98 mm has a male adapter shaped as a 12 pointed star and is connected with the transducer arm mount using a swivel bracket. Rotates 360\u00b0 around the adapter axis. The transducer\u2019s design consists of the\u00a0telescopic tubes (\u00d8 20,4 mm, L \u2014 170 mm; \u00d8 20,4 mm L \u2014 240 mm; \u00d8 16,2 mm, L \u2014 220 mm) and covering transducer mount that comprises the swivel brackets and radius washers. The assembly includes the fasteners: DIN 912 screws (M6*30, M6*60, M5*50 and M5*40) and M6 and M5 DIN 985 self-locking nuts. The main parts are made of fiberglass-reinforced polyamide. The tube is made of anodized aluminium with powder coating. The fasteners are made of \u04102 (AISI 304) stainless steel.<\/p>\n<p><b>Product description:<\/b><\/p>\n<ul>\n<li aria-level=\"1\">This set offers a complete solution for mounting a fish finder and a transducer on the side of an inflatable boat. The design comprises a plate for a small fish finder monitor (up to 7\u2033) and an arm mount, suitable for most popular transducers of Lowrance, Raymarine, Garmin, Humminbird and other brands.<\/li>\n<li aria-level=\"1\">The transducer mount is equipped with the adapter, which allows the structure to be fixed into any BORIKA FASTen\u00ae system. After use, the entire set can easily be removed for transportation without having to dismantle the equipment.<\/li>\n<li aria-level=\"1\">The user can adjust the system to the width of the boat side, moving the clamp, which connects the plate and the arm.<\/li>\n<li aria-level=\"1\">On the back side of the plate, there are marked thickened mounting points that match the standard mounting holes on the popular models of equipment.<\/li>\n<li aria-level=\"1\">The assembly is designed in a way that allows the plate along with the installed equipment to be fully rotated around the axis of the adapter, which comes in hand during fishing, when you need to quickly change the position of the screen to avoid sun glare.<\/li>\n<li aria-level=\"1\">The wall of the plate is 3 mm thick, it is made of fiberglass-reinforced polyamide, which ensures its reliability.<\/li>\n<li aria-level=\"1\">The transducer holder has a two-stage telescopic design, the maximum distance between the transducer and the place of its installation on the boat is about 50 cm and the minimum distance is about 30 cm.<\/li>\n<li aria-level=\"1\">The joint between the tubes is fitted with a locking system that automatically activates when the holder is unfolded. To fold it down \u2014 just press the button on the tube joint.<\/li>\n<li aria-level=\"1\">The accessory is equipped with the covering fastening system that is suitable for most popular transducers. Two swivel brackets and the set of radius washers allow the coverage to be adjusted, and additional rigid \u201cfins\u201d of this system help to protect the transducer from mechanical damage.<\/li>\n<\/ul>\n<p><b>Materials<\/b>: fiberglass-reinforced polyamide, anodized aluminium,\u00a0polyurethane,\u00a0A2 (AISI 304) stainless steel, brass.<\/p>\n<p><b>In the package<\/b>: an Ft450 system.<\/p>\n<p><b>Tips on using &amp; installation<\/b>:<\/p>\n<ul>\n<li aria-level=\"1\">The base of the fish finder monitor can be fastened to the plate using self-tapping screws in accordance with the step-by-step installation guide. You can use marks to drill holes or make your own holes which will suit your equipment.<\/li>\n<li aria-level=\"1\">The transducer\u2019s tubes fold up compactly during transportation.<\/li>\n<li aria-level=\"1\">To prolong the service life of the product, after using it in sea water, rinse it with plenty of fresh water.<\/li>\n<\/ul>\n<p>&nbsp;<\/p>\n","protected":false},"featured_media":16377,"comment_status":"open","ping_status":"closed","template":"","meta":[],"product_brand":[],"product_cat":[35,865,684],"product_tag":[],"class_list":{"0":"post-16382","1":"product","2":"type-product","3":"status-publish","4":"has-post-thumbnail","6":"product_cat-accessories","7":"product_cat-borika-accessories-fasten","8":"product_cat-holders-for-fishing-rods-echo-sounders-sensors","10":"first","11":"instock","12":"taxable","13":"shipping-taxable","14":"purchasable","15":"product-type-simple"},"jetpack_sharing_enabled":true,"_links":{"self":[{"href":"https:\/\/shop.bushboats.com\/index.php\/wp-json\/wp\/v2\/product\/16382","targetHints":{"allow":["GET"]}}],"collection":[{"href":"https:\/\/shop.bushboats.com\/index.php\/wp-json\/wp\/v2\/product"}],"about":[{"href":"https:\/\/shop.bushboats.com\/index.php\/wp-json\/wp\/v2\/types\/product"}],"replies":[{"embeddable":true,"href":"https:\/\/shop.bushboats.com\/index.php\/wp-json\/wp\/v2\/comments?post=16382"}],"wp:featuredmedia":[{"embeddable":true,"href":"https:\/\/shop.bushboats.com\/index.php\/wp-json\/wp\/v2\/media\/16377"}],"wp:attachment":[{"href":"https:\/\/shop.bushboats.com\/index.php\/wp-json\/wp\/v2\/media?parent=16382"}],"wp:term":[{"taxonomy":"product_brand","embeddable":true,"href":"https:\/\/shop.bushboats.com\/index.php\/wp-json\/wp\/v2\/product_brand?post=16382"},{"taxonomy":"product_cat","embeddable":true,"href":"https:\/\/shop.bushboats.com\/index.php\/wp-json\/wp\/v2\/product_cat?post=16382"},{"taxonomy":"product_tag","embeddable":true,"href":"https:\/\/shop.bushboats.com\/index.php\/wp-json\/wp\/v2\/product_tag?post=16382"}],"curies":[{"name":"wp","href":"https:\/\/api.w.org\/{rel}","templated":true}]}}