{"id":16386,"date":"2024-01-16T21:40:17","date_gmt":"2024-01-16T19:40:17","guid":{"rendered":"https:\/\/shop.bushboats.com\/?post_type=product&#038;p=16386"},"modified":"2025-05-23T07:40:02","modified_gmt":"2025-05-23T04:40:02","slug":"universalais-sonara-sensora-turetajs-aizsledzama-montaza","status":"publish","type":"product","link":"https:\/\/shop.bushboats.com\/index.php\/produkts\/universalais-sonara-sensora-turetajs-aizsledzama-montaza\/","title":{"rendered":"Univers\u0101lais son\u0101ra sensora tur\u0113t\u0101js aizsl\u0113dzam\u0101 mont\u0101\u017e\u0101."},"content":{"rendered":"<p>Tas ir izstr\u0101d\u0101ts, lai uz PVC laivas uzst\u0101d\u012btu zivju t\u012br\u012bt\u0101ju un zivju mekl\u0113t\u0101ju. Dizains ietver stiprin\u0101jumu, kas \u013cauj uzst\u0101d\u012bt atbalss ska\u013c\u0101ja pl\u0101ksni, cauruli (\u00d8 20, 4 mm, L &#8211; 170, 400 un 120 mm), e\u0146\u0123es, kron\u0161teinus, divu elementu skavas, kvadr\u0101tveida uzgrie\u017e\u0146us, adapteri ar \u0101r\u0113ju v\u012btni 12 asu zvaigznes form\u0101. Pieg\u0101des jom\u0101 ietilpst stiprin\u0101jumu komplekts da\u017e\u0101da veida dev\u0113jiem: s\u0101nu stiprin\u0101jums ar M6*50 DIN 931 skr\u016bvi, v\u0101ci\u0146a uzgrieznis un divas poliuret\u0101na papl\u0101ksnes, divu groz\u0101mu sviru un r\u0101diusa papl\u0101ks\u0146u piestiprin\u0101\u0161ana ar &#8220;labras&#8221;, k\u0101 ar\u012b \u012bpa\u0161s regul\u0113jams stiprin\u0101jums Garmin Panoptix LiveScope. Stiprin\u0101jumi: tr\u012bs skr\u016bves M6*35 DIN 933, skr\u016bves DIN 912 (M5*50, M4*20 \u2013 2 gab., M6*20, M6*50), M4 DIN 985 (2 gab.), Uzgrie\u017e\u0146i M4 un M6 DIN 985, M5 un M6 DIN 934. Galven\u0101s da\u013cas ir izgatavotas no stikla \u0161\u0137iedras pastiprin\u0101ta poliam\u012bda. Caurule ir izgatavota no anod\u0113ta alum\u012bnija, kas p\u0101rkl\u0101ts ar pulveri. Stiprin\u0101jumi \u2013 A2 ner\u016bs\u0113jo\u0161ais t\u0113rauds (AISI 304) (iz\u0146emot M5 un M6 DIN 934 misi\u0146a uzgrie\u017e\u0146us).<\/p>\n<p>Produkta apraksts<\/p>\n<p>Komplekts ir paredz\u0113ts atbalss ska\u013cru\u0146a uzst\u0101d\u012b\u0161anai uz piep\u016b\u0161amaj\u0101m laiv\u0101m. Komplekt\u0101 ietilpst stiprin\u0101jums pl\u0101ksnes piestiprin\u0101\u0161anai son\u0101ra monitoram un stiprin\u0101jums sensora kron\u0161teinam ar stiprin\u0101jumu komplektu sensoriem no Lowrance, Raymarine, Garmin, Humminbird un citiem z\u012bmoliem.<br \/>\nKonstrukciju var viegli regul\u0113t gan dzi\u013cum\u0101 (maksim\u0101li aptuveni 40 cm), gan d\u0113\u013ca platum\u0101 (pl\u0101ksn\u0113m ar diametru l\u012bdz 30 cm), mainot iesp\u012bl\u0113\u0161anas savienojumu st\u0101vokli.<\/p>\n<p>Sensors ir apr\u012bkots ar\u012b ar pogu, lai main\u012btu sken\u0113\u0161anas le\u0146\u0137i un padar\u012btu piederumu \u0113rt\u0101ku lieto\u0161anai.<br \/>\nKomplekt\u0101 ietilpst kompakts stiprin\u0101jums, uz kura j\u016bs varat piestiprin\u0101t jebkuru BORIKA FASTen\u00ae pl\u0101ksni atbalss ska\u013cru\u0146a monitoram. Ar adapteru pal\u012bdz\u012bbu j\u016bs varat pievienot ar\u012b citu z\u012bmolu piederumus (SCOTTY, RAM, RAILBLAZA, \u00ae YakAttack\u00ae \u00ae\u00ae uc).<\/p>\n<p>Sensora tur\u0113t\u0101jam ir tr\u012bs veidu stiprin\u0101jumi: papla\u0161ino\u0161s stiprin\u0101jums ar diviem groz\u0101miem kron\u0161teiniem un &#8220;rib\u0101m&#8221;, kas aizsarg\u0101 sensoru no meh\u0101niskiem boj\u0101jumiem, s\u0101nu stiprin\u0101jums ar 50 mm skr\u016bvi, papl\u0101ksnes un uzgrie\u017e\u0146a poga, k\u0101 ar\u012b \u012bpa\u0161s stiprin\u0101jums Garmin Panoptix LiveScope\u2122.<\/p>\n","protected":false},"excerpt":{"rendered":"<p>Tas ir izstr\u0101d\u0101ts, lai uz PVC laivas uzst\u0101d\u012btu zivju t\u012br\u012bt\u0101ju un zivju mekl\u0113t\u0101ju. Dizains ietver stiprin\u0101jumu, kas \u013cauj uzst\u0101d\u012bt atbalss ska\u013c\u0101ja pl\u0101ksni, cauruli (\u00d8 20, 4 mm, L &#8211; 170, 400 un 120 mm), e\u0146\u0123es, kron\u0161teinus, divu elementu skavas, kvadr\u0101tveida uzgrie\u017e\u0146us, adapteri ar \u0101r\u0113ju v\u012btni 12 asu zvaigznes form\u0101. Pieg\u0101des jom\u0101 ietilpst stiprin\u0101jumu komplekts da\u017e\u0101da [&hellip;]<\/p>\n","protected":false},"featured_media":16391,"comment_status":"open","ping_status":"closed","template":"","meta":[],"product_brand":[],"product_cat":[864,54,682],"product_tag":[],"class_list":{"0":"post-16386","1":"product","2":"type-product","3":"status-publish","4":"has-post-thumbnail","6":"product_cat-borika-aksesuari-fasten","7":"product_cat-accessories","8":"product_cat-turetaji-makskerem-eholotiem-sensoriem","10":"first","11":"instock","12":"taxable","13":"shipping-taxable","14":"purchasable","15":"product-type-simple"},"jetpack_sharing_enabled":true,"_links":{"self":[{"href":"https:\/\/shop.bushboats.com\/index.php\/wp-json\/wp\/v2\/product\/16386","targetHints":{"allow":["GET"]}}],"collection":[{"href":"https:\/\/shop.bushboats.com\/index.php\/wp-json\/wp\/v2\/product"}],"about":[{"href":"https:\/\/shop.bushboats.com\/index.php\/wp-json\/wp\/v2\/types\/product"}],"replies":[{"embeddable":true,"href":"https:\/\/shop.bushboats.com\/index.php\/wp-json\/wp\/v2\/comments?post=16386"}],"wp:featuredmedia":[{"embeddable":true,"href":"https:\/\/shop.bushboats.com\/index.php\/wp-json\/wp\/v2\/media\/16391"}],"wp:attachment":[{"href":"https:\/\/shop.bushboats.com\/index.php\/wp-json\/wp\/v2\/media?parent=16386"}],"wp:term":[{"taxonomy":"product_brand","embeddable":true,"href":"https:\/\/shop.bushboats.com\/index.php\/wp-json\/wp\/v2\/product_brand?post=16386"},{"taxonomy":"product_cat","embeddable":true,"href":"https:\/\/shop.bushboats.com\/index.php\/wp-json\/wp\/v2\/product_cat?post=16386"},{"taxonomy":"product_tag","embeddable":true,"href":"https:\/\/shop.bushboats.com\/index.php\/wp-json\/wp\/v2\/product_tag?post=16386"}],"curies":[{"name":"wp","href":"https:\/\/api.w.org\/{rel}","templated":true}]}}