{"id":16401,"date":"2024-01-16T22:12:48","date_gmt":"2024-01-16T20:12:48","guid":{"rendered":"https:\/\/shop.bushboats.com\/?post_type=product&#038;p=16401"},"modified":"2025-05-23T07:40:51","modified_gmt":"2025-05-23T04:40:51","slug":"daudzfunkcionals-galds-zvejnieka-paligs","status":"publish","type":"product","link":"https:\/\/shop.bushboats.com\/index.php\/produkts\/daudzfunkcionals-galds-zvejnieka-paligs\/","title":{"rendered":"Daudzfunkcion\u0101ls galds &#8220;Zvejnieka pal\u012bgs&#8221;"},"content":{"rendered":"<p>Tas ir paredz\u0113ts, lai organiz\u0113tu lietas uz ku\u0123a. Konstrukcija sast\u0101v no pl\u0101ksnes (282 x 380 mm), Fs219 stiprin\u0101juma, kas piestiprin\u0101ts zem virsmas ar \u010detr\u0101m 6,3 * 16 DIN 9200 pa\u0161v\u012bt\u0146ojo\u0161\u0101m skr\u016bv\u0113m, sl\u012bpuma un pagrieziena adapteri ar 27,7 \u00b0 spline savienojumu, ieskaitot rokturi ar ievietotu M6 DIN 934 uzgriezni, atsperi un M6 * 55 DIN 933 skr\u016bvi. Asto\u0146i neod\u012bma magn\u0113ti ir uzst\u0101d\u012bti uz pane\u013ca virsmas, izmantojot asto\u0146as M6 * 10 DIN 7991 skr\u016bves. Gar pane\u013ca perimetru ir caurumi maisi\u0146u, piederumu, instrumentu, karab\u012bnu piestiprin\u0101\u0161anai. Piederumu mont\u0101\u017eai ar T-adapteriem ir pieejamas tr\u012bs T-sliedes. Galven\u0101s deta\u013cas ir izgatavotas no stikla \u0161\u0137iedras pastiprin\u0101ta poliam\u012bda, stiprin\u0101jumi un atspere ir izgatavoti no A2 ner\u016bs\u0113jo\u0161\u0101 t\u0113rauda (AISI 304) (iz\u0146emot M6 DIN 934 misi\u0146a uzgriezni).<\/p>\n","protected":false},"excerpt":{"rendered":"<p>Tas ir paredz\u0113ts, lai organiz\u0113tu lietas uz ku\u0123a. Konstrukcija sast\u0101v no pl\u0101ksnes (282 x 380 mm), Fs219 stiprin\u0101juma, kas piestiprin\u0101ts zem virsmas ar \u010detr\u0101m 6,3 * 16 DIN 9200 pa\u0161v\u012bt\u0146ojo\u0161\u0101m skr\u016bv\u0113m, sl\u012bpuma un pagrieziena adapteri ar 27,7 \u00b0 spline savienojumu, ieskaitot rokturi ar ievietotu M6 DIN 934 uzgriezni, atsperi un M6 * 55 DIN 933 [&hellip;]<\/p>\n","protected":false},"featured_media":16402,"comment_status":"open","ping_status":"closed","template":"","meta":[],"product_brand":[],"product_cat":[864,685,54],"product_tag":[],"class_list":{"0":"post-16401","1":"product","2":"type-product","3":"status-publish","4":"has-post-thumbnail","6":"product_cat-borika-aksesuari-fasten","7":"product_cat-komforts","8":"product_cat-accessories","10":"first","11":"instock","12":"taxable","13":"shipping-taxable","14":"purchasable","15":"product-type-simple"},"jetpack_sharing_enabled":true,"_links":{"self":[{"href":"https:\/\/shop.bushboats.com\/index.php\/wp-json\/wp\/v2\/product\/16401","targetHints":{"allow":["GET"]}}],"collection":[{"href":"https:\/\/shop.bushboats.com\/index.php\/wp-json\/wp\/v2\/product"}],"about":[{"href":"https:\/\/shop.bushboats.com\/index.php\/wp-json\/wp\/v2\/types\/product"}],"replies":[{"embeddable":true,"href":"https:\/\/shop.bushboats.com\/index.php\/wp-json\/wp\/v2\/comments?post=16401"}],"wp:featuredmedia":[{"embeddable":true,"href":"https:\/\/shop.bushboats.com\/index.php\/wp-json\/wp\/v2\/media\/16402"}],"wp:attachment":[{"href":"https:\/\/shop.bushboats.com\/index.php\/wp-json\/wp\/v2\/media?parent=16401"}],"wp:term":[{"taxonomy":"product_brand","embeddable":true,"href":"https:\/\/shop.bushboats.com\/index.php\/wp-json\/wp\/v2\/product_brand?post=16401"},{"taxonomy":"product_cat","embeddable":true,"href":"https:\/\/shop.bushboats.com\/index.php\/wp-json\/wp\/v2\/product_cat?post=16401"},{"taxonomy":"product_tag","embeddable":true,"href":"https:\/\/shop.bushboats.com\/index.php\/wp-json\/wp\/v2\/product_tag?post=16401"}],"curies":[{"name":"wp","href":"https:\/\/api.w.org\/{rel}","templated":true}]}}