{"id":16409,"date":"2024-01-16T22:25:05","date_gmt":"2024-01-16T20:25:05","guid":{"rendered":"https:\/\/shop.bushboats.com\/?post_type=product&#038;p=16409"},"modified":"2025-08-01T18:13:55","modified_gmt":"2025-08-01T15:13:55","slug":"glazu-turetajs","status":"publish","type":"product","link":"https:\/\/shop.bushboats.com\/index.php\/produkts\/glazu-turetajs\/","title":{"rendered":"Gl\u0101\u017eu tur\u0113t\u0101js"},"content":{"rendered":"<p>Gl\u0101\u017eu tur\u0113t\u0101js\u00a0paredz\u0113ts ievieto\u0161anai \u00a0T veida profil\u0101, laivas borta iek\u0161pus\u0113.<\/p>\n<p>Paredz\u0113ts, lai tur\u0113tu da\u017e\u0101dus dz\u0113rienus un organiz\u0113tu lietas uz ku\u0123a. Dizains sast\u0101v no tur\u0113t\u0101ja korpusa un fiksatora, kam ir tr\u012bs poz\u012bcijas: atv\u0113rts, aizv\u0113rts un da\u013c\u0113ji aizv\u0113rts (kr\u016bzes roktura nostiprin\u0101\u0161anai), k\u0101 ar\u012b groz\u0101ms v\u012brie\u0161u adapteris, kas veidots k\u0101 12 asu zvaigzne. Tur\u0113t\u0101ju var pagriezt par 360\u00b0, neno\u0146emot to no stiprin\u0101juma. P\u0101r\u012b savienoti iegareni caurumi, kas paredz\u0113ti ap perimetru, kalpo, lai pak\u0101rtu m\u012bkstus maisi\u0146us instrumentiem un r\u012bkiem, tie ir piem\u0113roti sist\u0113mu ar siksn\u0101m (MOLLE uc) piek\u0101r\u0161anai. Komplekt\u0101 ietilpst ar\u012b M6*50 DIN 7985 skr\u016bve, M6*50 DIN 963 skr\u016bve un M6 DIN 985 pa\u0161blo\u0137\u0113jo\u0161ais uzgrieznis. Galven\u0101s da\u013cas ir izgatavotas no stikla \u0161\u0137iedras pastiprin\u0101ta poliam\u012bda. Stiprin\u0101jumi \u2013 no ner\u016bs\u0113jo\u0161\u0101 t\u0113rauda A2 (AISI 304) (iz\u0146emot M6 DIN 934 misi\u0146a uzgriezni).<\/p>\n","protected":false},"excerpt":{"rendered":"<p>Gl\u0101\u017eu tur\u0113t\u0101js\u00a0paredz\u0113ts ievieto\u0161anai \u00a0T veida profil\u0101, laivas borta iek\u0161pus\u0113. Paredz\u0113ts, lai tur\u0113tu da\u017e\u0101dus dz\u0113rienus un organiz\u0113tu lietas uz ku\u0123a. Dizains sast\u0101v no tur\u0113t\u0101ja korpusa un fiksatora, kam ir tr\u012bs poz\u012bcijas: atv\u0113rts, aizv\u0113rts un da\u013c\u0113ji aizv\u0113rts (kr\u016bzes roktura nostiprin\u0101\u0161anai), k\u0101 ar\u012b groz\u0101ms v\u012brie\u0161u adapteris, kas veidots k\u0101 12 asu zvaigzne. Tur\u0113t\u0101ju var pagriezt par 360\u00b0, neno\u0146emot [&hellip;]<\/p>\n","protected":false},"featured_media":16410,"comment_status":"open","ping_status":"closed","template":"","meta":[],"product_brand":[],"product_cat":[864,685,54],"product_tag":[],"class_list":{"0":"post-16409","1":"product","2":"type-product","3":"status-publish","4":"has-post-thumbnail","6":"product_cat-borika-aksesuari-fasten","7":"product_cat-komforts","8":"product_cat-accessories","10":"first","11":"instock","12":"taxable","13":"shipping-taxable","14":"purchasable","15":"product-type-simple"},"jetpack_sharing_enabled":true,"_links":{"self":[{"href":"https:\/\/shop.bushboats.com\/index.php\/wp-json\/wp\/v2\/product\/16409","targetHints":{"allow":["GET"]}}],"collection":[{"href":"https:\/\/shop.bushboats.com\/index.php\/wp-json\/wp\/v2\/product"}],"about":[{"href":"https:\/\/shop.bushboats.com\/index.php\/wp-json\/wp\/v2\/types\/product"}],"replies":[{"embeddable":true,"href":"https:\/\/shop.bushboats.com\/index.php\/wp-json\/wp\/v2\/comments?post=16409"}],"wp:featuredmedia":[{"embeddable":true,"href":"https:\/\/shop.bushboats.com\/index.php\/wp-json\/wp\/v2\/media\/16410"}],"wp:attachment":[{"href":"https:\/\/shop.bushboats.com\/index.php\/wp-json\/wp\/v2\/media?parent=16409"}],"wp:term":[{"taxonomy":"product_brand","embeddable":true,"href":"https:\/\/shop.bushboats.com\/index.php\/wp-json\/wp\/v2\/product_brand?post=16409"},{"taxonomy":"product_cat","embeddable":true,"href":"https:\/\/shop.bushboats.com\/index.php\/wp-json\/wp\/v2\/product_cat?post=16409"},{"taxonomy":"product_tag","embeddable":true,"href":"https:\/\/shop.bushboats.com\/index.php\/wp-json\/wp\/v2\/product_tag?post=16409"}],"curies":[{"name":"wp","href":"https:\/\/api.w.org\/{rel}","templated":true}]}}