{"id":16482,"date":"2024-02-12T20:41:57","date_gmt":"2024-02-12T18:41:57","guid":{"rendered":"https:\/\/shop.bushboats.com\/?post_type=product&#038;p=16482"},"modified":"2026-02-20T09:13:17","modified_gmt":"2026-02-20T07:13:17","slug":"ledus-urbja-sneks-electroshtorm-cw-combo-base-130mm","status":"publish","type":"product","link":"https:\/\/shop.bushboats.com\/index.php\/produkts\/ledus-urbja-sneks-electroshtorm-cw-combo-base-130mm\/","title":{"rendered":"Ledus Urbis ar Adapteri TONAR Classic 130mm"},"content":{"rendered":"<p>1,0 m. Svars \u2013 1,9 kg.<\/p>\n<p>\u00d8130mm &#8211; maksim\u0101lais ledus biezums<\/p>\n<p>Komplekt\u0101cija: Glieme\u017etransportieris &#8211; 1 gab., Asme\u0146i &#8211; 1 gab<\/p>\n<p>KOMBO &#8211; apr\u012bkots ar skr\u016bvgrie\u017ea adapteri<\/p>\n<p>&nbsp;<\/p>\n<p>&nbsp;<\/p>\n","protected":false},"excerpt":{"rendered":"<p>1,0 m. Svars \u2013 1,9 kg. \u00d8130mm &#8211; maksim\u0101lais ledus biezums Komplekt\u0101cija: Glieme\u017etransportieris &#8211; 1 gab., Asme\u0146i &#8211; 1 gab KOMBO &#8211; apr\u012bkots ar skr\u016bvgrie\u017ea adapteri &nbsp; &nbsp;<\/p>\n","protected":false},"featured_media":22325,"comment_status":"open","ping_status":"closed","template":"","meta":[],"product_brand":[],"product_cat":[82,825,821],"product_tag":[],"class_list":{"0":"post-16482","1":"product","2":"type-product","3":"status-publish","4":"has-post-thumbnail","6":"product_cat-other-accessories-lv","7":"product_cat-ledus-urbji","8":"product_cat-ziemas-inventars","10":"first","11":"instock","12":"taxable","13":"shipping-taxable","14":"purchasable","15":"product-type-simple"},"jetpack_sharing_enabled":true,"_links":{"self":[{"href":"https:\/\/shop.bushboats.com\/index.php\/wp-json\/wp\/v2\/product\/16482","targetHints":{"allow":["GET"]}}],"collection":[{"href":"https:\/\/shop.bushboats.com\/index.php\/wp-json\/wp\/v2\/product"}],"about":[{"href":"https:\/\/shop.bushboats.com\/index.php\/wp-json\/wp\/v2\/types\/product"}],"replies":[{"embeddable":true,"href":"https:\/\/shop.bushboats.com\/index.php\/wp-json\/wp\/v2\/comments?post=16482"}],"wp:featuredmedia":[{"embeddable":true,"href":"https:\/\/shop.bushboats.com\/index.php\/wp-json\/wp\/v2\/media\/22325"}],"wp:attachment":[{"href":"https:\/\/shop.bushboats.com\/index.php\/wp-json\/wp\/v2\/media?parent=16482"}],"wp:term":[{"taxonomy":"product_brand","embeddable":true,"href":"https:\/\/shop.bushboats.com\/index.php\/wp-json\/wp\/v2\/product_brand?post=16482"},{"taxonomy":"product_cat","embeddable":true,"href":"https:\/\/shop.bushboats.com\/index.php\/wp-json\/wp\/v2\/product_cat?post=16482"},{"taxonomy":"product_tag","embeddable":true,"href":"https:\/\/shop.bushboats.com\/index.php\/wp-json\/wp\/v2\/product_tag?post=16482"}],"curies":[{"name":"wp","href":"https:\/\/api.w.org\/{rel}","templated":true}]}}