{"id":16539,"date":"2024-02-15T20:46:21","date_gmt":"2024-02-15T18:46:21","guid":{"rendered":"https:\/\/shop.bushboats.com\/?post_type=product&#038;p=16539"},"modified":"2025-01-01T23:03:35","modified_gmt":"2025-01-01T21:03:35","slug":"glabsanas-veste-100n-xl-70-90-kg-ce","status":"publish","type":"product","link":"https:\/\/shop.bushboats.com\/index.php\/produkts\/glabsanas-veste-100n-xl-70-90-kg-ce\/","title":{"rendered":"Gl\u0101b\u0161anas veste 100N XL (70-90 kg) CE"},"content":{"rendered":"<p>Gl\u0101b\u0161anas veste ar modul\u0101ru kaklu lab\u0101kai galvas aizsardz\u012bbai. Izgatavots no iztur\u012bga auduma ar augstu redzam\u012bbu, apr\u012bkots ar retroreflekt\u012bv\u0101m lent\u0113m, homolog\u0113tu svilpi, \u0101tras atbr\u012bvo\u0161anas spr\u0101dzi un regul\u0113jam\u0101m k\u0101jstarpes siksn\u0101m.<\/p>\n<p>Kr\u016b\u0161u apk\u0101rtm\u0113rs:\u00a0 110\/120 cm<\/p>\n<p>Peldsp\u0113ju N: 105<\/p>\n<p>izm\u0113rs: XL<\/p>\n<p>Cilv\u0113ka svars: 70\/90 kg<\/p>\n","protected":false},"excerpt":{"rendered":"<p>Gl\u0101b\u0161anas veste ar modul\u0101ru kaklu lab\u0101kai galvas aizsardz\u012bbai. Izgatavots no iztur\u012bga auduma ar augstu redzam\u012bbu, apr\u012bkots ar retroreflekt\u012bv\u0101m lent\u0113m, homolog\u0113tu svilpi, \u0101tras atbr\u012bvo\u0161anas spr\u0101dzi un regul\u0113jam\u0101m k\u0101jstarpes siksn\u0101m. Kr\u016b\u0161u apk\u0101rtm\u0113rs:\u00a0 110\/120 cm Peldsp\u0113ju N: 105 izm\u0113rs: XL Cilv\u0113ka svars: 70\/90 kg<\/p>\n","protected":false},"featured_media":16540,"comment_status":"open","ping_status":"closed","template":"","meta":[],"product_brand":[],"product_cat":[695,698],"product_tag":[],"class_list":{"0":"post-16539","1":"product","2":"type-product","3":"status-publish","4":"has-post-thumbnail","6":"product_cat-glabsanas-aprikojums","7":"product_cat-glabsanas-vestes","9":"first","10":"instock","11":"taxable","12":"shipping-taxable","13":"purchasable","14":"product-type-simple"},"jetpack_sharing_enabled":true,"_links":{"self":[{"href":"https:\/\/shop.bushboats.com\/index.php\/wp-json\/wp\/v2\/product\/16539","targetHints":{"allow":["GET"]}}],"collection":[{"href":"https:\/\/shop.bushboats.com\/index.php\/wp-json\/wp\/v2\/product"}],"about":[{"href":"https:\/\/shop.bushboats.com\/index.php\/wp-json\/wp\/v2\/types\/product"}],"replies":[{"embeddable":true,"href":"https:\/\/shop.bushboats.com\/index.php\/wp-json\/wp\/v2\/comments?post=16539"}],"wp:featuredmedia":[{"embeddable":true,"href":"https:\/\/shop.bushboats.com\/index.php\/wp-json\/wp\/v2\/media\/16540"}],"wp:attachment":[{"href":"https:\/\/shop.bushboats.com\/index.php\/wp-json\/wp\/v2\/media?parent=16539"}],"wp:term":[{"taxonomy":"product_brand","embeddable":true,"href":"https:\/\/shop.bushboats.com\/index.php\/wp-json\/wp\/v2\/product_brand?post=16539"},{"taxonomy":"product_cat","embeddable":true,"href":"https:\/\/shop.bushboats.com\/index.php\/wp-json\/wp\/v2\/product_cat?post=16539"},{"taxonomy":"product_tag","embeddable":true,"href":"https:\/\/shop.bushboats.com\/index.php\/wp-json\/wp\/v2\/product_tag?post=16539"}],"curies":[{"name":"wp","href":"https:\/\/api.w.org\/{rel}","templated":true}]}}