{"id":16547,"date":"2024-02-15T20:58:48","date_gmt":"2024-02-15T18:58:48","guid":{"rendered":"https:\/\/shop.bushboats.com\/?post_type=product&#038;p=16547"},"modified":"2024-02-15T20:59:13","modified_gmt":"2024-02-15T18:59:13","slug":"bernu-veste-chico-100-n-10-20-kg","status":"publish","type":"product","link":"https:\/\/shop.bushboats.com\/index.php\/produkts\/bernu-veste-chico-100-n-10-20-kg\/","title":{"rendered":"B\u0112RNU VESTE CHICO 100 N (10 &#8211; 20 KG)"},"content":{"rendered":"<p>&#8220;CHICO&#8221; gl\u0101b\u0161anas veste nodro\u0161ina uzlabotu piegul\u0161anu un maksim\u0101lu dro\u0161\u012bbu. Liela peldo\u0161\u0101 apkakle atbalsta b\u0113rna galvu. Regul\u0113\u0161anas sist\u0113ma sast\u0101v no: r\u0101v\u0113jsl\u0113dz\u0113ja, \u0101tri atvienojam\u0101m siksn\u0101m ar spr\u0101dzi, k\u0101jstarpes siksni\u0146as liel\u0101kai dro\u0161\u012bbai. Komplekt\u0101 ar signaliz\u0101cijas sist\u0113mu ar atstarojo\u0161\u0101m lent\u0113m un svilpi.<\/p>\n<p>10 &#8211; 20 kg<\/p>\n<p>60 &#8211; 75 cm<\/p>\n","protected":false},"excerpt":{"rendered":"<p>&#8220;CHICO&#8221; gl\u0101b\u0161anas veste nodro\u0161ina uzlabotu piegul\u0161anu un maksim\u0101lu dro\u0161\u012bbu. Liela peldo\u0161\u0101 apkakle atbalsta b\u0113rna galvu. Regul\u0113\u0161anas sist\u0113ma sast\u0101v no: r\u0101v\u0113jsl\u0113dz\u0113ja, \u0101tri atvienojam\u0101m siksn\u0101m ar spr\u0101dzi, k\u0101jstarpes siksni\u0146as liel\u0101kai dro\u0161\u012bbai. Komplekt\u0101 ar signaliz\u0101cijas sist\u0113mu ar atstarojo\u0161\u0101m lent\u0113m un svilpi. 10 &#8211; 20 kg 60 &#8211; 75 cm<\/p>\n","protected":false},"featured_media":16548,"comment_status":"open","ping_status":"closed","template":"","meta":[],"product_brand":[],"product_cat":[695,698],"product_tag":[],"class_list":{"0":"post-16547","1":"product","2":"type-product","3":"status-publish","4":"has-post-thumbnail","6":"product_cat-glabsanas-aprikojums","7":"product_cat-glabsanas-vestes","9":"first","10":"instock","11":"taxable","12":"shipping-taxable","13":"purchasable","14":"product-type-simple"},"jetpack_sharing_enabled":true,"_links":{"self":[{"href":"https:\/\/shop.bushboats.com\/index.php\/wp-json\/wp\/v2\/product\/16547","targetHints":{"allow":["GET"]}}],"collection":[{"href":"https:\/\/shop.bushboats.com\/index.php\/wp-json\/wp\/v2\/product"}],"about":[{"href":"https:\/\/shop.bushboats.com\/index.php\/wp-json\/wp\/v2\/types\/product"}],"replies":[{"embeddable":true,"href":"https:\/\/shop.bushboats.com\/index.php\/wp-json\/wp\/v2\/comments?post=16547"}],"wp:featuredmedia":[{"embeddable":true,"href":"https:\/\/shop.bushboats.com\/index.php\/wp-json\/wp\/v2\/media\/16548"}],"wp:attachment":[{"href":"https:\/\/shop.bushboats.com\/index.php\/wp-json\/wp\/v2\/media?parent=16547"}],"wp:term":[{"taxonomy":"product_brand","embeddable":true,"href":"https:\/\/shop.bushboats.com\/index.php\/wp-json\/wp\/v2\/product_brand?post=16547"},{"taxonomy":"product_cat","embeddable":true,"href":"https:\/\/shop.bushboats.com\/index.php\/wp-json\/wp\/v2\/product_cat?post=16547"},{"taxonomy":"product_tag","embeddable":true,"href":"https:\/\/shop.bushboats.com\/index.php\/wp-json\/wp\/v2\/product_tag?post=16547"}],"curies":[{"name":"wp","href":"https:\/\/api.w.org\/{rel}","templated":true}]}}