{"id":16554,"date":"2024-02-15T21:12:57","date_gmt":"2024-02-15T19:12:57","guid":{"rendered":"https:\/\/shop.bushboats.com\/?post_type=product&#038;p=16554"},"modified":"2025-09-17T21:53:34","modified_gmt":"2025-09-17T18:53:34","slug":"glabsanas-pakavs","status":"publish","type":"product","link":"https:\/\/shop.bushboats.com\/index.php\/produkts\/glabsanas-pakavs\/","title":{"rendered":"Gl\u0101b\u0161anas pakavs"},"content":{"rendered":"<p>Gl\u0101b\u0161anas pakavs no sl\u0113gt\u0101m \u0161\u016bn\u0101m papla\u0161in\u0101ts materi\u0101ls ar PVC korpusu U.V. iztur\u012bgi.<\/p>\n<p>Nav apstiprin\u0101ts.<\/p>\n","protected":false},"excerpt":{"rendered":"<p>Gl\u0101b\u0161anas pakavs no sl\u0113gt\u0101m \u0161\u016bn\u0101m papla\u0161in\u0101ts materi\u0101ls ar PVC korpusu U.V. iztur\u012bgi. Nav apstiprin\u0101ts.<\/p>\n","protected":false},"featured_media":16555,"comment_status":"open","ping_status":"closed","template":"","meta":[],"product_brand":[],"product_cat":[695,701],"product_tag":[],"class_list":{"0":"post-16554","1":"product","2":"type-product","3":"status-publish","4":"has-post-thumbnail","6":"product_cat-glabsanas-aprikojums","7":"product_cat-glabsanas-rinki","9":"first","10":"instock","11":"taxable","12":"shipping-taxable","13":"purchasable","14":"product-type-simple"},"jetpack_sharing_enabled":true,"_links":{"self":[{"href":"https:\/\/shop.bushboats.com\/index.php\/wp-json\/wp\/v2\/product\/16554","targetHints":{"allow":["GET"]}}],"collection":[{"href":"https:\/\/shop.bushboats.com\/index.php\/wp-json\/wp\/v2\/product"}],"about":[{"href":"https:\/\/shop.bushboats.com\/index.php\/wp-json\/wp\/v2\/types\/product"}],"replies":[{"embeddable":true,"href":"https:\/\/shop.bushboats.com\/index.php\/wp-json\/wp\/v2\/comments?post=16554"}],"wp:featuredmedia":[{"embeddable":true,"href":"https:\/\/shop.bushboats.com\/index.php\/wp-json\/wp\/v2\/media\/16555"}],"wp:attachment":[{"href":"https:\/\/shop.bushboats.com\/index.php\/wp-json\/wp\/v2\/media?parent=16554"}],"wp:term":[{"taxonomy":"product_brand","embeddable":true,"href":"https:\/\/shop.bushboats.com\/index.php\/wp-json\/wp\/v2\/product_brand?post=16554"},{"taxonomy":"product_cat","embeddable":true,"href":"https:\/\/shop.bushboats.com\/index.php\/wp-json\/wp\/v2\/product_cat?post=16554"},{"taxonomy":"product_tag","embeddable":true,"href":"https:\/\/shop.bushboats.com\/index.php\/wp-json\/wp\/v2\/product_tag?post=16554"}],"curies":[{"name":"wp","href":"https:\/\/api.w.org\/{rel}","templated":true}]}}