{"id":16573,"date":"2024-02-15T21:43:16","date_gmt":"2024-02-15T19:43:16","guid":{"rendered":"https:\/\/shop.bushboats.com\/?post_type=product&#038;p=16573"},"modified":"2025-01-01T23:03:33","modified_gmt":"2025-01-01T21:03:33","slug":"laivu-tents-zila-krasa-430-450-cm","status":"publish","type":"product","link":"https:\/\/shop.bushboats.com\/index.php\/produkts\/laivu-tents-zila-krasa-430-450-cm\/","title":{"rendered":"Laivu tents zila kr\u0101s\u0101 (430\/450 cm)"},"content":{"rendered":"<p>Piep\u016b\u0161amais laivas p\u0101rvalks izgatavots no poliestera pretpel\u0113juma, elpojo\u0161s, \u016bdensiztur\u012bgs un U.V. iztur\u012bgs audums. Apr\u012bkots ar iek\u0161\u0113jo gumijas joslu lab\u0101kai pielip\u0161anai. Ieteicams piln\u012bgai aizsardz\u012bbai pret atmosf\u0113ras l\u012bdzek\u013ciem, piem\u0113ram, lietus, sauli un putek\u013ciem. Paredz\u0113ts ar\u012b piekarin\u0101m\u0101 p\u0101rkl\u0101juma seg\u0161anai.<br \/>\nNodro\u0161ina vislab\u0101ko \u016bdensnecaurlaid\u012bbu un iztur\u012bbu pietauvo\u0161an\u0101s un uzglab\u0101\u0161anas laik\u0101.<\/p>\n<p>\u25cf 6<strong>00 DENIERS zila kr\u0101s\u0101 lai nodro\u0161in\u0101tu vislab\u0101ko \u016bdensnecaurlaid\u012bbu un iztur\u012bbu pietauvo\u0161an\u0101s un uzglab\u0101\u0161anas laik\u0101.<\/strong><\/p>\n","protected":false},"excerpt":{"rendered":"<table class=\"table table-condensed gfnci-table table-hover table-striped monocomponentetab_codice1_codice_2\" style=\"height: 185px;\" width=\"465\">\n<thead>\n<tr>\n<th>\n<p class=\"text-center\">A<\/p>\n<p>Garums<\/p>\n<p>Piep\u016b\u0161am\u0101 laiva<\/p>\n<p class=\"text-center\">cm<\/p>\n<\/th>\n<th>\n<p class=\"text-center\">B<\/p>\n<p>Platums<\/p>\n<p>Piep\u016b\u0161am\u0101 laiva<\/p>\n<p class=\"text-center\">cm<\/p>\n<\/th>\n<th>\n<p class=\"text-center\">Garums<\/p>\n<p>Kop\u0113j\u0101<\/p>\n<p>v\u0101ks<\/p>\n<p class=\"text-center\">cm<\/p>\n<\/th>\n<th>\n<p class=\"text-center\">\u00a0Platums<\/p>\n<p>Kop\u0113j\u0101<\/p>\n<p>v\u0101ks<\/p>\n<p class=\"text-center\">cm<\/p>\n<\/th>\n<\/tr>\n<\/thead>\n<\/table>\n<table class=\"table table-condensed gfnci-table table-hover table-striped monocomponentetab_codice1_codice_2\" style=\"height: 68px;\" width=\"463\">\n<tbody>\n<tr>\n<td>\n<p class=\"text-center\">430 \/ 450<\/p>\n<\/td>\n<td>\n<p class=\"text-center\">170 \/ 190<\/p>\n<\/td>\n<td>\n<p class=\"text-center\">488<\/p>\n<\/td>\n<td>\n<p class=\"text-center\">252<\/p>\n<\/td>\n<\/tr>\n<\/tbody>\n<\/table>\n","protected":false},"featured_media":16109,"comment_status":"open","ping_status":"closed","template":"","meta":[],"product_brand":[],"product_cat":[54,664],"product_tag":[],"class_list":{"0":"post-16573","1":"product","2":"type-product","3":"status-publish","4":"has-post-thumbnail","6":"product_cat-accessories","7":"product_cat-laivu-parsegi","9":"first","10":"instock","11":"taxable","12":"shipping-taxable","13":"purchasable","14":"product-type-simple"},"jetpack_sharing_enabled":true,"_links":{"self":[{"href":"https:\/\/shop.bushboats.com\/index.php\/wp-json\/wp\/v2\/product\/16573","targetHints":{"allow":["GET"]}}],"collection":[{"href":"https:\/\/shop.bushboats.com\/index.php\/wp-json\/wp\/v2\/product"}],"about":[{"href":"https:\/\/shop.bushboats.com\/index.php\/wp-json\/wp\/v2\/types\/product"}],"replies":[{"embeddable":true,"href":"https:\/\/shop.bushboats.com\/index.php\/wp-json\/wp\/v2\/comments?post=16573"}],"wp:featuredmedia":[{"embeddable":true,"href":"https:\/\/shop.bushboats.com\/index.php\/wp-json\/wp\/v2\/media\/16109"}],"wp:attachment":[{"href":"https:\/\/shop.bushboats.com\/index.php\/wp-json\/wp\/v2\/media?parent=16573"}],"wp:term":[{"taxonomy":"product_brand","embeddable":true,"href":"https:\/\/shop.bushboats.com\/index.php\/wp-json\/wp\/v2\/product_brand?post=16573"},{"taxonomy":"product_cat","embeddable":true,"href":"https:\/\/shop.bushboats.com\/index.php\/wp-json\/wp\/v2\/product_cat?post=16573"},{"taxonomy":"product_tag","embeddable":true,"href":"https:\/\/shop.bushboats.com\/index.php\/wp-json\/wp\/v2\/product_tag?post=16573"}],"curies":[{"name":"wp","href":"https:\/\/api.w.org\/{rel}","templated":true}]}}