{"id":16588,"date":"2024-02-15T22:57:14","date_gmt":"2024-02-15T20:57:14","guid":{"rendered":"https:\/\/shop.bushboats.com\/?post_type=product&#038;p=16588"},"modified":"2025-05-29T08:13:10","modified_gmt":"2025-05-29T05:13:10","slug":"kanoe-airi-paris","status":"publish","type":"product","link":"https:\/\/shop.bushboats.com\/index.php\/produkts\/kanoe-airi-paris\/","title":{"rendered":"Kanoe airi (p\u0101ris)"},"content":{"rendered":"<p>P\u0101ris alum\u012bnija airi, kurus var izmantot gan k\u0101 dubultu airi kajakiem, 215 cm gari, gan divi atsevi\u0161\u0137i airi kanoe laiv\u0101m, katrs 150 cm gar\u0161.<\/p>\n<p>Viens garums: 150 cm<\/p>\n<p>Divk\u0101r\u0161s garums: 215 cm<\/p>\n<p>Diametrs: 30 mm<\/p>\n","protected":false},"excerpt":{"rendered":"<p>P\u0101ris alum\u012bnija airi, kurus var izmantot gan k\u0101 dubultu airi kajakiem, 215 cm gari, gan divi atsevi\u0161\u0137i airi kanoe laiv\u0101m, katrs 150 cm gar\u0161. Viens garums: 150 cm Divk\u0101r\u0161s garums: 215 cm Diametrs: 30 mm<\/p>\n","protected":false},"featured_media":16591,"comment_status":"open","ping_status":"closed","template":"","meta":[],"product_brand":[],"product_cat":[704,54],"product_tag":[],"class_list":{"0":"post-16588","1":"product","2":"type-product","3":"status-publish","4":"has-post-thumbnail","6":"product_cat-airi-un-aki","7":"product_cat-accessories","9":"first","10":"instock","11":"taxable","12":"shipping-taxable","13":"purchasable","14":"product-type-simple"},"jetpack_sharing_enabled":true,"_links":{"self":[{"href":"https:\/\/shop.bushboats.com\/index.php\/wp-json\/wp\/v2\/product\/16588","targetHints":{"allow":["GET"]}}],"collection":[{"href":"https:\/\/shop.bushboats.com\/index.php\/wp-json\/wp\/v2\/product"}],"about":[{"href":"https:\/\/shop.bushboats.com\/index.php\/wp-json\/wp\/v2\/types\/product"}],"replies":[{"embeddable":true,"href":"https:\/\/shop.bushboats.com\/index.php\/wp-json\/wp\/v2\/comments?post=16588"}],"wp:featuredmedia":[{"embeddable":true,"href":"https:\/\/shop.bushboats.com\/index.php\/wp-json\/wp\/v2\/media\/16591"}],"wp:attachment":[{"href":"https:\/\/shop.bushboats.com\/index.php\/wp-json\/wp\/v2\/media?parent=16588"}],"wp:term":[{"taxonomy":"product_brand","embeddable":true,"href":"https:\/\/shop.bushboats.com\/index.php\/wp-json\/wp\/v2\/product_brand?post=16588"},{"taxonomy":"product_cat","embeddable":true,"href":"https:\/\/shop.bushboats.com\/index.php\/wp-json\/wp\/v2\/product_cat?post=16588"},{"taxonomy":"product_tag","embeddable":true,"href":"https:\/\/shop.bushboats.com\/index.php\/wp-json\/wp\/v2\/product_tag?post=16588"}],"curies":[{"name":"wp","href":"https:\/\/api.w.org\/{rel}","templated":true}]}}