{"id":16598,"date":"2024-02-15T23:21:29","date_gmt":"2024-02-15T21:21:29","guid":{"rendered":"https:\/\/shop.bushboats.com\/?post_type=product&#038;p=16598"},"modified":"2025-06-12T15:54:32","modified_gmt":"2025-06-12T12:54:32","slug":"elektrosuknis-bravo-ge-btp-2","status":"publish","type":"product","link":"https:\/\/shop.bushboats.com\/index.php\/produkts\/elektrosuknis-bravo-ge-btp-2\/","title":{"rendered":"ELEKTROS\u016aKNIS BRAVO GE BTP-2"},"content":{"rendered":"<p>APRAKSTS:<br \/>\nGE BTP-2 MiMa atspogu\u013co divu piep\u016b\u0161amo apar\u0101tu, piem\u0113ram, GE BP1 un GE BTP-1, evol\u016bciju.<br \/>\nTas ir piem\u0113rots daudziem lietojumiem, bet ir ide\u0101li piem\u0113rots SUP, sp\u0113jot sasniegt 1.2 bar (18 psi) maksim\u0101lo spiedienu.<br \/>\nTas ir apr\u012bkots ar \u012bpa\u0161u manometru v\u0113lam\u0101 spiediena izv\u0113lei. Kad tas ir sasniegts, tas autom\u0101tiski apst\u0101jas.<br \/>\nTas ir apr\u012bkots ar\u012b ar pilnu veidgabalu komplektu visbie\u017e\u0101k sastopamajiem v\u0101rstiem.<br \/>\nTam ir soma ar plecu siksnu, \u0113rta un iztur\u012bga.<\/p>\n<p>Vid\u0113jais infl\u0101cijas laiks: 9&#8217;30&#8221; (265 litru SUP plate pie 1200 mbar)<\/p>\n<p>spiediens max: 1200 mbar (18.0 psi)<br \/>\nGaisa pl\u016bsma: 420-120 l \/ min<br \/>\nSpriegums: 12 Vdc<br \/>\nstr\u0101va: 18 A<br \/>\nFunkcijas: Piep\u016bst\/iztuk\u0161ot<br \/>\nIzm\u0113ri: 29,5 x 10,5 x 16 cm<br \/>\nSvars: 2,5 kg<\/p>\n","protected":false},"excerpt":{"rendered":"<p>APRAKSTS: GE BTP-2 MiMa atspogu\u013co divu piep\u016b\u0161amo apar\u0101tu, piem\u0113ram, GE BP1 un GE BTP-1, evol\u016bciju. Tas ir piem\u0113rots daudziem lietojumiem, bet ir ide\u0101li piem\u0113rots SUP, sp\u0113jot sasniegt 1.2 bar (18 psi) maksim\u0101lo spiedienu. Tas ir apr\u012bkots ar \u012bpa\u0161u manometru v\u0113lam\u0101 spiediena izv\u0113lei. Kad tas ir sasniegts, tas autom\u0101tiski apst\u0101jas. Tas ir apr\u012bkots ar\u012b ar pilnu [&hellip;]<\/p>\n","protected":false},"featured_media":16599,"comment_status":"open","ping_status":"closed","template":"","meta":[],"product_brand":[],"product_cat":[54,676],"product_tag":[],"class_list":{"0":"post-16598","1":"product","2":"type-product","3":"status-publish","4":"has-post-thumbnail","6":"product_cat-accessories","7":"product_cat-sukni-un-piederumi","9":"first","10":"instock","11":"taxable","12":"shipping-taxable","13":"purchasable","14":"product-type-simple"},"jetpack_sharing_enabled":true,"_links":{"self":[{"href":"https:\/\/shop.bushboats.com\/index.php\/wp-json\/wp\/v2\/product\/16598","targetHints":{"allow":["GET"]}}],"collection":[{"href":"https:\/\/shop.bushboats.com\/index.php\/wp-json\/wp\/v2\/product"}],"about":[{"href":"https:\/\/shop.bushboats.com\/index.php\/wp-json\/wp\/v2\/types\/product"}],"replies":[{"embeddable":true,"href":"https:\/\/shop.bushboats.com\/index.php\/wp-json\/wp\/v2\/comments?post=16598"}],"wp:featuredmedia":[{"embeddable":true,"href":"https:\/\/shop.bushboats.com\/index.php\/wp-json\/wp\/v2\/media\/16599"}],"wp:attachment":[{"href":"https:\/\/shop.bushboats.com\/index.php\/wp-json\/wp\/v2\/media?parent=16598"}],"wp:term":[{"taxonomy":"product_brand","embeddable":true,"href":"https:\/\/shop.bushboats.com\/index.php\/wp-json\/wp\/v2\/product_brand?post=16598"},{"taxonomy":"product_cat","embeddable":true,"href":"https:\/\/shop.bushboats.com\/index.php\/wp-json\/wp\/v2\/product_cat?post=16598"},{"taxonomy":"product_tag","embeddable":true,"href":"https:\/\/shop.bushboats.com\/index.php\/wp-json\/wp\/v2\/product_tag?post=16598"}],"curies":[{"name":"wp","href":"https:\/\/api.w.org\/{rel}","templated":true}]}}