{"id":16621,"date":"2024-02-16T10:14:51","date_gmt":"2024-02-16T08:14:51","guid":{"rendered":"https:\/\/shop.bushboats.com\/?post_type=product&#038;p=16621"},"modified":"2025-10-09T00:00:00","modified_gmt":"2025-10-08T21:00:00","slug":"minn-kota-powerdrive-55-lbs-mr-54-12v","status":"publish","type":"product","link":"https:\/\/shop.bushboats.com\/index.php\/produkts\/minn-kota-powerdrive-55-lbs-mr-54-12v\/","title":{"rendered":"MINN KOTA POWERDRIVE 55 LBS MR 54&#8243; 12V"},"content":{"rendered":"<p><em><strong>P\u0101rskats<\/strong><\/em><\/p>\n<p>Uzticams. Funkcion\u0101ls. Un piln\u012bb\u0101 sp\u0113j\u012bgs tikt gal\u0101 ar visu, kas nepiecie\u0161ams veiksm\u012bgai mak\u0161\u0137er\u0113\u0161anai. PowerDrive\u2122 iepriecina savus \u012bpa\u0161niekus katru dienu ar iesp\u0113ju izbaud\u012bt progres\u012bvas tehnolo\u0123ijas, uzticamu jaudu un \u0113rtu vad\u012bbu. Izv\u0113lieties k\u0101du no k\u0101jas ped\u0101\u013ca (papildus opcija) vai Minn Kota mikro t\u0101lvad\u012bbas pult\u012bm un lai\u017eiet \u016bden\u012b. Pateicoties uzticamam, vienk\u0101r\u0161am un iztur\u012bgam stiprin\u0101jumam, kas var iztur\u0113t jebkuru slodzi, motors pier\u0101d\u012bs sevi dienu p\u0113c dienas.<\/p>\n<p><em><strong>Funkcijas<\/strong><\/em><\/p>\n<ul>\n<li>Izv\u0113r\u0161anas pal\u012bgsvira: viegli nolai\u017e un pace\u013c no \u016bdens. Vienk\u0101r\u0161i nospiediet sviru, lai nolaistu velc\u0113\u0161anas motoru, un, kad ir pien\u0101cis laiks p\u0101rvietoties ar galveno dzin\u0113ju, tas viegli pace\u013cas un dro\u0161i nofiks\u0113jas.<\/li>\n<li>Uzlabot\u0101 GPS velc\u0113\u0161anas sist\u0113ma: Visuzticam\u0101k\u0101 mak\u0161\u0137er\u0113\u0161anas navig\u0101cijas sist\u0113ma. Powerdrive izmanto GPS, lai kontrol\u0113tu velc\u0113\u0161anas motoru, un tam ir nep\u0101rsp\u0113jamas funkcijas, kas pal\u012bdz no\u0137ert zivis. Instal\u0113jiet Spot-Locks, kontrol\u0113jiet \u0101trumu, st\u016br\u0113\u0161anu un daudz ko citu. Minn Kota nodro\u0161ina autom\u0101tisku laivas pozicion\u0113\u0161anu un st\u016br\u0113\u0161anu, un j\u016bs to varat vad\u012bt no vienk\u0101r\u0161as un intuit\u012bvas Powerdrive mikro t\u0101lvad\u012bbas pulti.<\/li>\n<li>Akumulatora uzl\u0101des m\u0113r\u012bt\u0101js, nospie\u017eot vienu pogu: nospiediet pogu, lai ieg\u016btu t\u016bl\u012bt\u0113ju uzl\u0101des l\u012bme\u0146a r\u0101d\u012bjumu.<\/li>\n<li>Digital Maximizer\u2122: nodro\u0161ina l\u012bdz pat 5x ilg\u0101ku akumulatora darb\u012bbas laiku ar vienu uzl\u0101di. \u0160ie main\u012bga \u0101truma velc\u0113\u0161anas motori \u013cauj iestat\u012bt prec\u012bzus \u0101trumus un nodro\u0161in\u0101t tie\u0161i tik nepiecie\u0161amo jaudu, pal\u012bdzot saglab\u0101t akumulatoru visai mak\u0161\u0137er\u0113\u0161anas dienai.<\/li>\n<li>Str\u0101vas balsts: nodro\u0161ina papildu jaudu jebkuram mak\u0161\u0137er\u0113\u0161anas scen\u0101rijam un lieliski darbojas atkl\u0101t\u0101 \u016bden\u012b.<\/li>\n<li>Neizn\u012bcin\u0101ma kompoz\u012btmateri\u0101la v\u0101rpsta &#8211; garant\u0113ta m\u016b\u017ea garum\u0101. J\u016bsu Minn Kota velc\u0113\u0161anas motora pamat\u0101 ir iztur\u012bga kompoz\u012btmateri\u0101la v\u0101rpsta. \u0160is ir Minn Kota ekskluz\u012bvs, un m\u0113s to garant\u0113jam uz m\u016b\u017eu.<\/li>\n<li>Dzes\u0113\u0161ana un klusa jauda: katra Minn Kota apak\u0161\u0113j\u0101 iek\u0101rta darbojas v\u0113s\u0101k, pagarinot velc\u0113\u0161anas motora kalpo\u0161anas laiku un saglab\u0101 klusumu pie jebkuras slodzes.<\/li>\n<li>Komplekt\u0101 ietilpst: PowerDrive ar One Boat Network atbalstu, 55 lbs, 54 collas, mikro t\u0101lvad\u012bbas pults, MKP-37 dzenskr\u016bve un mont\u0101\u017eas aprikojums<\/li>\n<\/ul>\n<p>SPECIFIK\u0100CIJAS:<br \/>\nModelis: PowerDrive 55 lb. Vilces sp\u0113ks, 54 collu v\u0101rpsta, mikro t\u0101lvad\u012bbas pults<br \/>\nPreces kods: 1358451<br \/>\nUPC: 0029402050970<br \/>\nLieto\u0161anai: sald\u016bden\u012b<br \/>\nV\u0101rpstas garums: 54 collas<br \/>\nMaksim\u0101l\u0101 vilce: 55 m\u0101rci\u0146as<br \/>\nSpriegums: 12<br \/>\nSader\u012bgs ar vienas laivas t\u012bklu: J\u0101<br \/>\nQUEST s\u0113rija: N\u0113<br \/>\nSpot-Lock: J\u0101<br \/>\nIeb\u016bv\u0113tais hidrolokators: nav<br \/>\nK\u0101jas ped\u0101\u013cis: nav iek\u013cauts<br \/>\nVad\u012bba: bezvadu t\u0101lvad\u012bbas pults<br \/>\nAutom\u0101tiska\/ uzglab\u0101\u0161anas izvieto\u0161ana: N\u0113<br \/>\nPower Trim: N\u0113<br \/>\nSt\u016bres pastiprin\u0101t\u0101js: J\u0101<br \/>\nLift-Assist: N\u0113<br \/>\nBugsargs: N\u0113<br \/>\nBezvadu t\u0101lvad\u012bbas pults: J\u0101<br \/>\nAutoPilots: J\u0101<br \/>\nCoPilot: N\u0113<br \/>\n\u0100trumi: main\u012bgs<br \/>\nDigit\u0101lais maksimiz\u0113t\u0101js: J\u0101<br \/>\nAkumulatora m\u0113r\u012bt\u0101js: J\u0101<br \/>\nMaks. amp\u0113ri: 50<br \/>\nStiprin\u0101juma stils: pieskr\u016bv\u0113jams<br \/>\nMont\u0101\u017eas vieta: priek\u0161gala stiprin\u0101jums<br \/>\nMotora stils: elektriski vad\u0101ms<\/p>\n","protected":false},"excerpt":{"rendered":"<p>P\u0101rskats Uzticams. Funkcion\u0101ls. Un piln\u012bb\u0101 sp\u0113j\u012bgs tikt gal\u0101 ar visu, kas nepiecie\u0161ams veiksm\u012bgai mak\u0161\u0137er\u0113\u0161anai. PowerDrive\u2122 iepriecina savus \u012bpa\u0161niekus katru dienu ar iesp\u0113ju izbaud\u012bt progres\u012bvas tehnolo\u0123ijas, uzticamu jaudu un \u0113rtu vad\u012bbu. Izv\u0113lieties k\u0101du no k\u0101jas ped\u0101\u013ca (papildus opcija) vai Minn Kota mikro t\u0101lvad\u012bbas pult\u012bm un lai\u017eiet \u016bden\u012b. Pateicoties uzticamam, vienk\u0101r\u0161am un iztur\u012bgam stiprin\u0101jumam, kas var iztur\u0113t [&hellip;]<\/p>\n","protected":false},"featured_media":16622,"comment_status":"open","ping_status":"closed","template":"","meta":[],"product_brand":[],"product_cat":[707,710,713],"product_tag":[],"class_list":{"0":"post-16621","1":"product","2":"type-product","3":"status-publish","4":"has-post-thumbnail","6":"product_cat-elektromotori","7":"product_cat-minn-kota-2024","8":"product_cat-powerdrive-2024","10":"first","11":"instock","12":"taxable","13":"shipping-taxable","14":"purchasable","15":"product-type-simple"},"jetpack_sharing_enabled":true,"_links":{"self":[{"href":"https:\/\/shop.bushboats.com\/index.php\/wp-json\/wp\/v2\/product\/16621","targetHints":{"allow":["GET"]}}],"collection":[{"href":"https:\/\/shop.bushboats.com\/index.php\/wp-json\/wp\/v2\/product"}],"about":[{"href":"https:\/\/shop.bushboats.com\/index.php\/wp-json\/wp\/v2\/types\/product"}],"replies":[{"embeddable":true,"href":"https:\/\/shop.bushboats.com\/index.php\/wp-json\/wp\/v2\/comments?post=16621"}],"wp:featuredmedia":[{"embeddable":true,"href":"https:\/\/shop.bushboats.com\/index.php\/wp-json\/wp\/v2\/media\/16622"}],"wp:attachment":[{"href":"https:\/\/shop.bushboats.com\/index.php\/wp-json\/wp\/v2\/media?parent=16621"}],"wp:term":[{"taxonomy":"product_brand","embeddable":true,"href":"https:\/\/shop.bushboats.com\/index.php\/wp-json\/wp\/v2\/product_brand?post=16621"},{"taxonomy":"product_cat","embeddable":true,"href":"https:\/\/shop.bushboats.com\/index.php\/wp-json\/wp\/v2\/product_cat?post=16621"},{"taxonomy":"product_tag","embeddable":true,"href":"https:\/\/shop.bushboats.com\/index.php\/wp-json\/wp\/v2\/product_tag?post=16621"}],"curies":[{"name":"wp","href":"https:\/\/api.w.org\/{rel}","templated":true}]}}