{"id":16665,"date":"2024-02-16T11:17:39","date_gmt":"2024-02-16T09:17:39","guid":{"rendered":"https:\/\/shop.bushboats.com\/?post_type=product&#038;p=16665"},"modified":"2025-07-01T16:34:16","modified_gmt":"2025-07-01T13:34:16","slug":"minn-kota-endura-max-45-36-2024","status":"publish","type":"product","link":"https:\/\/shop.bushboats.com\/index.php\/produkts\/minn-kota-endura-max-45-36-2024\/","title":{"rendered":"MINN KOTA ENDURA MAX 45 36&#8243; (2024)"},"content":{"rendered":"<p>Minn Kota Endura Max 45 laivas elektromotors ir paredz\u0113ts darbam sald\u016bden\u012b, tam ir motora stie\u0146a aizsardz\u012bba sadursmes gad\u012bjum\u0101, un taj\u0101 ir iek\u013cauts akumulatora izl\u0101des indikators. Uzst\u0101diet uz laivas \u0161\u0137\u0113rssijas. Sist\u0113ma Digital Maximizer\u2122 ietaupa l\u012bdz pat 5\u00a0reiz\u0113m vair\u0101k akumulatora ener\u0123ijas. Motors ir apr\u012bkots ar teleskopisku rokturi un aizsardz\u012bbu pret p\u0101rkar\u0161anu, kas \u013cauj \u0113rti vad\u012bt laivu l\u012bdz 900 kg.<\/p>\n<p>Minn Kota ENDURA Max 45 motors, kas paredz\u0113ts ilgsto\u0161ai un intens\u012bvai darb\u012bbai, ir apr\u012bkots ar uzl\u0101des un jaudas pat\u0113ri\u0146a kontroles sist\u0113mu ar vienm\u0113r\u012bgu jaudas mai\u0146u, kas \u013cauj tam str\u0101d\u0101t l\u012bdz 5 reiz\u0113m ilg\u0101k nek\u0101 tradicion\u0101lie mode\u013ci uz standarta ietilp\u012bbas akumulatora. Paredz\u0113ts uzst\u0101d\u012b\u0161anai peldl\u012bdzek\u013cos, kas sver l\u012bdz 900 kg. Att\u012bsta 20,4 kg smagu pacel\u0161anos.<br \/>\nRokturis ir ievelkams, izgatavots no kompoz\u012btmateri\u0101la. Skr\u016bves stienis ir regul\u0113jams augstum\u0101, pateicoties t\u0101 atsperu \u012bpa\u0161\u012bb\u0101m, tas bez boj\u0101jumiem p\u0101rnes triecienus. Korpusa un kron\u0161teina materi\u0101ls ir iztur\u012bgs, \u012bpa\u0161i paredz\u0113ts sald\u016bdens apkalpo\u0161anai. Minn Kota Endura Max 45 da\u013cas nebaid\u0101s no mitruma, trieciena, ultraviolet\u0101 starojuma, temperat\u016bras gal\u0113j\u012bb\u0101m. Tie ner\u016bs\u0113 un sp\u0113j absorb\u0113t vibr\u0101cijas, kas padara uzst\u0101d\u012b\u0161anu \u013coti klusu pat pie maksim\u0101l\u0101s vilces sp\u0113ka. Motors p\u0113c veiktsp\u0113jas ir tuvu traxxis l\u012bnijai, ta\u010du tas ir bud\u017eeta segment\u0101.<\/p>\n<p>Specifik\u0101cijas<\/p>\n<p>Vad\u012bba: teleskopiskais rokturis<br \/>\nV: 12<br \/>\nMax vilces: 45 lbs.<br \/>\nV\u0101rpstas garums: 36 &#8221;<br \/>\n\u0100truma kontrole: main\u012bgs<br \/>\nMaks. Amp Draw: 42<br \/>\nProp: Power Prop (MKP-2)<\/p>\n","protected":false},"excerpt":{"rendered":"<p>Specifik\u0101cija<\/p>\n<table class=\"table\">\n<tbody>\n<tr>\n<th>VILCES (LBS \/ KG)<\/th>\n<td>45 lbs<\/td>\n<\/tr>\n<tr>\n<th>STIE\u0145A GARUMS (&#8221;)<\/th>\n<td>36<\/td>\n<\/tr>\n<tr>\n<th>UZL\u0100DES INDIKATORS<\/th>\n<td>j\u0101<\/td>\n<\/tr>\n<tr>\n<th>SPRIEGUMS, V (DC)<\/th>\n<td>12<\/td>\n<\/tr>\n<tr>\n<th>MOTORA STIPRIN\u0100JUMS<\/th>\n<td>Uz laivas tran\u010da<\/td>\n<\/tr>\n<\/tbody>\n<\/table>\n","protected":false},"featured_media":16668,"comment_status":"open","ping_status":"closed","template":"","meta":[],"product_brand":[],"product_cat":[707,716,710],"product_tag":[],"class_list":{"0":"post-16665","1":"product","2":"type-product","3":"status-publish","4":"has-post-thumbnail","6":"product_cat-elektromotori","7":"product_cat-endura-max-2024","8":"product_cat-minn-kota-2024","10":"first","11":"instock","12":"taxable","13":"shipping-taxable","14":"purchasable","15":"product-type-simple"},"jetpack_sharing_enabled":true,"_links":{"self":[{"href":"https:\/\/shop.bushboats.com\/index.php\/wp-json\/wp\/v2\/product\/16665","targetHints":{"allow":["GET"]}}],"collection":[{"href":"https:\/\/shop.bushboats.com\/index.php\/wp-json\/wp\/v2\/product"}],"about":[{"href":"https:\/\/shop.bushboats.com\/index.php\/wp-json\/wp\/v2\/types\/product"}],"replies":[{"embeddable":true,"href":"https:\/\/shop.bushboats.com\/index.php\/wp-json\/wp\/v2\/comments?post=16665"}],"wp:featuredmedia":[{"embeddable":true,"href":"https:\/\/shop.bushboats.com\/index.php\/wp-json\/wp\/v2\/media\/16668"}],"wp:attachment":[{"href":"https:\/\/shop.bushboats.com\/index.php\/wp-json\/wp\/v2\/media?parent=16665"}],"wp:term":[{"taxonomy":"product_brand","embeddable":true,"href":"https:\/\/shop.bushboats.com\/index.php\/wp-json\/wp\/v2\/product_brand?post=16665"},{"taxonomy":"product_cat","embeddable":true,"href":"https:\/\/shop.bushboats.com\/index.php\/wp-json\/wp\/v2\/product_cat?post=16665"},{"taxonomy":"product_tag","embeddable":true,"href":"https:\/\/shop.bushboats.com\/index.php\/wp-json\/wp\/v2\/product_tag?post=16665"}],"curies":[{"name":"wp","href":"https:\/\/api.w.org\/{rel}","templated":true}]}}