{"id":16694,"date":"2024-02-16T11:44:21","date_gmt":"2024-02-16T09:44:21","guid":{"rendered":"https:\/\/shop.bushboats.com\/?post_type=product&#038;p=16694"},"modified":"2025-07-01T16:31:27","modified_gmt":"2025-07-01T13:31:27","slug":"minn-kota-endura-max-55-42","status":"publish","type":"product","link":"https:\/\/shop.bushboats.com\/index.php\/produkts\/minn-kota-endura-max-55-42\/","title":{"rendered":"MINN KOTA ENDURA MAX 40 36\u2019\u2019"},"content":{"rendered":"<p>Run\u0101jot par vilces sp\u0113ju un veiktsp\u0113ju, laivu elektromotors minn kota endura max 40 ir \u013coti piem\u0113rots pat maz\u0101m laiv\u0101m &#8211; galvenais ir tas, ka to svars nep\u0101rsniedz 850 kg &#8211; tikai 50 kg maz\u0101k nek\u0101 tas var atdz\u012bvin\u0101t n\u0101kamo ra\u017eot\u0101ja maksim\u0101lo 45 rindu.<\/p>\n<p>Izmantojot agr\u0101kos mode\u013cus, \u0101truma regulators laivas elektromotor\u0101 minn kota endura max 40 tiek nomain\u012bts ar vienm\u0113r\u012bgu \u0101truma mai\u0146u, izmantojot tehnolo\u0123iju Maximizer un jebkur\u0101 virzien\u0101. Tas vienk\u0101r\u0161o laivu p\u0101rvald\u012bbu, pat ies\u0101c\u0113jam.<\/p>\n<p>Turkl\u0101t \u0161\u012b pieeja \u013cauj iev\u0113rojami ietaup\u012bt ener\u0123iju un uzraudz\u012bt akumulatora izl\u0101di &#8211; piecas reizes, sal\u012bdzinot ar tradicion\u0101laj\u0101m tehnolo\u0123ij\u0101m. Teleskopiskais kompoz\u012bta stienis ner\u016bs\u0113, labi panes satricin\u0101jumus. \u013boti iztur\u012bga piedzi\u0146as sist\u0113ma, kas paredz\u0113ta intens\u012bvai lieto\u0161anai.<\/p>\n<p>Galven\u0101s iez\u012bmes:<\/p>\n<p>Teleskopiskais griez\u0113js<br \/>\nDigital Maximizer\u2122 tehnolo\u0123ija<br \/>\nBezpak\u0101pju mai\u0146as \u0101trums uz priek\u0161u\/atpaka\u013c<br \/>\nIesp\u0113ja braukt sekl\u0101 \u016bden\u012b<br \/>\nPropellers \u013cauj peld\u0113t \u016bde\u0146os ar bag\u0101t\u012bgu ve\u0123et\u0101ciju<br \/>\nPretsl\u012bd\u0113\u0161anas sadursmes atsperes stienis<br \/>\nRa\u017eots ASV<\/p>\n<p>Specifik\u0101cijas<br \/>\nVad\u012bba: teleskopiskais rokturis 12V<br \/>\nMaks. Vilces: 40 lbs.<br \/>\nV\u0101rpstas garums: 36&#8243;<br \/>\n\u0100truma kontrole: main\u012bgs<\/p>\n","protected":false},"excerpt":{"rendered":"<p>Specifik\u0101cija<\/p>\n<table class=\"table\">\n<tbody>\n<tr>\n<th>VILCES (LBS \/ KG)<\/th>\n<td>40 lbs<\/td>\n<\/tr>\n<tr>\n<th>STIE\u0145A GARUMS (&#8221;)<\/th>\n<td>36<\/td>\n<\/tr>\n<tr>\n<th>UZL\u0100DES INDIKATORS<\/th>\n<td>j\u0101<\/td>\n<\/tr>\n<tr>\n<th>SPRIEGUMS, V (DC)<\/th>\n<td>12<\/td>\n<\/tr>\n<tr>\n<th>MOTORA STIPRIN\u0100JUMS<\/th>\n<td>Uz laivas tra<\/td>\n<\/tr>\n<\/tbody>\n<\/table>\n","protected":false},"featured_media":16695,"comment_status":"open","ping_status":"closed","template":"","meta":[],"product_brand":[],"product_cat":[707,716,710],"product_tag":[],"class_list":{"0":"post-16694","1":"product","2":"type-product","3":"status-publish","4":"has-post-thumbnail","6":"product_cat-elektromotori","7":"product_cat-endura-max-2024","8":"product_cat-minn-kota-2024","10":"first","11":"instock","12":"taxable","13":"shipping-taxable","14":"purchasable","15":"product-type-simple"},"jetpack_sharing_enabled":true,"_links":{"self":[{"href":"https:\/\/shop.bushboats.com\/index.php\/wp-json\/wp\/v2\/product\/16694","targetHints":{"allow":["GET"]}}],"collection":[{"href":"https:\/\/shop.bushboats.com\/index.php\/wp-json\/wp\/v2\/product"}],"about":[{"href":"https:\/\/shop.bushboats.com\/index.php\/wp-json\/wp\/v2\/types\/product"}],"replies":[{"embeddable":true,"href":"https:\/\/shop.bushboats.com\/index.php\/wp-json\/wp\/v2\/comments?post=16694"}],"wp:featuredmedia":[{"embeddable":true,"href":"https:\/\/shop.bushboats.com\/index.php\/wp-json\/wp\/v2\/media\/16695"}],"wp:attachment":[{"href":"https:\/\/shop.bushboats.com\/index.php\/wp-json\/wp\/v2\/media?parent=16694"}],"wp:term":[{"taxonomy":"product_brand","embeddable":true,"href":"https:\/\/shop.bushboats.com\/index.php\/wp-json\/wp\/v2\/product_brand?post=16694"},{"taxonomy":"product_cat","embeddable":true,"href":"https:\/\/shop.bushboats.com\/index.php\/wp-json\/wp\/v2\/product_cat?post=16694"},{"taxonomy":"product_tag","embeddable":true,"href":"https:\/\/shop.bushboats.com\/index.php\/wp-json\/wp\/v2\/product_tag?post=16694"}],"curies":[{"name":"wp","href":"https:\/\/api.w.org\/{rel}","templated":true}]}}