{"id":16729,"date":"2024-02-16T12:06:19","date_gmt":"2024-02-16T10:06:19","guid":{"rendered":"https:\/\/shop.bushboats.com\/?post_type=product&#038;p=16729"},"modified":"2025-07-01T16:24:57","modified_gmt":"2025-07-01T13:24:57","slug":"minn-kota-endura-c2-34-w-battery-meter-36","status":"publish","type":"product","link":"https:\/\/shop.bushboats.com\/index.php\/produkts\/minn-kota-endura-c2-34-w-battery-meter-36\/","title":{"rendered":"MINN KOTA ENDURA C2 34 w\/ Battery Meter 30&#8243;"},"content":{"rendered":"<p>Laivu Endura C2 motoru nomain\u012bja Endura motori MinnKota elektromotoru kl\u0101st\u0101, kas paredz\u0113ti ilgsto\u0161ai un dro\u0161ai darb\u012bbai un aizsarg\u0101ti ar viena gada garantiju. Jaunums apvieno formas ide\u0101lu ar satura ide\u0101lu un iepriecin\u0101s j\u016bs ar katru izeju uz rezervu\u0101ru. Speci\u0101lais kompoz\u012btmateri\u0101ls, no kura tiek izgatavots stienis, nav saliektas, nesaliekas un nebaid\u0101s no ultravioletajiem stariem, kuru izm\u0113ri ir sp\u0113c\u012bg\u0101ki nek\u0101 t\u0113rauds, bet atsit\u0101s uz triecienu, nevis lau\u0161anu. Ergonomiskais teleskopiskais st\u016bre, kas stiepjas 15 centimetru att\u0101lum\u0101, padara laivu vad\u012bbu \u0113rtu un pat\u012bkamu.<\/p>\n<p>Specifik\u0101cija<\/p>\n<table class=\"table\">\n<tbody>\n<tr>\n<th>VILCES (LBS \/ KG)<\/th>\n<td>34<\/td>\n<\/tr>\n<tr>\n<th>STIE\u0145A GARUMS (&#8221;)<\/th>\n<td>36<\/td>\n<\/tr>\n<tr>\n<th>UZL\u0100DES INDIKATORS<\/th>\n<td>j\u0101<\/td>\n<\/tr>\n<tr>\n<th>SPRIEGUMS, V (DC)<\/th>\n<td>12<\/td>\n<\/tr>\n<\/tbody>\n<\/table>\n","protected":false},"excerpt":{"rendered":"<p>Laivu Endura C2 motoru nomain\u012bja Endura motori MinnKota elektromotoru kl\u0101st\u0101, kas paredz\u0113ti ilgsto\u0161ai un dro\u0161ai darb\u012bbai un aizsarg\u0101ti ar viena gada garantiju. Jaunums apvieno formas ide\u0101lu ar satura ide\u0101lu un iepriecin\u0101s j\u016bs ar katru izeju uz rezervu\u0101ru. Speci\u0101lais kompoz\u012btmateri\u0101ls, no kura tiek izgatavots stienis, nav saliektas, nesaliekas un nebaid\u0101s no ultravioletajiem stariem, kuru izm\u0113ri ir [&hellip;]<\/p>\n","protected":false},"featured_media":16730,"comment_status":"open","ping_status":"closed","template":"","meta":[],"product_brand":[],"product_cat":[707,719,710],"product_tag":[],"class_list":{"0":"post-16729","1":"product","2":"type-product","3":"status-publish","4":"has-post-thumbnail","6":"product_cat-elektromotori","7":"product_cat-endura-c2-2024","8":"product_cat-minn-kota-2024","10":"first","11":"instock","12":"taxable","13":"shipping-taxable","14":"purchasable","15":"product-type-simple"},"jetpack_sharing_enabled":true,"_links":{"self":[{"href":"https:\/\/shop.bushboats.com\/index.php\/wp-json\/wp\/v2\/product\/16729","targetHints":{"allow":["GET"]}}],"collection":[{"href":"https:\/\/shop.bushboats.com\/index.php\/wp-json\/wp\/v2\/product"}],"about":[{"href":"https:\/\/shop.bushboats.com\/index.php\/wp-json\/wp\/v2\/types\/product"}],"replies":[{"embeddable":true,"href":"https:\/\/shop.bushboats.com\/index.php\/wp-json\/wp\/v2\/comments?post=16729"}],"wp:featuredmedia":[{"embeddable":true,"href":"https:\/\/shop.bushboats.com\/index.php\/wp-json\/wp\/v2\/media\/16730"}],"wp:attachment":[{"href":"https:\/\/shop.bushboats.com\/index.php\/wp-json\/wp\/v2\/media?parent=16729"}],"wp:term":[{"taxonomy":"product_brand","embeddable":true,"href":"https:\/\/shop.bushboats.com\/index.php\/wp-json\/wp\/v2\/product_brand?post=16729"},{"taxonomy":"product_cat","embeddable":true,"href":"https:\/\/shop.bushboats.com\/index.php\/wp-json\/wp\/v2\/product_cat?post=16729"},{"taxonomy":"product_tag","embeddable":true,"href":"https:\/\/shop.bushboats.com\/index.php\/wp-json\/wp\/v2\/product_tag?post=16729"}],"curies":[{"name":"wp","href":"https:\/\/api.w.org\/{rel}","templated":true}]}}